{"id":898,"date":"2022-12-14T13:40:06","date_gmt":"2022-12-14T12:40:06","guid":{"rendered":"https:\/\/www.laurent-cuniot.com\/?page_id=898"},"modified":"2023-01-07T14:42:13","modified_gmt":"2023-01-07T13:42:13","slug":"dans-le-miroir-dalice-2","status":"publish","type":"page","link":"https:\/\/www.laurent-cuniot.com\/en\/dans-le-miroir-dalice-2\/","title":{"rendered":"Dans le miroir d\u2019Alice"},"content":{"rendered":"<p>[et_pb_section fb_built=&#8221;1&#8243; _builder_version=&#8221;4.18.0&#8243; _module_preset=&#8221;default&#8221; custom_padding=&#8221;20px||||false|false&#8221; animation_style=&#8221;fade&#8221; global_colors_info=&#8221;{}&#8221;][et_pb_row _builder_version=&#8221;4.18.0&#8243; _module_preset=&#8221;default&#8221; global_colors_info=&#8221;{}&#8221;][et_pb_column type=&#8221;4_4&#8243; _builder_version=&#8221;4.18.0&#8243; _module_preset=&#8221;default&#8221; global_colors_info=&#8221;{}&#8221;][et_pb_text _builder_version=&#8221;4.18.0&#8243; _module_preset=&#8221;default&#8221; global_colors_info=&#8221;{}&#8221;]<\/p>\n<div id=\"g1-content-area\">\n<div id=\"primary\">\n<div id=\"content\" role=\"main\">\n<article id=\"post-1939\" class=\"post-1939 page type-page status-publish hentry\">\n<header class=\"entry-header\">\n<hgroup>\n<h1 class=\"entry-title\">Dans le miroir d\u2019Alice<\/h1>\n<\/hgroup>\n<\/header>\n<\/article>\n<\/div>\n<\/div>\n<\/div>\n<p>[\/et_pb_text][\/et_pb_column][\/et_pb_row][et_pb_row column_structure=&#8221;2_3,1_3&#8243; _builder_version=&#8221;4.18.0&#8243; _module_preset=&#8221;default&#8221; custom_padding=&#8221;0px||||false|false&#8221; global_colors_info=&#8221;{}&#8221;][et_pb_column type=&#8221;2_3&#8243; _builder_version=&#8221;4.18.0&#8243; _module_preset=&#8221;default&#8221; global_colors_info=&#8221;{}&#8221;][et_pb_text _builder_version=&#8221;4.18.0&#8243; _module_preset=&#8221;default&#8221; global_colors_info=&#8221;{}&#8221; theme_builder_area=&#8221;post_content&#8221;]<\/p>\n<p style=\"text-align: right;\"><a href=\"https:\/\/www.laurent-cuniot.com\/en\/works\/\">Back to works<\/a><\/p>\n<p>[\/et_pb_text][\/et_pb_column][et_pb_column type=&#8221;1_3&#8243; _builder_version=&#8221;4.18.0&#8243; _module_preset=&#8221;default&#8221; global_colors_info=&#8221;{}&#8221;][et_pb_text _builder_version=&#8221;4.18.0&#8243; _module_preset=&#8221;default&#8221; header_line_height=&#8221;0em&#8221; header_4_line_height=&#8221;0em&#8221; custom_padding=&#8221;7px||||false|false&#8221; hover_enabled=&#8221;0&#8243; global_colors_info=&#8221;{}&#8221; sticky_enabled=&#8221;0&#8243;]<\/p>\n<h4>Voices and Instrumental Set<\/h4>\n<p>Mezzo-soprano et 2 vl, 2 clar, perc, gt, hpe<\/p>\n<p>&nbsp;<\/p>\n<h4>Text<\/h4>\n<p>Lewis Caroll<\/p>\n<p>&nbsp;<\/p>\n<h4>Timing<\/h4>\n<p>20 min<\/p>\n<p>&nbsp;<\/p>\n<h4>Date of creation<\/h4>\n<p>28\/05\/2014<br \/>Auditorium Kolt\u00e8s, Universit\u00e9 Paris X, Nanterre,<br \/>Sylvia Vadimova mezzo, \u00e9l\u00e8ves du CRC de Nanterre, ensemble TM+,<br \/>direction Laurent Cuniot<\/p>\n<p>&nbsp;<\/p>\n<h4>Sponsors<\/h4>\n<p>Ensemble TM+<\/p>\n<p>&nbsp;<\/p>\n<h4>Contacts<\/h4>\n<p>Laurent Cuniot. In\u00e9dit<\/p>\n<p>[\/et_pb_text][\/et_pb_column][\/et_pb_row][\/et_pb_section]<\/p>\n","protected":false},"excerpt":{"rendered":"<p>Dans le miroir d\u2019Alice Back to worksVoices and Instrumental Set Mezzo-soprano et 2 vl, 2 clar, perc, gt, hpe &nbsp; Text Lewis Caroll &nbsp; Timing 20 min &nbsp; Date of creation 28\/05\/2014Auditorium Kolt\u00e8s, Universit\u00e9 Paris X, Nanterre,Sylvia Vadimova mezzo, \u00e9l\u00e8ves du CRC de Nanterre, ensemble TM+,direction Laurent Cuniot &nbsp; Sponsors Ensemble TM+ &nbsp; Contacts Laurent [&hellip;]<\/p>\n","protected":false},"author":1,"featured_media":0,"parent":0,"menu_order":0,"comment_status":"closed","ping_status":"closed","template":"","meta":{"_et_pb_use_builder":"on","_et_pb_old_content":"<p>[et_pb_section fb_built=\"1\" _builder_version=\"4.18.0\" _module_preset=\"default\" custom_padding=\"20px||||false|false\" animation_style=\"fade\" global_colors_info=\"{}\" theme_builder_area=\"post_content\"][et_pb_row _builder_version=\"4.18.0\" _module_preset=\"default\" global_colors_info=\"{}\" theme_builder_area=\"post_content\"][et_pb_column type=\"4_4\" _builder_version=\"4.18.0\" _module_preset=\"default\" global_colors_info=\"{}\" theme_builder_area=\"post_content\"][et_pb_text _builder_version=\"4.18.0\" _module_preset=\"default\" hover_enabled=\"0\" global_colors_info=\"{}\" theme_builder_area=\"post_content\" sticky_enabled=\"0\"]<\/p><div id=\"g1-content-area\"><div id=\"primary\"><div id=\"content\" role=\"main\"><article id=\"post-1939\" class=\"post-1939 page type-page status-publish hentry\"><header class=\"entry-header\"><hgroup><h1 class=\"entry-title\">Dans le miroir d\u2019Alice<\/h1><\/hgroup><\/header><\/article><\/div><\/div><\/div><p>[\/et_pb_text][\/et_pb_column][\/et_pb_row][et_pb_row column_structure=\"2_3,1_3\" _builder_version=\"4.18.0\" _module_preset=\"default\" custom_padding=\"0px||||false|false\" global_colors_info=\"{}\" theme_builder_area=\"post_content\"][et_pb_column type=\"2_3\" _builder_version=\"4.18.0\" _module_preset=\"default\" global_colors_info=\"{}\" theme_builder_area=\"post_content\"][et_pb_text _builder_version=\"4.18.0\" _module_preset=\"default\" custom_margin=\"||32px|||\" custom_padding=\"0px|||||\" hover_enabled=\"0\" global_colors_info=\"{}\" theme_builder_area=\"post_content\" sticky_enabled=\"0\"]<\/p><h3 style=\"text-align: justify;\">NOTE D\u2019INTENTION<\/h3><p style=\"text-align: justify;\">Le metteur en sc\u00e8ne Miguel Borras et moi-m\u00eame avons souhait\u00e9 r\u00e9unir la classe th\u00e9\u00e2tre d\u2019un coll\u00e8ge, des \u00e9l\u00e8ves de conservatoire, une chanteuse et des musiciens particuli\u00e8rement aguerris au r\u00e9pertoire contemporain, afin de proposer une adaptation originale du texte de Lewis Carroll, o\u00f9 les questions du devenir et du grandir sont essentielles\u00a0: il nous a sembl\u00e9 opportun d\u2019y r\u00e9pondre en proposant une pi\u00e8ce o\u00f9 se c\u00f4toient jeunes et adultes, amateurs et professionnels.<\/p><p style=\"text-align: justify;\">La musique est pr\u00e9sente dans neuf des douze sc\u00e8nes, ouvre et conclut le spectacle.<\/p><p style=\"text-align: justify;\">La nomenclature (voix, deux violons, deux clarinettes, une percussion, une harpe, une guitare) a \u00e9t\u00e9 imagin\u00e9e \u00e0 la fois pour restituer les dimensions oniriques, d\u00e9cal\u00e9es, surr\u00e9alistes du texte de Lewis Carroll et pour permettre aux jeunes musiciens (1 violon, 1 clarinette, harpe et guitare) de s\u2019aventurer sur les chemins de la cr\u00e9ation encadr\u00e9s par leurs a\u00een\u00e9s.<\/p><p style=\"text-align: justify;\">Le projet musical vise \u00e0 concilier l\u2019homog\u00e9n\u00e9it\u00e9 du style et une diversit\u00e9 d\u2019expressions, d\u2019univers sonores qui \u00e9pousent le projet sc\u00e9nique.<\/p><p style=\"text-align: justify;\">Ainsi la dominante onirique et po\u00e9tique (port\u00e9e par les sonorit\u00e9s d\u2019un vibra prototype, qui inclut des lames en quart de ton, avec lequel fusionne les autres couleurs instrumentales), n\u2019exclut pas le passage par des comptines d\u00e9jant\u00e9es ou l\u2019\u00e9vocation de musique klezmer.<\/p><p style=\"text-align: justify;\">La chanteuse a un r\u00f4le central car elle cr\u00e9e le lien entre le texte port\u00e9 par les jeunes com\u00e9diens et l\u2019univers musical dont elle refl\u00e8te la versatilit\u00e9 par ses diverses vocalit\u00e9s.<\/p><p style=\"text-align: justify;\">Comme les instrumentistes, elle est dot\u00e9e d\u2019accessoires qui appuient dans certaines sc\u00e8nes les aspects loufoques du texte et apportent une fantaisie qui contribue au rythme d\u2019un spectacle dont la musique est un personnage \u00e0 part enti\u00e8re.<\/p><p>[\/et_pb_text][et_pb_text _builder_version=\"4.18.0\" _module_preset=\"default\" global_colors_info=\"{}\" theme_builder_area=\"post_content\"]<\/p><p style=\"text-align: right;\"><a href=\"https:\/\/www.laurent-cuniot.com\/index-des-oeuvres\/\">Retour \u00e0 l\u2019index des \u0153uvres<\/a><\/p><p>[\/et_pb_text][\/et_pb_column][et_pb_column type=\"1_3\" _builder_version=\"4.18.0\" _module_preset=\"default\" global_colors_info=\"{}\" theme_builder_area=\"post_content\"][et_pb_text _builder_version=\"4.18.0\" _module_preset=\"default\" header_line_height=\"0em\" header_4_line_height=\"0em\" custom_padding=\"7px||||false|false\" hover_enabled=\"0\" global_colors_info=\"{}\" theme_builder_area=\"post_content\" sticky_enabled=\"0\"]<\/p><h4>Effectif vocal et instrumental<\/h4><p>Mezzo-soprano et 2 vl, 2 clar, perc, gt, hpe<\/p><p>\u00a0<\/p><h4>Textes<\/h4><p>Lewis Caroll<\/p><p>\u00a0<\/p><h4>Dur\u00e9e<\/h4><p>20 min<\/p><p>\u00a0<\/p><h4>Cr\u00e9ation<\/h4><p>28\/05\/2014<br \/>Auditorium Kolt\u00e8s, Universit\u00e9 Paris X, Nanterre,<br \/>Sylvia Vadimova mezzo, \u00e9l\u00e8ves du CRC de Nanterre, ensemble TM+,<br \/>direction Laurent Cuniot<\/p><p>\u00a0<\/p><h4>Commanditaire<\/h4><p>Ensemble TM+<\/p><p>\u00a0<\/p><h4>Contacts<\/h4><p>Laurent Cuniot. In\u00e9dit<\/p><p>[\/et_pb_text][\/et_pb_column][\/et_pb_row][\/et_pb_section]<\/p>","_et_gb_content_width":"","footnotes":""},"class_list":["post-898","page","type-page","status-publish","hentry"],"yoast_head":"<!-- This site is optimized with the Yoast SEO plugin v27.4 - https:\/\/yoast.com\/product\/yoast-seo-wordpress\/ -->\n<title>Dans le miroir d\u2019Alice - Laurent Cuniot - Compositeur Chef d&#039;orchestre<\/title>\n<meta name=\"robots\" content=\"index, follow, max-snippet:-1, max-image-preview:large, max-video-preview:-1\" \/>\n<link rel=\"canonical\" href=\"https:\/\/www.laurent-cuniot.com\/en\/dans-le-miroir-dalice-2\/\" \/>\n<meta property=\"og:locale\" content=\"en_US\" \/>\n<meta property=\"og:type\" content=\"article\" \/>\n<meta property=\"og:title\" content=\"Dans le miroir d\u2019Alice - Laurent Cuniot - Compositeur Chef d&#039;orchestre\" \/>\n<meta property=\"og:description\" content=\"Dans le miroir d\u2019Alice Back to worksVoices and Instrumental Set Mezzo-soprano et 2 vl, 2 clar, perc, gt, hpe &nbsp; Text Lewis Caroll &nbsp; Timing 20 min &nbsp; Date of creation 28\/05\/2014Auditorium Kolt\u00e8s, Universit\u00e9 Paris X, Nanterre,Sylvia Vadimova mezzo, \u00e9l\u00e8ves du CRC de Nanterre, ensemble TM+,direction Laurent Cuniot &nbsp; Sponsors Ensemble TM+ &nbsp; Contacts Laurent [&hellip;]\" \/>\n<meta property=\"og:url\" content=\"https:\/\/www.laurent-cuniot.com\/en\/dans-le-miroir-dalice-2\/\" \/>\n<meta property=\"og:site_name\" content=\"Laurent Cuniot - Compositeur Chef d&#039;orchestre\" \/>\n<meta property=\"article:modified_time\" content=\"2023-01-07T13:42:13+00:00\" \/>\n<meta name=\"twitter:card\" content=\"summary_large_image\" \/>\n<meta name=\"twitter:label1\" content=\"Est. reading time\" \/>\n\t<meta name=\"twitter:data1\" content=\"3 minutes\" \/>\n<script type=\"application\/ld+json\" class=\"yoast-schema-graph\">{\"@context\":\"https:\\\/\\\/schema.org\",\"@graph\":[{\"@type\":\"WebPage\",\"@id\":\"https:\\\/\\\/www.laurent-cuniot.com\\\/en\\\/dans-le-miroir-dalice-2\\\/\",\"url\":\"https:\\\/\\\/www.laurent-cuniot.com\\\/en\\\/dans-le-miroir-dalice-2\\\/\",\"name\":\"Dans le miroir d\u2019Alice - Laurent Cuniot - Compositeur Chef d&#039;orchestre\",\"isPartOf\":{\"@id\":\"https:\\\/\\\/www.laurent-cuniot.com\\\/en\\\/#website\"},\"datePublished\":\"2022-12-14T12:40:06+00:00\",\"dateModified\":\"2023-01-07T13:42:13+00:00\",\"breadcrumb\":{\"@id\":\"https:\\\/\\\/www.laurent-cuniot.com\\\/en\\\/dans-le-miroir-dalice-2\\\/#breadcrumb\"},\"inLanguage\":\"en-US\",\"potentialAction\":[{\"@type\":\"ReadAction\",\"target\":[\"https:\\\/\\\/www.laurent-cuniot.com\\\/en\\\/dans-le-miroir-dalice-2\\\/\"]}]},{\"@type\":\"BreadcrumbList\",\"@id\":\"https:\\\/\\\/www.laurent-cuniot.com\\\/en\\\/dans-le-miroir-dalice-2\\\/#breadcrumb\",\"itemListElement\":[{\"@type\":\"ListItem\",\"position\":1,\"name\":\"Accueil\",\"item\":\"https:\\\/\\\/www.laurent-cuniot.com\\\/en\\\/\"},{\"@type\":\"ListItem\",\"position\":2,\"name\":\"Dans le miroir d\u2019Alice\"}]},{\"@type\":\"WebSite\",\"@id\":\"https:\\\/\\\/www.laurent-cuniot.com\\\/en\\\/#website\",\"url\":\"https:\\\/\\\/www.laurent-cuniot.com\\\/en\\\/\",\"name\":\"Laurent Cuniot - Compositeur Chef d&#039;orchestre\",\"description\":\"\",\"publisher\":{\"@id\":\"https:\\\/\\\/www.laurent-cuniot.com\\\/en\\\/#organization\"},\"potentialAction\":[{\"@type\":\"SearchAction\",\"target\":{\"@type\":\"EntryPoint\",\"urlTemplate\":\"https:\\\/\\\/www.laurent-cuniot.com\\\/en\\\/?s={search_term_string}\"},\"query-input\":{\"@type\":\"PropertyValueSpecification\",\"valueRequired\":true,\"valueName\":\"search_term_string\"}}],\"inLanguage\":\"en-US\"},{\"@type\":\"Organization\",\"@id\":\"https:\\\/\\\/www.laurent-cuniot.com\\\/en\\\/#organization\",\"name\":\"Laurent Cuniot - Compositeur Chef d&#039;orchestre\",\"url\":\"https:\\\/\\\/www.laurent-cuniot.com\\\/en\\\/\",\"logo\":{\"@type\":\"ImageObject\",\"inLanguage\":\"en-US\",\"@id\":\"https:\\\/\\\/www.laurent-cuniot.com\\\/en\\\/#\\\/schema\\\/logo\\\/image\\\/\",\"url\":\"https:\\\/\\\/www.laurent-cuniot.com\\\/wp-content\\\/uploads\\\/2022\\\/12\\\/Home2022-partition.jpg\",\"contentUrl\":\"https:\\\/\\\/www.laurent-cuniot.com\\\/wp-content\\\/uploads\\\/2022\\\/12\\\/Home2022-partition.jpg\",\"width\":1600,\"height\":900,\"caption\":\"Laurent Cuniot - Compositeur Chef d&#039;orchestre\"},\"image\":{\"@id\":\"https:\\\/\\\/www.laurent-cuniot.com\\\/en\\\/#\\\/schema\\\/logo\\\/image\\\/\"},\"sameAs\":[\"https:\\\/\\\/soundcloud.com\\\/laurent-cuniot\"]}]}<\/script>\n<!-- \/ Yoast SEO plugin. -->","yoast_head_json":{"title":"Dans le miroir d\u2019Alice - Laurent Cuniot - Compositeur Chef d&#039;orchestre","robots":{"index":"index","follow":"follow","max-snippet":"max-snippet:-1","max-image-preview":"max-image-preview:large","max-video-preview":"max-video-preview:-1"},"canonical":"https:\/\/www.laurent-cuniot.com\/en\/dans-le-miroir-dalice-2\/","og_locale":"en_US","og_type":"article","og_title":"Dans le miroir d\u2019Alice - Laurent Cuniot - Compositeur Chef d&#039;orchestre","og_description":"Dans le miroir d\u2019Alice Back to worksVoices and Instrumental Set Mezzo-soprano et 2 vl, 2 clar, perc, gt, hpe &nbsp; Text Lewis Caroll &nbsp; Timing 20 min &nbsp; Date of creation 28\/05\/2014Auditorium Kolt\u00e8s, Universit\u00e9 Paris X, Nanterre,Sylvia Vadimova mezzo, \u00e9l\u00e8ves du CRC de Nanterre, ensemble TM+,direction Laurent Cuniot &nbsp; Sponsors Ensemble TM+ &nbsp; Contacts Laurent [&hellip;]","og_url":"https:\/\/www.laurent-cuniot.com\/en\/dans-le-miroir-dalice-2\/","og_site_name":"Laurent Cuniot - Compositeur Chef d&#039;orchestre","article_modified_time":"2023-01-07T13:42:13+00:00","twitter_card":"summary_large_image","twitter_misc":{"Est. reading time":"3 minutes"},"schema":{"@context":"https:\/\/schema.org","@graph":[{"@type":"WebPage","@id":"https:\/\/www.laurent-cuniot.com\/en\/dans-le-miroir-dalice-2\/","url":"https:\/\/www.laurent-cuniot.com\/en\/dans-le-miroir-dalice-2\/","name":"Dans le miroir d\u2019Alice - Laurent Cuniot - Compositeur Chef d&#039;orchestre","isPartOf":{"@id":"https:\/\/www.laurent-cuniot.com\/en\/#website"},"datePublished":"2022-12-14T12:40:06+00:00","dateModified":"2023-01-07T13:42:13+00:00","breadcrumb":{"@id":"https:\/\/www.laurent-cuniot.com\/en\/dans-le-miroir-dalice-2\/#breadcrumb"},"inLanguage":"en-US","potentialAction":[{"@type":"ReadAction","target":["https:\/\/www.laurent-cuniot.com\/en\/dans-le-miroir-dalice-2\/"]}]},{"@type":"BreadcrumbList","@id":"https:\/\/www.laurent-cuniot.com\/en\/dans-le-miroir-dalice-2\/#breadcrumb","itemListElement":[{"@type":"ListItem","position":1,"name":"Accueil","item":"https:\/\/www.laurent-cuniot.com\/en\/"},{"@type":"ListItem","position":2,"name":"Dans le miroir d\u2019Alice"}]},{"@type":"WebSite","@id":"https:\/\/www.laurent-cuniot.com\/en\/#website","url":"https:\/\/www.laurent-cuniot.com\/en\/","name":"Laurent Cuniot - Compositeur Chef d&#039;orchestre","description":"","publisher":{"@id":"https:\/\/www.laurent-cuniot.com\/en\/#organization"},"potentialAction":[{"@type":"SearchAction","target":{"@type":"EntryPoint","urlTemplate":"https:\/\/www.laurent-cuniot.com\/en\/?s={search_term_string}"},"query-input":{"@type":"PropertyValueSpecification","valueRequired":true,"valueName":"search_term_string"}}],"inLanguage":"en-US"},{"@type":"Organization","@id":"https:\/\/www.laurent-cuniot.com\/en\/#organization","name":"Laurent Cuniot - Compositeur Chef d&#039;orchestre","url":"https:\/\/www.laurent-cuniot.com\/en\/","logo":{"@type":"ImageObject","inLanguage":"en-US","@id":"https:\/\/www.laurent-cuniot.com\/en\/#\/schema\/logo\/image\/","url":"https:\/\/www.laurent-cuniot.com\/wp-content\/uploads\/2022\/12\/Home2022-partition.jpg","contentUrl":"https:\/\/www.laurent-cuniot.com\/wp-content\/uploads\/2022\/12\/Home2022-partition.jpg","width":1600,"height":900,"caption":"Laurent Cuniot - Compositeur Chef d&#039;orchestre"},"image":{"@id":"https:\/\/www.laurent-cuniot.com\/en\/#\/schema\/logo\/image\/"},"sameAs":["https:\/\/soundcloud.com\/laurent-cuniot"]}]}},"_links":{"self":[{"href":"https:\/\/www.laurent-cuniot.com\/en\/wp-json\/wp\/v2\/pages\/898","targetHints":{"allow":["GET"]}}],"collection":[{"href":"https:\/\/www.laurent-cuniot.com\/en\/wp-json\/wp\/v2\/pages"}],"about":[{"href":"https:\/\/www.laurent-cuniot.com\/en\/wp-json\/wp\/v2\/types\/page"}],"author":[{"embeddable":true,"href":"https:\/\/www.laurent-cuniot.com\/en\/wp-json\/wp\/v2\/users\/1"}],"replies":[{"embeddable":true,"href":"https:\/\/www.laurent-cuniot.com\/en\/wp-json\/wp\/v2\/comments?post=898"}],"version-history":[{"count":3,"href":"https:\/\/www.laurent-cuniot.com\/en\/wp-json\/wp\/v2\/pages\/898\/revisions"}],"predecessor-version":[{"id":902,"href":"https:\/\/www.laurent-cuniot.com\/en\/wp-json\/wp\/v2\/pages\/898\/revisions\/902"}],"wp:attachment":[{"href":"https:\/\/www.laurent-cuniot.com\/en\/wp-json\/wp\/v2\/media?parent=898"}],"curies":[{"name":"wp","href":"https:\/\/api.w.org\/{rel}","templated":true}]}}