{"id":856,"date":"2022-12-14T11:19:33","date_gmt":"2022-12-14T10:19:33","guid":{"rendered":"https:\/\/www.laurent-cuniot.com\/?page_id=856"},"modified":"2023-01-07T14:22:19","modified_gmt":"2023-01-07T13:22:19","slug":"e-la-mezzanotte-libera-voli-2","status":"publish","type":"page","link":"https:\/\/www.laurent-cuniot.com\/en\/e-la-mezzanotte-libera-voli-2\/","title":{"rendered":"E la mezzanotte libera voli"},"content":{"rendered":"<p>[et_pb_section fb_built=&#8221;1&#8243; _builder_version=&#8221;4.18.0&#8243; _module_preset=&#8221;default&#8221; custom_padding=&#8221;20px||||false|false&#8221; animation_style=&#8221;fade&#8221; global_colors_info=&#8221;{}&#8221;][et_pb_row _builder_version=&#8221;4.18.0&#8243; _module_preset=&#8221;default&#8221; global_colors_info=&#8221;{}&#8221;][et_pb_column type=&#8221;4_4&#8243; _builder_version=&#8221;4.18.0&#8243; _module_preset=&#8221;default&#8221; global_colors_info=&#8221;{}&#8221;][et_pb_text _builder_version=&#8221;4.18.0&#8243; _module_preset=&#8221;default&#8221; global_colors_info=&#8221;{}&#8221;]<\/p>\n<div id=\"g1-content-area\">\n<div id=\"primary\">\n<div id=\"content\" role=\"main\">\n<article id=\"post-1939\" class=\"post-1939 page type-page status-publish hentry\">\n<header class=\"entry-header\">\n<hgroup>\n<h1 class=\"entry-title\">E la mezzanotte libera voli<\/h1>\n<\/hgroup>\n<\/header>\n<\/article>\n<\/div>\n<\/div>\n<\/div>\n<p>[\/et_pb_text][\/et_pb_column][\/et_pb_row][et_pb_row column_structure=&#8221;2_3,1_3&#8243; _builder_version=&#8221;4.18.0&#8243; _module_preset=&#8221;default&#8221; custom_padding=&#8221;0px||||false|false&#8221; global_colors_info=&#8221;{}&#8221;][et_pb_column type=&#8221;2_3&#8243; _builder_version=&#8221;4.18.0&#8243; _module_preset=&#8221;default&#8221; global_colors_info=&#8221;{}&#8221;][et_pb_text _builder_version=&#8221;4.18.0&#8243; _module_preset=&#8221;default&#8221; global_colors_info=&#8221;{}&#8221; theme_builder_area=&#8221;post_content&#8221;]<\/p>\n<p style=\"text-align: right;\"><a href=\"https:\/\/www.laurent-cuniot.com\/en\/works\/\">Back to works<\/a><\/p>\n<p>[\/et_pb_text][\/et_pb_column][et_pb_column type=&#8221;1_3&#8243; _builder_version=&#8221;4.18.0&#8243; _module_preset=&#8221;default&#8221; global_colors_info=&#8221;{}&#8221;][et_pb_text _builder_version=&#8221;4.18.0&#8243; _module_preset=&#8221;default&#8221; header_line_height=&#8221;0em&#8221; header_4_line_height=&#8221;0em&#8221; custom_padding=&#8221;7px||||false|false&#8221; hover_enabled=&#8221;0&#8243; global_colors_info=&#8221;{}&#8221; sticky_enabled=&#8221;0&#8243;]<\/p>\n<h4>Instrumental Set<\/h4>\n<p>Cor, trompette, trombone et vibraphone<\/p>\n<p>&nbsp;<\/p>\n<h4>Timing<\/h4>\n<p>13 min<\/p>\n<p>&nbsp;<\/p>\n<h4>Date of creation<\/h4>\n<p>01\/02\/13<br \/>Maison de la musique de Nanterre<br \/>Ensemble TM+, direction Laurent Cuniot.<\/p>\n<p>&nbsp;<\/p>\n<h4>Sponsors<\/h4>\n<p>Conservatoire National Sup\u00e9rieur de Musique de Paris<\/p>\n<p>&nbsp;<\/p>\n<h4>Contacts<\/h4>\n<p>Editions Billaudot<br \/>14 rue de l\u2019Echiquier &#8211; 75010 Paris<br \/>Tel : +33 (0)1 45 23 22 54<br \/><a href=\"http:\/\/www.billaudot.com\/fr\/index.php\" target=\"_blank\" rel=\"noopener\">www.billaudot.com<\/a><\/p>\n<p>[\/et_pb_text][\/et_pb_column][\/et_pb_row][\/et_pb_section]<\/p>\n","protected":false},"excerpt":{"rendered":"<p>E la mezzanotte libera voli Back to worksInstrumental Set Cor, trompette, trombone et vibraphone &nbsp; Timing 13 min &nbsp; Date of creation 01\/02\/13Maison de la musique de NanterreEnsemble TM+, direction Laurent Cuniot. &nbsp; Sponsors Conservatoire National Sup\u00e9rieur de Musique de Paris &nbsp; Contacts Editions Billaudot14 rue de l\u2019Echiquier &#8211; 75010 ParisTel : +33 (0)1 45 [&hellip;]<\/p>\n","protected":false},"author":1,"featured_media":0,"parent":0,"menu_order":0,"comment_status":"closed","ping_status":"closed","template":"","meta":{"_et_pb_use_builder":"on","_et_pb_old_content":"<p>[et_pb_section fb_built=\"1\" _builder_version=\"4.18.0\" _module_preset=\"default\" custom_padding=\"20px||||false|false\" animation_style=\"fade\" global_colors_info=\"{}\" theme_builder_area=\"post_content\"][et_pb_row _builder_version=\"4.18.0\" _module_preset=\"default\" global_colors_info=\"{}\" theme_builder_area=\"post_content\"][et_pb_column type=\"4_4\" _builder_version=\"4.18.0\" _module_preset=\"default\" global_colors_info=\"{}\" theme_builder_area=\"post_content\"][et_pb_text _builder_version=\"4.18.0\" _module_preset=\"default\" hover_enabled=\"0\" global_colors_info=\"{}\" theme_builder_area=\"post_content\" sticky_enabled=\"0\"]<\/p><div id=\"g1-content-area\"><div id=\"primary\"><div id=\"content\" role=\"main\"><article id=\"post-1939\" class=\"post-1939 page type-page status-publish hentry\"><header class=\"entry-header\"><hgroup><h1 class=\"entry-title\">E la mezzanotte libera voli<\/h1><\/hgroup><\/header><\/article><\/div><\/div><\/div><p>[\/et_pb_text][\/et_pb_column][\/et_pb_row][et_pb_row column_structure=\"2_3,1_3\" _builder_version=\"4.18.0\" _module_preset=\"default\" custom_padding=\"0px||||false|false\" global_colors_info=\"{}\" theme_builder_area=\"post_content\"][et_pb_column type=\"2_3\" _builder_version=\"4.18.0\" _module_preset=\"default\" global_colors_info=\"{}\" theme_builder_area=\"post_content\"][et_pb_text _builder_version=\"4.18.0\" _module_preset=\"default\" custom_padding=\"0px|||||\" hover_enabled=\"0\" global_colors_info=\"{}\" theme_builder_area=\"post_content\" sticky_enabled=\"0\"]<\/p><h3 style=\"text-align: justify;\">A PROPOS DE E LA MEZZANOTTE LIBERA VOLI par Didier Lamare<\/h3><p style=\"text-align: justify;\">\u00c0 la conduite de cette pi\u00e8ce, comme souvent chez le compositeur, il y a cela, qu\u2019on appellerait faussement une histoire et qu\u2019il renommerait dramaturgie \u2013 jeux de tension, gradation des \u00e9v\u00e9nements sonores, dialectique de l\u2019\u00e9criture.<\/p><p style=\"text-align: justify;\">Mais c\u2019est bien aussi, les histoires\u2026<\/p><p style=\"text-align: justify;\">Donc, il \u00e9tait une fois cela, dans la nuit constell\u00e9e d\u2019un vibraphone, le corps multiple d\u2019un trio de cuivres \u2013 trompette, cor, trombone \u2013 \u00e0 qui l\u2019on va demander de s\u2019imaginer bois\u2026 D\u2019assagir, pour un temps, la puissance et l\u2019\u00e9clat de leur nature pour faire entendre la densit\u00e9 des sons du dedans, la virtuosit\u00e9 secr\u00e8te des articulations. De contenir l\u2019\u00e9nergie dans les l\u00e8vres et le ventre pour mieux tendre les lignes aux limites de la rupture. C\u2019est curieux d\u2019ailleurs comme le langage commun se m\u00e9prend : aux vents, les trois interpr\u00e8tes jouent \u00ab en sourdine \u00bb \u2013 et tout au contraire d\u2019un chuchotement, c\u2019est une concentration en devenir, un mouvement vers ce qui va.<\/p><p style=\"text-align: justify;\">Donc, il \u00e9tait une nuit, et aussi un crescendo irr\u00e9pressible, une lib\u00e9ration patiente des dynamiques, une multiplication du vivant. Car il y a quelque chose de presque animal dans ce trio de cuivres, fr\u00e9missement de plumes rectrices et tension d\u2019os creux, et quelque chose d\u2019initiatique dans cette m\u00e9tamorphose d\u2019un corps musical qui va de l\u2019obscur \u00e0 l\u2019\u00e9clat. Le titre d\u2019ailleurs nous y emm\u00e8ne, tir\u00e9 de <em>Montedidio<\/em> d\u2019Erri de Luca, roman d\u2019initiation o\u00f9 l\u2019imaginaire se d\u00e9ploie comme les ailes secr\u00e8tes d\u2019un des personnages jusqu\u2019\u00e0 ce qu\u2019enfin \u00ab <em>minuit lib\u00e8re les vols<\/em> \u00bb\u2026<\/p><p style=\"text-align: justify;\">Vivant mouvement d\u00e9ploiement envol \u2013 le premier accent du vibraphone met en branle le r\u00e9seau subtil qui court sous la peau du nocturne, balancement de motifs et d\u2019accents qui s\u2019interp\u00e9n\u00e8trent, se croisent, roulent et se montent les uns sur les autres, hal\u00e8tement de s\u00e9quences qui s\u2019induisent et se d\u00e9duisent jusqu\u2019\u00e0 la lib\u00e9ration explosive de ce qui \u00e9tait endigu\u00e9. Le vibraphone, comme un clavier \u00e9clat\u00e9 en trois dimensions, mat\u00e9rialise les espaces harmoniques et ouvre des vertiges. Cascade, il entra\u00eene le flux sonore vers son climax ; tranchant, il plante des impacts sous les sourdines, alors que les cuivres \u2013 mobiles, rythmiques, textur\u00e9s \u2013 explorent ensemble le versant d\u2019une ascension, avec les m\u00eames outils que Miles Davis et la m\u00eame furie que John Coltrane.<\/p><p style=\"text-align: justify;\">Au bout, \u00e0 la lib\u00e9ration des vols, quand le flot du son se d\u00e9verse par del\u00e0 les contraintes, le subtil a pris forme ample et majestueuse, l\u2019obscur est devenu \u00e9clat, les cuivres brillent maintenant \u00e0 \u00e9blouir la nuit, la musique \u00ab <em>explose comme un crat\u00e8re, ouvre des pr\u00e9cipices<\/em> \u00bb \u2013 pour compl\u00e9ter la citation du titre.<\/p><p style=\"text-align: justify;\">Bien s\u00fbr, rien n\u2019est jamais vraiment aussi simple : dans le nocturne d\u00e9j\u00e0 des accents pleins trouaient le murmure ; l\u2019explosion lib\u00e9ratrice n\u2019est pas si univoque et massive, qui chez un autre aurait fait beau bouquet final, alors qu\u2019elle n\u2019est ici que l\u2019avant-derni\u00e8re m\u00e9tamorphose de la pi\u00e8ce. Comme une main visible, l\u2019aile ouverte vire et se replie, s\u2019\u00e9loigne peut-\u00eatre, la musique retourne de l\u2019\u00e9clat vers l\u2019obscur, comme s\u2019il fallait que la lib\u00e9ration des tensions induise \u00e0 nouveau l\u2019\u00e9tirement, la suspension, le silence.<\/p><p>[\/et_pb_text][et_pb_text _builder_version=\"4.18.0\" _module_preset=\"default\" global_colors_info=\"{}\" theme_builder_area=\"post_content\"]<\/p><p style=\"text-align: right;\"><a href=\"https:\/\/www.laurent-cuniot.com\/index-des-oeuvres\/\">Retour \u00e0 l\u2019index des \u0153uvres<\/a><\/p><p>[\/et_pb_text][\/et_pb_column][et_pb_column type=\"1_3\" _builder_version=\"4.18.0\" _module_preset=\"default\" global_colors_info=\"{}\" theme_builder_area=\"post_content\"][et_pb_text _builder_version=\"4.18.0\" _module_preset=\"default\" header_line_height=\"0em\" header_4_line_height=\"0em\" custom_padding=\"7px||||false|false\" hover_enabled=\"0\" global_colors_info=\"{}\" theme_builder_area=\"post_content\" sticky_enabled=\"0\"]<\/p><h4>Effectif instrumental<\/h4><p>Cor, trompette, trombone et vibraphone<\/p><p>\u00a0<\/p><h4>Dur\u00e9e<\/h4><p>13 min<\/p><p>\u00a0<\/p><h4>Cr\u00e9ation<\/h4><p>01\/02\/13<br \/>Maison de la musique de Nanterre<br \/>Ensemble TM+, direction Laurent Cuniot.<\/p><p>\u00a0<\/p><h4>Commanditaire<\/h4><p>Conservatoire National Sup\u00e9rieur de Musique de Paris<\/p><p>\u00a0<\/p><h4>Contacts<\/h4><p>Editions Billaudot<br \/>14 rue de l\u2019Echiquier - 75010 Paris<br \/>Tel : +33 (0)1 45 23 22 54<br \/><a href=\"http:\/\/www.billaudot.com\/fr\/index.php\" target=\"_blank\" rel=\"noopener\">www.billaudot.com<\/a><\/p><p>[\/et_pb_text][\/et_pb_column][\/et_pb_row][\/et_pb_section]<\/p>","_et_gb_content_width":"","footnotes":""},"class_list":["post-856","page","type-page","status-publish","hentry"],"yoast_head":"<!-- This site is optimized with the Yoast SEO plugin v27.4 - https:\/\/yoast.com\/product\/yoast-seo-wordpress\/ -->\n<title>E la mezzanotte libera voli - Laurent Cuniot - Compositeur Chef d&#039;orchestre<\/title>\n<meta name=\"robots\" content=\"index, follow, max-snippet:-1, max-image-preview:large, max-video-preview:-1\" \/>\n<link rel=\"canonical\" href=\"https:\/\/www.laurent-cuniot.com\/en\/e-la-mezzanotte-libera-voli-2\/\" \/>\n<meta property=\"og:locale\" content=\"en_US\" \/>\n<meta property=\"og:type\" content=\"article\" \/>\n<meta property=\"og:title\" content=\"E la mezzanotte libera voli - Laurent Cuniot - Compositeur Chef d&#039;orchestre\" \/>\n<meta property=\"og:description\" content=\"E la mezzanotte libera voli Back to worksInstrumental Set Cor, trompette, trombone et vibraphone &nbsp; Timing 13 min &nbsp; Date of creation 01\/02\/13Maison de la musique de NanterreEnsemble TM+, direction Laurent Cuniot. &nbsp; Sponsors Conservatoire National Sup\u00e9rieur de Musique de Paris &nbsp; Contacts Editions Billaudot14 rue de l\u2019Echiquier - 75010 ParisTel : +33 (0)1 45 [&hellip;]\" \/>\n<meta property=\"og:url\" content=\"https:\/\/www.laurent-cuniot.com\/en\/e-la-mezzanotte-libera-voli-2\/\" \/>\n<meta property=\"og:site_name\" content=\"Laurent Cuniot - Compositeur Chef d&#039;orchestre\" \/>\n<meta property=\"article:modified_time\" content=\"2023-01-07T13:22:19+00:00\" \/>\n<meta name=\"twitter:card\" content=\"summary_large_image\" \/>\n<meta name=\"twitter:label1\" content=\"Est. reading time\" \/>\n\t<meta name=\"twitter:data1\" content=\"4 minutes\" \/>\n<script type=\"application\/ld+json\" class=\"yoast-schema-graph\">{\"@context\":\"https:\\\/\\\/schema.org\",\"@graph\":[{\"@type\":\"WebPage\",\"@id\":\"https:\\\/\\\/www.laurent-cuniot.com\\\/en\\\/e-la-mezzanotte-libera-voli-2\\\/\",\"url\":\"https:\\\/\\\/www.laurent-cuniot.com\\\/en\\\/e-la-mezzanotte-libera-voli-2\\\/\",\"name\":\"E la mezzanotte libera voli - Laurent Cuniot - Compositeur Chef d&#039;orchestre\",\"isPartOf\":{\"@id\":\"https:\\\/\\\/www.laurent-cuniot.com\\\/en\\\/#website\"},\"datePublished\":\"2022-12-14T10:19:33+00:00\",\"dateModified\":\"2023-01-07T13:22:19+00:00\",\"breadcrumb\":{\"@id\":\"https:\\\/\\\/www.laurent-cuniot.com\\\/en\\\/e-la-mezzanotte-libera-voli-2\\\/#breadcrumb\"},\"inLanguage\":\"en-US\",\"potentialAction\":[{\"@type\":\"ReadAction\",\"target\":[\"https:\\\/\\\/www.laurent-cuniot.com\\\/en\\\/e-la-mezzanotte-libera-voli-2\\\/\"]}]},{\"@type\":\"BreadcrumbList\",\"@id\":\"https:\\\/\\\/www.laurent-cuniot.com\\\/en\\\/e-la-mezzanotte-libera-voli-2\\\/#breadcrumb\",\"itemListElement\":[{\"@type\":\"ListItem\",\"position\":1,\"name\":\"Accueil\",\"item\":\"https:\\\/\\\/www.laurent-cuniot.com\\\/en\\\/\"},{\"@type\":\"ListItem\",\"position\":2,\"name\":\"E la mezzanotte libera voli\"}]},{\"@type\":\"WebSite\",\"@id\":\"https:\\\/\\\/www.laurent-cuniot.com\\\/en\\\/#website\",\"url\":\"https:\\\/\\\/www.laurent-cuniot.com\\\/en\\\/\",\"name\":\"Laurent Cuniot - Compositeur Chef d&#039;orchestre\",\"description\":\"\",\"publisher\":{\"@id\":\"https:\\\/\\\/www.laurent-cuniot.com\\\/en\\\/#organization\"},\"potentialAction\":[{\"@type\":\"SearchAction\",\"target\":{\"@type\":\"EntryPoint\",\"urlTemplate\":\"https:\\\/\\\/www.laurent-cuniot.com\\\/en\\\/?s={search_term_string}\"},\"query-input\":{\"@type\":\"PropertyValueSpecification\",\"valueRequired\":true,\"valueName\":\"search_term_string\"}}],\"inLanguage\":\"en-US\"},{\"@type\":\"Organization\",\"@id\":\"https:\\\/\\\/www.laurent-cuniot.com\\\/en\\\/#organization\",\"name\":\"Laurent Cuniot - Compositeur Chef d&#039;orchestre\",\"url\":\"https:\\\/\\\/www.laurent-cuniot.com\\\/en\\\/\",\"logo\":{\"@type\":\"ImageObject\",\"inLanguage\":\"en-US\",\"@id\":\"https:\\\/\\\/www.laurent-cuniot.com\\\/en\\\/#\\\/schema\\\/logo\\\/image\\\/\",\"url\":\"https:\\\/\\\/www.laurent-cuniot.com\\\/wp-content\\\/uploads\\\/2022\\\/12\\\/Home2022-partition.jpg\",\"contentUrl\":\"https:\\\/\\\/www.laurent-cuniot.com\\\/wp-content\\\/uploads\\\/2022\\\/12\\\/Home2022-partition.jpg\",\"width\":1600,\"height\":900,\"caption\":\"Laurent Cuniot - Compositeur Chef d&#039;orchestre\"},\"image\":{\"@id\":\"https:\\\/\\\/www.laurent-cuniot.com\\\/en\\\/#\\\/schema\\\/logo\\\/image\\\/\"},\"sameAs\":[\"https:\\\/\\\/soundcloud.com\\\/laurent-cuniot\"]}]}<\/script>\n<!-- \/ Yoast SEO plugin. -->","yoast_head_json":{"title":"E la mezzanotte libera voli - Laurent Cuniot - Compositeur Chef d&#039;orchestre","robots":{"index":"index","follow":"follow","max-snippet":"max-snippet:-1","max-image-preview":"max-image-preview:large","max-video-preview":"max-video-preview:-1"},"canonical":"https:\/\/www.laurent-cuniot.com\/en\/e-la-mezzanotte-libera-voli-2\/","og_locale":"en_US","og_type":"article","og_title":"E la mezzanotte libera voli - Laurent Cuniot - Compositeur Chef d&#039;orchestre","og_description":"E la mezzanotte libera voli Back to worksInstrumental Set Cor, trompette, trombone et vibraphone &nbsp; Timing 13 min &nbsp; Date of creation 01\/02\/13Maison de la musique de NanterreEnsemble TM+, direction Laurent Cuniot. &nbsp; Sponsors Conservatoire National Sup\u00e9rieur de Musique de Paris &nbsp; Contacts Editions Billaudot14 rue de l\u2019Echiquier - 75010 ParisTel : +33 (0)1 45 [&hellip;]","og_url":"https:\/\/www.laurent-cuniot.com\/en\/e-la-mezzanotte-libera-voli-2\/","og_site_name":"Laurent Cuniot - Compositeur Chef d&#039;orchestre","article_modified_time":"2023-01-07T13:22:19+00:00","twitter_card":"summary_large_image","twitter_misc":{"Est. reading time":"4 minutes"},"schema":{"@context":"https:\/\/schema.org","@graph":[{"@type":"WebPage","@id":"https:\/\/www.laurent-cuniot.com\/en\/e-la-mezzanotte-libera-voli-2\/","url":"https:\/\/www.laurent-cuniot.com\/en\/e-la-mezzanotte-libera-voli-2\/","name":"E la mezzanotte libera voli - Laurent Cuniot - Compositeur Chef d&#039;orchestre","isPartOf":{"@id":"https:\/\/www.laurent-cuniot.com\/en\/#website"},"datePublished":"2022-12-14T10:19:33+00:00","dateModified":"2023-01-07T13:22:19+00:00","breadcrumb":{"@id":"https:\/\/www.laurent-cuniot.com\/en\/e-la-mezzanotte-libera-voli-2\/#breadcrumb"},"inLanguage":"en-US","potentialAction":[{"@type":"ReadAction","target":["https:\/\/www.laurent-cuniot.com\/en\/e-la-mezzanotte-libera-voli-2\/"]}]},{"@type":"BreadcrumbList","@id":"https:\/\/www.laurent-cuniot.com\/en\/e-la-mezzanotte-libera-voli-2\/#breadcrumb","itemListElement":[{"@type":"ListItem","position":1,"name":"Accueil","item":"https:\/\/www.laurent-cuniot.com\/en\/"},{"@type":"ListItem","position":2,"name":"E la mezzanotte libera voli"}]},{"@type":"WebSite","@id":"https:\/\/www.laurent-cuniot.com\/en\/#website","url":"https:\/\/www.laurent-cuniot.com\/en\/","name":"Laurent Cuniot - Compositeur Chef d&#039;orchestre","description":"","publisher":{"@id":"https:\/\/www.laurent-cuniot.com\/en\/#organization"},"potentialAction":[{"@type":"SearchAction","target":{"@type":"EntryPoint","urlTemplate":"https:\/\/www.laurent-cuniot.com\/en\/?s={search_term_string}"},"query-input":{"@type":"PropertyValueSpecification","valueRequired":true,"valueName":"search_term_string"}}],"inLanguage":"en-US"},{"@type":"Organization","@id":"https:\/\/www.laurent-cuniot.com\/en\/#organization","name":"Laurent Cuniot - Compositeur Chef d&#039;orchestre","url":"https:\/\/www.laurent-cuniot.com\/en\/","logo":{"@type":"ImageObject","inLanguage":"en-US","@id":"https:\/\/www.laurent-cuniot.com\/en\/#\/schema\/logo\/image\/","url":"https:\/\/www.laurent-cuniot.com\/wp-content\/uploads\/2022\/12\/Home2022-partition.jpg","contentUrl":"https:\/\/www.laurent-cuniot.com\/wp-content\/uploads\/2022\/12\/Home2022-partition.jpg","width":1600,"height":900,"caption":"Laurent Cuniot - Compositeur Chef d&#039;orchestre"},"image":{"@id":"https:\/\/www.laurent-cuniot.com\/en\/#\/schema\/logo\/image\/"},"sameAs":["https:\/\/soundcloud.com\/laurent-cuniot"]}]}},"_links":{"self":[{"href":"https:\/\/www.laurent-cuniot.com\/en\/wp-json\/wp\/v2\/pages\/856","targetHints":{"allow":["GET"]}}],"collection":[{"href":"https:\/\/www.laurent-cuniot.com\/en\/wp-json\/wp\/v2\/pages"}],"about":[{"href":"https:\/\/www.laurent-cuniot.com\/en\/wp-json\/wp\/v2\/types\/page"}],"author":[{"embeddable":true,"href":"https:\/\/www.laurent-cuniot.com\/en\/wp-json\/wp\/v2\/users\/1"}],"replies":[{"embeddable":true,"href":"https:\/\/www.laurent-cuniot.com\/en\/wp-json\/wp\/v2\/comments?post=856"}],"version-history":[{"count":3,"href":"https:\/\/www.laurent-cuniot.com\/en\/wp-json\/wp\/v2\/pages\/856\/revisions"}],"predecessor-version":[{"id":860,"href":"https:\/\/www.laurent-cuniot.com\/en\/wp-json\/wp\/v2\/pages\/856\/revisions\/860"}],"wp:attachment":[{"href":"https:\/\/www.laurent-cuniot.com\/en\/wp-json\/wp\/v2\/media?parent=856"}],"curies":[{"name":"wp","href":"https:\/\/api.w.org\/{rel}","templated":true}]}}