{"id":841,"date":"2022-12-14T11:02:49","date_gmt":"2022-12-14T10:02:49","guid":{"rendered":"https:\/\/www.laurent-cuniot.com\/?page_id=841"},"modified":"2023-01-07T14:14:39","modified_gmt":"2023-01-07T13:14:39","slug":"les-couleurs-silencieuses-hommage-a-vassily-kandinsky-2","status":"publish","type":"page","link":"https:\/\/www.laurent-cuniot.com\/en\/les-couleurs-silencieuses-hommage-a-vassily-kandinsky-2\/","title":{"rendered":"Les couleurs silencieuses \u2013 Hommage \u00e0 Vassily Kandinsky"},"content":{"rendered":"<p>[et_pb_section fb_built=&#8221;1&#8243; _builder_version=&#8221;4.18.0&#8243; _module_preset=&#8221;default&#8221; custom_padding=&#8221;20px||||false|false&#8221; animation_style=&#8221;fade&#8221; global_colors_info=&#8221;{}&#8221;][et_pb_row _builder_version=&#8221;4.18.0&#8243; _module_preset=&#8221;default&#8221; global_colors_info=&#8221;{}&#8221;][et_pb_column type=&#8221;4_4&#8243; _builder_version=&#8221;4.18.0&#8243; _module_preset=&#8221;default&#8221; global_colors_info=&#8221;{}&#8221;][et_pb_text _builder_version=&#8221;4.18.0&#8243; _module_preset=&#8221;default&#8221; global_colors_info=&#8221;{}&#8221;]<\/p>\n<div id=\"g1-content-area\">\n<div id=\"primary\">\n<div id=\"content\" role=\"main\">\n<article id=\"post-1939\" class=\"post-1939 page type-page status-publish hentry\">\n<header class=\"entry-header\">\n<hgroup>\n<h1 class=\"entry-title\">Les couleurs silencieuses \u2013 Hommage \u00e0 Vassily Kandinsky<\/h1>\n<\/hgroup>\n<\/header>\n<\/article>\n<\/div>\n<\/div>\n<\/div>\n<p>[\/et_pb_text][\/et_pb_column][\/et_pb_row][et_pb_row column_structure=&#8221;2_3,1_3&#8243; _builder_version=&#8221;4.18.0&#8243; _module_preset=&#8221;default&#8221; custom_padding=&#8221;0px||||false|false&#8221; global_colors_info=&#8221;{}&#8221;][et_pb_column type=&#8221;2_3&#8243; _builder_version=&#8221;4.18.0&#8243; _module_preset=&#8221;default&#8221; global_colors_info=&#8221;{}&#8221;][et_pb_text _builder_version=&#8221;4.18.0&#8243; _module_preset=&#8221;default&#8221; global_colors_info=&#8221;{}&#8221; theme_builder_area=&#8221;post_content&#8221;]<\/p>\n<p style=\"text-align: right;\"><a href=\"https:\/\/www.laurent-cuniot.com\/en\/works\/\">Back to works<\/a><\/p>\n<p>[\/et_pb_text][\/et_pb_column][et_pb_column type=&#8221;1_3&#8243; _builder_version=&#8221;4.18.0&#8243; _module_preset=&#8221;default&#8221; global_colors_info=&#8221;{}&#8221;][et_pb_image src=&#8221;https:\/\/www.laurent-cuniot.com\/wp-content\/uploads\/2022\/12\/wassily-kandinsky-pour-Les-couleurs-silencieuses2.jpg&#8221; title_text=&#8221;wassily-kandinsky-pour-Les-couleurs-silencieuses2&#8243; _builder_version=&#8221;4.18.0&#8243; _module_preset=&#8221;default&#8221; global_colors_info=&#8221;{}&#8221;][\/et_pb_image][et_pb_text _builder_version=&#8221;4.18.0&#8243; _module_preset=&#8221;default&#8221; header_line_height=&#8221;0em&#8221; header_4_line_height=&#8221;0em&#8221; custom_padding=&#8221;7px||||false|false&#8221; hover_enabled=&#8221;0&#8243; global_colors_info=&#8221;{}&#8221; sticky_enabled=&#8221;0&#8243;]<\/p>\n<h4>Instrumental Set<\/h4>\n<p>Fl\u00fbte (piccolo, fl\u00fbte en sol), clarinette (clarinette basse) et piano<\/p>\n<p>&nbsp;<\/p>\n<h4>Timing<\/h4>\n<p>17 min<\/p>\n<p>&nbsp;<\/p>\n<h4>Date of creation<\/h4>\n<p>02\/11\/2014<br \/>Ch\u00e2teau de la Roche-Guyon<br \/>Ensemble Zellig<\/p>\n<p>&nbsp;<\/p>\n<h4>Sponsors<\/h4>\n<p>Fondation Salabert-Ensemble Zellig<\/p>\n<p>&nbsp;<\/p>\n<h4>Contacts<\/h4>\n<p>Editions Billaudot<br \/>14 rue de l\u2019Echiquier &#8211; 75010 Paris<br \/>Tel : +33 (0)1 45 23 22 54<br \/><a href=\"http:\/\/www.billaudot.com\/fr\/index.php\" target=\"_blank\" rel=\"noopener\">www.billaudot.com<\/a><\/p>\n<p>[\/et_pb_text][\/et_pb_column][\/et_pb_row][\/et_pb_section]<\/p>\n","protected":false},"excerpt":{"rendered":"<p>Les couleurs silencieuses \u2013 Hommage \u00e0 Vassily Kandinsky Back to worksInstrumental Set Fl\u00fbte (piccolo, fl\u00fbte en sol), clarinette (clarinette basse) et piano &nbsp; Timing 17 min &nbsp; Date of creation 02\/11\/2014Ch\u00e2teau de la Roche-GuyonEnsemble Zellig &nbsp; Sponsors Fondation Salabert-Ensemble Zellig &nbsp; Contacts Editions Billaudot14 rue de l\u2019Echiquier &#8211; 75010 ParisTel : +33 (0)1 45 23 [&hellip;]<\/p>\n","protected":false},"author":1,"featured_media":0,"parent":0,"menu_order":0,"comment_status":"closed","ping_status":"closed","template":"","meta":{"_et_pb_use_builder":"on","_et_pb_old_content":"<p>[et_pb_section fb_built=\"1\" _builder_version=\"4.18.0\" _module_preset=\"default\" custom_padding=\"20px||||false|false\" animation_style=\"fade\" global_colors_info=\"{}\" theme_builder_area=\"post_content\"][et_pb_row _builder_version=\"4.18.0\" _module_preset=\"default\" global_colors_info=\"{}\" theme_builder_area=\"post_content\"][et_pb_column type=\"4_4\" _builder_version=\"4.18.0\" _module_preset=\"default\" global_colors_info=\"{}\" theme_builder_area=\"post_content\"][et_pb_text _builder_version=\"4.18.0\" _module_preset=\"default\" hover_enabled=\"0\" global_colors_info=\"{}\" theme_builder_area=\"post_content\" sticky_enabled=\"0\"]<\/p><div id=\"g1-content-area\"><div id=\"primary\"><div id=\"content\" role=\"main\"><article id=\"post-1939\" class=\"post-1939 page type-page status-publish hentry\"><header class=\"entry-header\"><hgroup><h1 class=\"entry-title\">Les couleurs silencieuses \u2013 Hommage \u00e0 Vassily Kandinsky<\/h1><\/hgroup><\/header><\/article><\/div><\/div><\/div><p>[\/et_pb_text][\/et_pb_column][\/et_pb_row][et_pb_row column_structure=\"2_3,1_3\" _builder_version=\"4.18.0\" _module_preset=\"default\" custom_padding=\"0px||||false|false\" global_colors_info=\"{}\" theme_builder_area=\"post_content\"][et_pb_column type=\"2_3\" _builder_version=\"4.18.0\" _module_preset=\"default\" global_colors_info=\"{}\" theme_builder_area=\"post_content\"][et_pb_text _builder_version=\"4.18.0\" _module_preset=\"default\" custom_padding=\"0px|||||\" hover_enabled=\"0\" global_colors_info=\"{}\" theme_builder_area=\"post_content\" sticky_enabled=\"0\"]<\/p><h3 style=\"text-align: justify;\">NOTE D\u2019INTENTION<\/h3><p style=\"text-align: justify;\">Kandinsky publie en 1926 un important ouvrage th\u00e9orique dans lequel il d\u00e9finit son langage pictural, tel qu\u2019il a donn\u00e9 corps \u00e0 l\u2019abstraction.<br \/>Dans une p\u00e9riode fascinante o\u00f9 l\u2019art se d\u00e9construit autant qu\u2019il reconstruit, les principaux acteurs des r\u00e9volutions artistiques manifestent le d\u00e9sir de faire entrer dans le calme distanci\u00e9 de la r\u00e9flexion th\u00e9orique le bouillonnement inventif qui les submerge.<br \/>Cette tension entre une volont\u00e9 farouche de rationnalit\u00e9 et l\u2019imagination cr\u00e9atrice qui ne cesse de lui \u00e9chapper, traverse toutes les pages de \u00ab\u00a0Point et ligne sur plan\u00a0\u00bb: elle est la source d\u2019inspiration de mon trio pour fl\u00fbte, clarinette et pianio \u00ab\u00a0Les couleurs silencieuses\u00a0\u00bb.<br \/>Le titre g\u00e9n\u00e9ral comme ceux des diff\u00e9rents mouvements qui s\u2019encha\u00eenent sans interruption, sont empreint\u00e9s textuellement \u00e0 l\u2019ouvrage de Kandinsky:<br \/>- Plan originel<br \/>- Ondul\u00e9es libres<br \/>- Calme chaud<br \/>- Vibrations color\u00e9es<br \/>- Rythmes primitifs<br \/>- Du lyrisme froid au drame br\u00fblant<\/p><p style=\"text-align: justify;\">Ils repr\u00e9sentent \u00e0 la fois l\u2019aspect dramaturgique de la forme et l\u2019identit\u00e9 de chacune de ses parties qui mettent sp\u00e9cifiquement en jeu les ressources sonores et expressives des trois instruments.<br \/>Ils refl\u00e8tent aussi la volont\u00e9 de Kandinsky, que je reprends compl\u00e8tement \u00e0 mon compte, de rendre sensible, de donner sens \u00e0 tous les \u00e9l\u00e9ments qui composent la nouvelle grammaire, fussent-ils les plus \u00e9l\u00e9mentaires (ou premier): le point pour le peintre, la note (avec ou sans hauteur) pour le compositeur. Ce qui permet d\u2019aspirer \u00e0 ouvrir de nouveaux horizons sans cesser de parler \u00e0 l\u2019\u00e2me du spectateur ou de l\u2019auditeur.<br \/>\u00ab\u00a0Les couleurs silencieuses\u00a0\u00bb sont d\u00e9di\u00e9es \u00e0 ma soeur Anne-C\u00e9cile Cuniot.<\/p><p style=\"text-align: justify;\">LC<\/p><p>\u00a0<\/p><p>[\/et_pb_text][et_pb_text _builder_version=\"4.18.0\" _module_preset=\"default\" global_colors_info=\"{}\" theme_builder_area=\"post_content\"]<\/p><p style=\"text-align: right;\"><a href=\"https:\/\/www.laurent-cuniot.com\/index-des-oeuvres\/\">Retour \u00e0 l\u2019index des \u0153uvres<\/a><\/p><p>[\/et_pb_text][\/et_pb_column][et_pb_column type=\"1_3\" _builder_version=\"4.18.0\" _module_preset=\"default\" global_colors_info=\"{}\" theme_builder_area=\"post_content\"][et_pb_image src=\"https:\/\/www.laurent-cuniot.com\/wp-content\/uploads\/2022\/12\/wassily-kandinsky-pour-Les-couleurs-silencieuses2.jpg\" _builder_version=\"4.18.0\" _module_preset=\"default\" theme_builder_area=\"post_content\" title_text=\"wassily-kandinsky-pour-Les-couleurs-silencieuses2\" hover_enabled=\"0\" sticky_enabled=\"0\"][\/et_pb_image][et_pb_text _builder_version=\"4.18.0\" _module_preset=\"default\" header_line_height=\"0em\" header_4_line_height=\"0em\" custom_padding=\"7px||||false|false\" hover_enabled=\"0\" global_colors_info=\"{}\" theme_builder_area=\"post_content\" sticky_enabled=\"0\"]<\/p><h4>Effectif instrumental<\/h4><p>Fl\u00fbte (piccolo, fl\u00fbte en sol), clarinette (clarinette basse) et piano<\/p><p>\u00a0<\/p><h4>Dur\u00e9e<\/h4><p>17 min<\/p><p>\u00a0<\/p><h4>Cr\u00e9ation<\/h4><p>02\/11\/2014<br \/>Ch\u00e2teau de la Roche-Guyon<br \/>Ensemble Zellig<\/p><p>\u00a0<\/p><h4>Commanditaire<\/h4><p>Fondation Salabert-Ensemble Zellig<\/p><p>\u00a0<\/p><h4>Contacts<\/h4><p>Editions Billaudot<br \/>14 rue de l\u2019Echiquier - 75010 Paris<br \/>Tel : +33 (0)1 45 23 22 54<br \/><a href=\"http:\/\/www.billaudot.com\/fr\/index.php\" target=\"_blank\" rel=\"noopener\">www.billaudot.com<\/a><\/p><p>[\/et_pb_text][\/et_pb_column][\/et_pb_row][\/et_pb_section]<\/p>","_et_gb_content_width":"","footnotes":""},"class_list":["post-841","page","type-page","status-publish","hentry"],"yoast_head":"<!-- This site is optimized with the Yoast SEO plugin v27.4 - https:\/\/yoast.com\/product\/yoast-seo-wordpress\/ -->\n<title>Les couleurs silencieuses \u2013 Hommage \u00e0 Vassily Kandinsky - Laurent Cuniot - Compositeur Chef d&#039;orchestre<\/title>\n<meta name=\"robots\" content=\"index, follow, max-snippet:-1, max-image-preview:large, max-video-preview:-1\" \/>\n<link rel=\"canonical\" href=\"https:\/\/www.laurent-cuniot.com\/en\/les-couleurs-silencieuses-hommage-a-vassily-kandinsky-2\/\" \/>\n<meta property=\"og:locale\" content=\"en_US\" \/>\n<meta property=\"og:type\" content=\"article\" \/>\n<meta property=\"og:title\" content=\"Les couleurs silencieuses \u2013 Hommage \u00e0 Vassily Kandinsky - Laurent Cuniot - Compositeur Chef d&#039;orchestre\" \/>\n<meta property=\"og:description\" content=\"Les couleurs silencieuses \u2013 Hommage \u00e0 Vassily Kandinsky Back to worksInstrumental Set Fl\u00fbte (piccolo, fl\u00fbte en sol), clarinette (clarinette basse) et piano &nbsp; Timing 17 min &nbsp; Date of creation 02\/11\/2014Ch\u00e2teau de la Roche-GuyonEnsemble Zellig &nbsp; Sponsors Fondation Salabert-Ensemble Zellig &nbsp; Contacts Editions Billaudot14 rue de l\u2019Echiquier - 75010 ParisTel : +33 (0)1 45 23 [&hellip;]\" \/>\n<meta property=\"og:url\" content=\"https:\/\/www.laurent-cuniot.com\/en\/les-couleurs-silencieuses-hommage-a-vassily-kandinsky-2\/\" \/>\n<meta property=\"og:site_name\" content=\"Laurent Cuniot - Compositeur Chef d&#039;orchestre\" \/>\n<meta property=\"article:modified_time\" content=\"2023-01-07T13:14:39+00:00\" \/>\n<meta name=\"twitter:card\" content=\"summary_large_image\" \/>\n<meta name=\"twitter:label1\" content=\"Est. reading time\" \/>\n\t<meta name=\"twitter:data1\" content=\"2 minutes\" \/>\n<script type=\"application\/ld+json\" class=\"yoast-schema-graph\">{\"@context\":\"https:\\\/\\\/schema.org\",\"@graph\":[{\"@type\":\"WebPage\",\"@id\":\"https:\\\/\\\/www.laurent-cuniot.com\\\/en\\\/les-couleurs-silencieuses-hommage-a-vassily-kandinsky-2\\\/\",\"url\":\"https:\\\/\\\/www.laurent-cuniot.com\\\/en\\\/les-couleurs-silencieuses-hommage-a-vassily-kandinsky-2\\\/\",\"name\":\"Les couleurs silencieuses \u2013 Hommage \u00e0 Vassily Kandinsky - Laurent Cuniot - Compositeur Chef d&#039;orchestre\",\"isPartOf\":{\"@id\":\"https:\\\/\\\/www.laurent-cuniot.com\\\/en\\\/#website\"},\"datePublished\":\"2022-12-14T10:02:49+00:00\",\"dateModified\":\"2023-01-07T13:14:39+00:00\",\"breadcrumb\":{\"@id\":\"https:\\\/\\\/www.laurent-cuniot.com\\\/en\\\/les-couleurs-silencieuses-hommage-a-vassily-kandinsky-2\\\/#breadcrumb\"},\"inLanguage\":\"en-US\",\"potentialAction\":[{\"@type\":\"ReadAction\",\"target\":[\"https:\\\/\\\/www.laurent-cuniot.com\\\/en\\\/les-couleurs-silencieuses-hommage-a-vassily-kandinsky-2\\\/\"]}]},{\"@type\":\"BreadcrumbList\",\"@id\":\"https:\\\/\\\/www.laurent-cuniot.com\\\/en\\\/les-couleurs-silencieuses-hommage-a-vassily-kandinsky-2\\\/#breadcrumb\",\"itemListElement\":[{\"@type\":\"ListItem\",\"position\":1,\"name\":\"Accueil\",\"item\":\"https:\\\/\\\/www.laurent-cuniot.com\\\/en\\\/\"},{\"@type\":\"ListItem\",\"position\":2,\"name\":\"Les couleurs silencieuses \u2013 Hommage \u00e0 Vassily Kandinsky\"}]},{\"@type\":\"WebSite\",\"@id\":\"https:\\\/\\\/www.laurent-cuniot.com\\\/en\\\/#website\",\"url\":\"https:\\\/\\\/www.laurent-cuniot.com\\\/en\\\/\",\"name\":\"Laurent Cuniot - Compositeur Chef d&#039;orchestre\",\"description\":\"\",\"publisher\":{\"@id\":\"https:\\\/\\\/www.laurent-cuniot.com\\\/en\\\/#organization\"},\"potentialAction\":[{\"@type\":\"SearchAction\",\"target\":{\"@type\":\"EntryPoint\",\"urlTemplate\":\"https:\\\/\\\/www.laurent-cuniot.com\\\/en\\\/?s={search_term_string}\"},\"query-input\":{\"@type\":\"PropertyValueSpecification\",\"valueRequired\":true,\"valueName\":\"search_term_string\"}}],\"inLanguage\":\"en-US\"},{\"@type\":\"Organization\",\"@id\":\"https:\\\/\\\/www.laurent-cuniot.com\\\/en\\\/#organization\",\"name\":\"Laurent Cuniot - Compositeur Chef d&#039;orchestre\",\"url\":\"https:\\\/\\\/www.laurent-cuniot.com\\\/en\\\/\",\"logo\":{\"@type\":\"ImageObject\",\"inLanguage\":\"en-US\",\"@id\":\"https:\\\/\\\/www.laurent-cuniot.com\\\/en\\\/#\\\/schema\\\/logo\\\/image\\\/\",\"url\":\"https:\\\/\\\/www.laurent-cuniot.com\\\/wp-content\\\/uploads\\\/2022\\\/12\\\/Home2022-partition.jpg\",\"contentUrl\":\"https:\\\/\\\/www.laurent-cuniot.com\\\/wp-content\\\/uploads\\\/2022\\\/12\\\/Home2022-partition.jpg\",\"width\":1600,\"height\":900,\"caption\":\"Laurent Cuniot - Compositeur Chef d&#039;orchestre\"},\"image\":{\"@id\":\"https:\\\/\\\/www.laurent-cuniot.com\\\/en\\\/#\\\/schema\\\/logo\\\/image\\\/\"},\"sameAs\":[\"https:\\\/\\\/soundcloud.com\\\/laurent-cuniot\"]}]}<\/script>\n<!-- \/ Yoast SEO plugin. -->","yoast_head_json":{"title":"Les couleurs silencieuses \u2013 Hommage \u00e0 Vassily Kandinsky - Laurent Cuniot - Compositeur Chef d&#039;orchestre","robots":{"index":"index","follow":"follow","max-snippet":"max-snippet:-1","max-image-preview":"max-image-preview:large","max-video-preview":"max-video-preview:-1"},"canonical":"https:\/\/www.laurent-cuniot.com\/en\/les-couleurs-silencieuses-hommage-a-vassily-kandinsky-2\/","og_locale":"en_US","og_type":"article","og_title":"Les couleurs silencieuses \u2013 Hommage \u00e0 Vassily Kandinsky - Laurent Cuniot - Compositeur Chef d&#039;orchestre","og_description":"Les couleurs silencieuses \u2013 Hommage \u00e0 Vassily Kandinsky Back to worksInstrumental Set Fl\u00fbte (piccolo, fl\u00fbte en sol), clarinette (clarinette basse) et piano &nbsp; Timing 17 min &nbsp; Date of creation 02\/11\/2014Ch\u00e2teau de la Roche-GuyonEnsemble Zellig &nbsp; Sponsors Fondation Salabert-Ensemble Zellig &nbsp; Contacts Editions Billaudot14 rue de l\u2019Echiquier - 75010 ParisTel : +33 (0)1 45 23 [&hellip;]","og_url":"https:\/\/www.laurent-cuniot.com\/en\/les-couleurs-silencieuses-hommage-a-vassily-kandinsky-2\/","og_site_name":"Laurent Cuniot - Compositeur Chef d&#039;orchestre","article_modified_time":"2023-01-07T13:14:39+00:00","twitter_card":"summary_large_image","twitter_misc":{"Est. reading time":"2 minutes"},"schema":{"@context":"https:\/\/schema.org","@graph":[{"@type":"WebPage","@id":"https:\/\/www.laurent-cuniot.com\/en\/les-couleurs-silencieuses-hommage-a-vassily-kandinsky-2\/","url":"https:\/\/www.laurent-cuniot.com\/en\/les-couleurs-silencieuses-hommage-a-vassily-kandinsky-2\/","name":"Les couleurs silencieuses \u2013 Hommage \u00e0 Vassily Kandinsky - Laurent Cuniot - Compositeur Chef d&#039;orchestre","isPartOf":{"@id":"https:\/\/www.laurent-cuniot.com\/en\/#website"},"datePublished":"2022-12-14T10:02:49+00:00","dateModified":"2023-01-07T13:14:39+00:00","breadcrumb":{"@id":"https:\/\/www.laurent-cuniot.com\/en\/les-couleurs-silencieuses-hommage-a-vassily-kandinsky-2\/#breadcrumb"},"inLanguage":"en-US","potentialAction":[{"@type":"ReadAction","target":["https:\/\/www.laurent-cuniot.com\/en\/les-couleurs-silencieuses-hommage-a-vassily-kandinsky-2\/"]}]},{"@type":"BreadcrumbList","@id":"https:\/\/www.laurent-cuniot.com\/en\/les-couleurs-silencieuses-hommage-a-vassily-kandinsky-2\/#breadcrumb","itemListElement":[{"@type":"ListItem","position":1,"name":"Accueil","item":"https:\/\/www.laurent-cuniot.com\/en\/"},{"@type":"ListItem","position":2,"name":"Les couleurs silencieuses \u2013 Hommage \u00e0 Vassily Kandinsky"}]},{"@type":"WebSite","@id":"https:\/\/www.laurent-cuniot.com\/en\/#website","url":"https:\/\/www.laurent-cuniot.com\/en\/","name":"Laurent Cuniot - Compositeur Chef d&#039;orchestre","description":"","publisher":{"@id":"https:\/\/www.laurent-cuniot.com\/en\/#organization"},"potentialAction":[{"@type":"SearchAction","target":{"@type":"EntryPoint","urlTemplate":"https:\/\/www.laurent-cuniot.com\/en\/?s={search_term_string}"},"query-input":{"@type":"PropertyValueSpecification","valueRequired":true,"valueName":"search_term_string"}}],"inLanguage":"en-US"},{"@type":"Organization","@id":"https:\/\/www.laurent-cuniot.com\/en\/#organization","name":"Laurent Cuniot - Compositeur Chef d&#039;orchestre","url":"https:\/\/www.laurent-cuniot.com\/en\/","logo":{"@type":"ImageObject","inLanguage":"en-US","@id":"https:\/\/www.laurent-cuniot.com\/en\/#\/schema\/logo\/image\/","url":"https:\/\/www.laurent-cuniot.com\/wp-content\/uploads\/2022\/12\/Home2022-partition.jpg","contentUrl":"https:\/\/www.laurent-cuniot.com\/wp-content\/uploads\/2022\/12\/Home2022-partition.jpg","width":1600,"height":900,"caption":"Laurent Cuniot - Compositeur Chef d&#039;orchestre"},"image":{"@id":"https:\/\/www.laurent-cuniot.com\/en\/#\/schema\/logo\/image\/"},"sameAs":["https:\/\/soundcloud.com\/laurent-cuniot"]}]}},"_links":{"self":[{"href":"https:\/\/www.laurent-cuniot.com\/en\/wp-json\/wp\/v2\/pages\/841","targetHints":{"allow":["GET"]}}],"collection":[{"href":"https:\/\/www.laurent-cuniot.com\/en\/wp-json\/wp\/v2\/pages"}],"about":[{"href":"https:\/\/www.laurent-cuniot.com\/en\/wp-json\/wp\/v2\/types\/page"}],"author":[{"embeddable":true,"href":"https:\/\/www.laurent-cuniot.com\/en\/wp-json\/wp\/v2\/users\/1"}],"replies":[{"embeddable":true,"href":"https:\/\/www.laurent-cuniot.com\/en\/wp-json\/wp\/v2\/comments?post=841"}],"version-history":[{"count":3,"href":"https:\/\/www.laurent-cuniot.com\/en\/wp-json\/wp\/v2\/pages\/841\/revisions"}],"predecessor-version":[{"id":845,"href":"https:\/\/www.laurent-cuniot.com\/en\/wp-json\/wp\/v2\/pages\/841\/revisions\/845"}],"wp:attachment":[{"href":"https:\/\/www.laurent-cuniot.com\/en\/wp-json\/wp\/v2\/media?parent=841"}],"curies":[{"name":"wp","href":"https:\/\/api.w.org\/{rel}","templated":true}]}}