{"id":812,"date":"2023-01-07T13:56:28","date_gmt":"2023-01-07T12:56:28","guid":{"rendered":"https:\/\/www.laurent-cuniot.com\/?page_id=812"},"modified":"2023-01-07T13:58:50","modified_gmt":"2023-01-07T12:58:50","slug":"solaires-version-de-chambre-2","status":"publish","type":"page","link":"https:\/\/www.laurent-cuniot.com\/en\/solaires-version-de-chambre-2\/","title":{"rendered":"Solaires, version de chambre"},"content":{"rendered":"<p>[et_pb_section fb_built=&#8221;1&#8243; _builder_version=&#8221;4.18.0&#8243; _module_preset=&#8221;default&#8221; custom_padding=&#8221;20px||||false|false&#8221; animation_style=&#8221;fade&#8221; global_colors_info=&#8221;{}&#8221;][et_pb_row _builder_version=&#8221;4.18.0&#8243; _module_preset=&#8221;default&#8221; global_colors_info=&#8221;{}&#8221;][et_pb_column type=&#8221;4_4&#8243; _builder_version=&#8221;4.18.0&#8243; _module_preset=&#8221;default&#8221; global_colors_info=&#8221;{}&#8221;][et_pb_text _builder_version=&#8221;4.18.0&#8243; _module_preset=&#8221;default&#8221; global_colors_info=&#8221;{}&#8221;]<\/p>\n<div id=\"g1-content-area\">\n<div id=\"primary\">\n<div id=\"content\" role=\"main\">\n<article id=\"post-1939\" class=\"post-1939 page type-page status-publish hentry\">\n<header class=\"entry-header\">\n<hgroup>\n<h1 class=\"entry-title\">Solaires, version de chambre<\/h1>\n<\/hgroup>\n<\/header>\n<\/article>\n<\/div>\n<\/div>\n<\/div>\n<p>[\/et_pb_text][\/et_pb_column][\/et_pb_row][et_pb_row column_structure=&#8221;2_3,1_3&#8243; _builder_version=&#8221;4.18.0&#8243; _module_preset=&#8221;default&#8221; custom_padding=&#8221;0px||||false|false&#8221; global_colors_info=&#8221;{}&#8221;][et_pb_column type=&#8221;2_3&#8243; _builder_version=&#8221;4.18.0&#8243; _module_preset=&#8221;default&#8221; global_colors_info=&#8221;{}&#8221;][et_pb_image src=&#8221;https:\/\/www.laurent-cuniot.com\/wp-content\/uploads\/2023\/01\/Solaires-chbre.jpg&#8221; _builder_version=&#8221;4.18.0&#8243; _module_preset=&#8221;default&#8221; title_text=&#8221;Solaires-chbre&#8221; align=&#8221;center&#8221; hover_enabled=&#8221;0&#8243; sticky_enabled=&#8221;0&#8243;][\/et_pb_image][et_pb_text _builder_version=&#8221;4.18.0&#8243; _module_preset=&#8221;default&#8221; global_colors_info=&#8221;{}&#8221; theme_builder_area=&#8221;post_content&#8221;]<\/p>\n<p style=\"text-align: right;\"><a href=\"https:\/\/www.laurent-cuniot.com\/en\/works\/\">Back to works<\/a><\/p>\n<p>[\/et_pb_text][\/et_pb_column][et_pb_column type=&#8221;1_3&#8243; _builder_version=&#8221;4.18.0&#8243; _module_preset=&#8221;default&#8221; global_colors_info=&#8221;{}&#8221;][et_pb_text _builder_version=&#8221;4.18.0&#8243; _module_preset=&#8221;default&#8221; header_line_height=&#8221;0em&#8221; header_4_line_height=&#8221;0em&#8221; custom_padding=&#8221;7px||||false|false&#8221; hover_enabled=&#8221;0&#8243; global_colors_info=&#8221;{}&#8221; sticky_enabled=&#8221;0&#8243;]<\/p>\n<h4>Instrumental Set<\/h4>\n<p>Fl(+flA).clar \/cor\/pno\/vibra\/vl.vlc<\/p>\n<p>&nbsp;<\/p>\n<h4>Timing<\/h4>\n<p>16 min<\/p>\n<p>&nbsp;<\/p>\n<h4>Date of creation<\/h4>\n<p>06\/11\/2001<br \/>Le Quartz, Brest<br \/>Ensemble TM+, direction Laurent Cuniot<\/p>\n<p>&nbsp;<\/p>\n<h4>Sponsors<\/h4>\n<p>Ensemble TM+<\/p>\n<p>&nbsp;<\/p>\n<h4>Contacts<\/h4>\n<p>Editions Billaudot<br \/>14 rue de l\u2019Echiquier &#8211; 75010 Paris<br \/>Tel : +33 (0)1 45 23 22 54<br \/><a href=\"http:\/\/www.billaudot.com\/fr\/index.php\" target=\"_blank\" rel=\"noopener\">www.billaudot.com<\/a><\/p>\n<p>&nbsp;<\/p>\n<h4>Partition<\/h4>\n<p><a href=\"https:\/\/www.laurent-cuniot.com\/wp-content\/uploads\/2022\/12\/Solaires-version-chambre-page-23.pdf\" rel=\"attachment noopener wp-att-396\" target=\"_blank\">Score Sample in PDF<\/a><\/p>\n<p>[\/et_pb_text][\/et_pb_column][\/et_pb_row][\/et_pb_section]<\/p>\n","protected":false},"excerpt":{"rendered":"<p>Solaires, version de chambre Back to worksInstrumental Set Fl(+flA).clar \/cor\/pno\/vibra\/vl.vlc &nbsp; Timing 16 min &nbsp; Date of creation 06\/11\/2001Le Quartz, BrestEnsemble TM+, direction Laurent Cuniot &nbsp; Sponsors Ensemble TM+ &nbsp; Contacts Editions Billaudot14 rue de l\u2019Echiquier &#8211; 75010 ParisTel : +33 (0)1 45 23 22 54www.billaudot.com &nbsp; Partition Score Sample in PDF<\/p>\n","protected":false},"author":1,"featured_media":0,"parent":0,"menu_order":0,"comment_status":"closed","ping_status":"closed","template":"","meta":{"_et_pb_use_builder":"on","_et_pb_old_content":"<p>[et_pb_section fb_built=\"1\" _builder_version=\"4.18.0\" _module_preset=\"default\" custom_padding=\"20px||||false|false\" animation_style=\"fade\" global_colors_info=\"{}\" theme_builder_area=\"post_content\"][et_pb_row _builder_version=\"4.18.0\" _module_preset=\"default\" global_colors_info=\"{}\" theme_builder_area=\"post_content\"][et_pb_column type=\"4_4\" _builder_version=\"4.18.0\" _module_preset=\"default\" global_colors_info=\"{}\" theme_builder_area=\"post_content\"][et_pb_text _builder_version=\"4.18.0\" _module_preset=\"default\" hover_enabled=\"0\" global_colors_info=\"{}\" theme_builder_area=\"post_content\" sticky_enabled=\"0\"]<\/p><div id=\"g1-content-area\"><div id=\"primary\"><div id=\"content\" role=\"main\"><article id=\"post-1939\" class=\"post-1939 page type-page status-publish hentry\"><header class=\"entry-header\"><hgroup><h1 class=\"entry-title\">Solaires, version de chambre<\/h1><\/hgroup><\/header><\/article><\/div><\/div><\/div><p>[\/et_pb_text][\/et_pb_column][\/et_pb_row][et_pb_row column_structure=\"2_3,1_3\" _builder_version=\"4.18.0\" _module_preset=\"default\" custom_padding=\"0px||||false|false\" global_colors_info=\"{}\" theme_builder_area=\"post_content\"][et_pb_column type=\"2_3\" _builder_version=\"4.18.0\" _module_preset=\"default\" global_colors_info=\"{}\" theme_builder_area=\"post_content\"][et_pb_text _builder_version=\"4.18.0\" _module_preset=\"default\" custom_padding=\"0px|||||\" hover_enabled=\"0\" global_colors_info=\"{}\" theme_builder_area=\"post_content\" sticky_enabled=\"0\"]<\/p><h3 style=\"text-align: justify;\">NOTE D\u2019INTENTION<\/h3><p style=\"text-align: justify;\"><img class=\"wp-image-393 alignleft size-full\" src=\"https:\/\/www.laurent-cuniot.com\/wp-content\/uploads\/2022\/12\/Solaires-chbre-231x300-1.jpg\" alt=\"\" width=\"231\" height=\"300\" \/>J\u2019ai \u00e9crit Solaires dans sa premi\u00e8re version en 1998. Cette \u0153uvre a \u00e9t\u00e9 con\u00e7ue pour sept instruments, dont une percussion particuli\u00e8rement importante, et un \u00ab orchestre \u00bb de haut-parleurs. J\u2019ai souhait\u00e9 faire une autre version de cette \u0153uvre \u00e0 la fois plus l\u00e9g\u00e8re en ce qui concerne le dispositif et plus lourde ou plus grave en ce qui concerne l\u2019expression.<\/p><p style=\"text-align: justify;\">J\u2019avais en premier lieu privil\u00e9gi\u00e9 la couleur, l\u2019\u00e9clat (d\u2019o\u00f9 le titre) que me permettaient l\u2019association des instruments \u00e0 l\u2019univers \u00e9lectroacoustique. J\u2019avais ouvert aussi d\u2019autres voies, sans doute plus introspectives, mais que je n\u2019avais pas suivies jusqu\u2019au bout. J\u2019ai voulu, avec cette nouvelle version, les reprendre et en mener leur exploration \u00e0 terme.<\/p><p style=\"text-align: justify;\">La version de chambre de Solaires se pr\u00e9sente avec la m\u00eame nomenclature instrumentale mais les percussions ont \u00e9t\u00e9 r\u00e9duites \u00e0 un vibraphone et deux gongs et j\u2019ai supprim\u00e9 le dispositif \u00e9lectroacoustique. Sa forme, plus ramass\u00e9e (16\u2019 au lieu de 25\u2019), est aussi plus contrast\u00e9e : on y passe plus rapidement du clair \u00e0 l\u2019obscur, du lumineux au trouble. L\u2019absence de sons \u00e9lectroacoustiques a \u00e9t\u00e9 compens\u00e9e par des artifices d\u2019orchestration et une plus grande pr\u00e9sence du piano. Les deux versions de Solaires sont d\u00e9di\u00e9es aux musiciens de TM+.<\/p><p>LC<\/p><p>[\/et_pb_text][et_pb_text _builder_version=\"4.18.0\" _module_preset=\"default\" global_colors_info=\"{}\" theme_builder_area=\"post_content\"]<\/p><p style=\"text-align: right;\"><a href=\"https:\/\/www.laurent-cuniot.com\/index-des-oeuvres\/\">Retour \u00e0 l\u2019index des \u0153uvres<\/a><\/p><p>[\/et_pb_text][\/et_pb_column][et_pb_column type=\"1_3\" _builder_version=\"4.18.0\" _module_preset=\"default\" global_colors_info=\"{}\" theme_builder_area=\"post_content\"][et_pb_text _builder_version=\"4.18.0\" _module_preset=\"default\" header_line_height=\"0em\" header_4_line_height=\"0em\" custom_padding=\"7px||||false|false\" hover_enabled=\"0\" global_colors_info=\"{}\" theme_builder_area=\"post_content\" sticky_enabled=\"0\"]<\/p><h4>Effectif instrumental<\/h4><p>Fl(+flA).clar \/cor\/pno\/vibra\/vl.vlc<\/p><p>\u00a0<\/p><h4>Dur\u00e9e<\/h4><p>16 min<\/p><p>\u00a0<\/p><h4>Cr\u00e9ation<\/h4><p>06\/11\/2001<br \/>Le Quartz, Brest<br \/>Ensemble TM+, direction Laurent Cuniot<\/p><p>\u00a0<\/p><h4>Commanditaire<\/h4><p>Ensemble TM+<\/p><p>\u00a0<\/p><h4>Contacts<\/h4><p>Editions Billaudot<br \/>14 rue de l\u2019Echiquier - 75010 Paris<br \/>Tel : +33 (0)1 45 23 22 54<br \/><a href=\"http:\/\/www.billaudot.com\/fr\/index.php\" target=\"_blank\" rel=\"noopener\">www.billaudot.com<\/a><\/p><p>\u00a0<\/p><h4>Partition<\/h4><p><a href=\"https:\/\/www.laurent-cuniot.com\/wp-content\/uploads\/2022\/12\/Solaires-version-chambre-page-23.pdf\" rel=\"attachment wp-att-396\">Voir un extrait de la partition<\/a><\/p><p>[\/et_pb_text][\/et_pb_column][\/et_pb_row][\/et_pb_section]<\/p>","_et_gb_content_width":"","footnotes":""},"class_list":["post-812","page","type-page","status-publish","hentry"],"yoast_head":"<!-- This site is optimized with the Yoast SEO plugin v27.4 - https:\/\/yoast.com\/product\/yoast-seo-wordpress\/ -->\n<title>Solaires, version de chambre - Laurent Cuniot - Compositeur Chef d&#039;orchestre<\/title>\n<meta name=\"robots\" content=\"index, follow, max-snippet:-1, max-image-preview:large, max-video-preview:-1\" \/>\n<link rel=\"canonical\" href=\"https:\/\/www.laurent-cuniot.com\/en\/solaires-version-de-chambre-2\/\" \/>\n<meta property=\"og:locale\" content=\"en_US\" \/>\n<meta property=\"og:type\" content=\"article\" \/>\n<meta property=\"og:title\" content=\"Solaires, version de chambre - Laurent Cuniot - Compositeur Chef d&#039;orchestre\" \/>\n<meta property=\"og:description\" content=\"Solaires, version de chambre Back to worksInstrumental Set Fl(+flA).clar \/cor\/pno\/vibra\/vl.vlc &nbsp; Timing 16 min &nbsp; Date of creation 06\/11\/2001Le Quartz, BrestEnsemble TM+, direction Laurent Cuniot &nbsp; Sponsors Ensemble TM+ &nbsp; Contacts Editions Billaudot14 rue de l\u2019Echiquier - 75010 ParisTel : +33 (0)1 45 23 22 54www.billaudot.com &nbsp; Partition Score Sample in PDF\" \/>\n<meta property=\"og:url\" content=\"https:\/\/www.laurent-cuniot.com\/en\/solaires-version-de-chambre-2\/\" \/>\n<meta property=\"og:site_name\" content=\"Laurent Cuniot - Compositeur Chef d&#039;orchestre\" \/>\n<meta property=\"article:modified_time\" content=\"2023-01-07T12:58:50+00:00\" \/>\n<meta name=\"twitter:card\" content=\"summary_large_image\" \/>\n<meta name=\"twitter:label1\" content=\"Est. reading time\" \/>\n\t<meta name=\"twitter:data1\" content=\"2 minutes\" \/>\n<script type=\"application\/ld+json\" class=\"yoast-schema-graph\">{\"@context\":\"https:\\\/\\\/schema.org\",\"@graph\":[{\"@type\":\"WebPage\",\"@id\":\"https:\\\/\\\/www.laurent-cuniot.com\\\/en\\\/solaires-version-de-chambre-2\\\/\",\"url\":\"https:\\\/\\\/www.laurent-cuniot.com\\\/en\\\/solaires-version-de-chambre-2\\\/\",\"name\":\"Solaires, version de chambre - Laurent Cuniot - Compositeur Chef d&#039;orchestre\",\"isPartOf\":{\"@id\":\"https:\\\/\\\/www.laurent-cuniot.com\\\/en\\\/#website\"},\"datePublished\":\"2023-01-07T12:56:28+00:00\",\"dateModified\":\"2023-01-07T12:58:50+00:00\",\"breadcrumb\":{\"@id\":\"https:\\\/\\\/www.laurent-cuniot.com\\\/en\\\/solaires-version-de-chambre-2\\\/#breadcrumb\"},\"inLanguage\":\"en-US\",\"potentialAction\":[{\"@type\":\"ReadAction\",\"target\":[\"https:\\\/\\\/www.laurent-cuniot.com\\\/en\\\/solaires-version-de-chambre-2\\\/\"]}]},{\"@type\":\"BreadcrumbList\",\"@id\":\"https:\\\/\\\/www.laurent-cuniot.com\\\/en\\\/solaires-version-de-chambre-2\\\/#breadcrumb\",\"itemListElement\":[{\"@type\":\"ListItem\",\"position\":1,\"name\":\"Accueil\",\"item\":\"https:\\\/\\\/www.laurent-cuniot.com\\\/en\\\/\"},{\"@type\":\"ListItem\",\"position\":2,\"name\":\"Solaires, version de chambre\"}]},{\"@type\":\"WebSite\",\"@id\":\"https:\\\/\\\/www.laurent-cuniot.com\\\/en\\\/#website\",\"url\":\"https:\\\/\\\/www.laurent-cuniot.com\\\/en\\\/\",\"name\":\"Laurent Cuniot - Compositeur Chef d&#039;orchestre\",\"description\":\"\",\"publisher\":{\"@id\":\"https:\\\/\\\/www.laurent-cuniot.com\\\/en\\\/#organization\"},\"potentialAction\":[{\"@type\":\"SearchAction\",\"target\":{\"@type\":\"EntryPoint\",\"urlTemplate\":\"https:\\\/\\\/www.laurent-cuniot.com\\\/en\\\/?s={search_term_string}\"},\"query-input\":{\"@type\":\"PropertyValueSpecification\",\"valueRequired\":true,\"valueName\":\"search_term_string\"}}],\"inLanguage\":\"en-US\"},{\"@type\":\"Organization\",\"@id\":\"https:\\\/\\\/www.laurent-cuniot.com\\\/en\\\/#organization\",\"name\":\"Laurent Cuniot - Compositeur Chef d&#039;orchestre\",\"url\":\"https:\\\/\\\/www.laurent-cuniot.com\\\/en\\\/\",\"logo\":{\"@type\":\"ImageObject\",\"inLanguage\":\"en-US\",\"@id\":\"https:\\\/\\\/www.laurent-cuniot.com\\\/en\\\/#\\\/schema\\\/logo\\\/image\\\/\",\"url\":\"https:\\\/\\\/www.laurent-cuniot.com\\\/wp-content\\\/uploads\\\/2022\\\/12\\\/Home2022-partition.jpg\",\"contentUrl\":\"https:\\\/\\\/www.laurent-cuniot.com\\\/wp-content\\\/uploads\\\/2022\\\/12\\\/Home2022-partition.jpg\",\"width\":1600,\"height\":900,\"caption\":\"Laurent Cuniot - Compositeur Chef d&#039;orchestre\"},\"image\":{\"@id\":\"https:\\\/\\\/www.laurent-cuniot.com\\\/en\\\/#\\\/schema\\\/logo\\\/image\\\/\"},\"sameAs\":[\"https:\\\/\\\/soundcloud.com\\\/laurent-cuniot\"]}]}<\/script>\n<!-- \/ Yoast SEO plugin. -->","yoast_head_json":{"title":"Solaires, version de chambre - Laurent Cuniot - Compositeur Chef d&#039;orchestre","robots":{"index":"index","follow":"follow","max-snippet":"max-snippet:-1","max-image-preview":"max-image-preview:large","max-video-preview":"max-video-preview:-1"},"canonical":"https:\/\/www.laurent-cuniot.com\/en\/solaires-version-de-chambre-2\/","og_locale":"en_US","og_type":"article","og_title":"Solaires, version de chambre - Laurent Cuniot - Compositeur Chef d&#039;orchestre","og_description":"Solaires, version de chambre Back to worksInstrumental Set Fl(+flA).clar \/cor\/pno\/vibra\/vl.vlc &nbsp; Timing 16 min &nbsp; Date of creation 06\/11\/2001Le Quartz, BrestEnsemble TM+, direction Laurent Cuniot &nbsp; Sponsors Ensemble TM+ &nbsp; Contacts Editions Billaudot14 rue de l\u2019Echiquier - 75010 ParisTel : +33 (0)1 45 23 22 54www.billaudot.com &nbsp; Partition Score Sample in PDF","og_url":"https:\/\/www.laurent-cuniot.com\/en\/solaires-version-de-chambre-2\/","og_site_name":"Laurent Cuniot - Compositeur Chef d&#039;orchestre","article_modified_time":"2023-01-07T12:58:50+00:00","twitter_card":"summary_large_image","twitter_misc":{"Est. reading time":"2 minutes"},"schema":{"@context":"https:\/\/schema.org","@graph":[{"@type":"WebPage","@id":"https:\/\/www.laurent-cuniot.com\/en\/solaires-version-de-chambre-2\/","url":"https:\/\/www.laurent-cuniot.com\/en\/solaires-version-de-chambre-2\/","name":"Solaires, version de chambre - Laurent Cuniot - Compositeur Chef d&#039;orchestre","isPartOf":{"@id":"https:\/\/www.laurent-cuniot.com\/en\/#website"},"datePublished":"2023-01-07T12:56:28+00:00","dateModified":"2023-01-07T12:58:50+00:00","breadcrumb":{"@id":"https:\/\/www.laurent-cuniot.com\/en\/solaires-version-de-chambre-2\/#breadcrumb"},"inLanguage":"en-US","potentialAction":[{"@type":"ReadAction","target":["https:\/\/www.laurent-cuniot.com\/en\/solaires-version-de-chambre-2\/"]}]},{"@type":"BreadcrumbList","@id":"https:\/\/www.laurent-cuniot.com\/en\/solaires-version-de-chambre-2\/#breadcrumb","itemListElement":[{"@type":"ListItem","position":1,"name":"Accueil","item":"https:\/\/www.laurent-cuniot.com\/en\/"},{"@type":"ListItem","position":2,"name":"Solaires, version de chambre"}]},{"@type":"WebSite","@id":"https:\/\/www.laurent-cuniot.com\/en\/#website","url":"https:\/\/www.laurent-cuniot.com\/en\/","name":"Laurent Cuniot - Compositeur Chef d&#039;orchestre","description":"","publisher":{"@id":"https:\/\/www.laurent-cuniot.com\/en\/#organization"},"potentialAction":[{"@type":"SearchAction","target":{"@type":"EntryPoint","urlTemplate":"https:\/\/www.laurent-cuniot.com\/en\/?s={search_term_string}"},"query-input":{"@type":"PropertyValueSpecification","valueRequired":true,"valueName":"search_term_string"}}],"inLanguage":"en-US"},{"@type":"Organization","@id":"https:\/\/www.laurent-cuniot.com\/en\/#organization","name":"Laurent Cuniot - Compositeur Chef d&#039;orchestre","url":"https:\/\/www.laurent-cuniot.com\/en\/","logo":{"@type":"ImageObject","inLanguage":"en-US","@id":"https:\/\/www.laurent-cuniot.com\/en\/#\/schema\/logo\/image\/","url":"https:\/\/www.laurent-cuniot.com\/wp-content\/uploads\/2022\/12\/Home2022-partition.jpg","contentUrl":"https:\/\/www.laurent-cuniot.com\/wp-content\/uploads\/2022\/12\/Home2022-partition.jpg","width":1600,"height":900,"caption":"Laurent Cuniot - Compositeur Chef d&#039;orchestre"},"image":{"@id":"https:\/\/www.laurent-cuniot.com\/en\/#\/schema\/logo\/image\/"},"sameAs":["https:\/\/soundcloud.com\/laurent-cuniot"]}]}},"_links":{"self":[{"href":"https:\/\/www.laurent-cuniot.com\/en\/wp-json\/wp\/v2\/pages\/812","targetHints":{"allow":["GET"]}}],"collection":[{"href":"https:\/\/www.laurent-cuniot.com\/en\/wp-json\/wp\/v2\/pages"}],"about":[{"href":"https:\/\/www.laurent-cuniot.com\/en\/wp-json\/wp\/v2\/types\/page"}],"author":[{"embeddable":true,"href":"https:\/\/www.laurent-cuniot.com\/en\/wp-json\/wp\/v2\/users\/1"}],"replies":[{"embeddable":true,"href":"https:\/\/www.laurent-cuniot.com\/en\/wp-json\/wp\/v2\/comments?post=812"}],"version-history":[{"count":3,"href":"https:\/\/www.laurent-cuniot.com\/en\/wp-json\/wp\/v2\/pages\/812\/revisions"}],"predecessor-version":[{"id":817,"href":"https:\/\/www.laurent-cuniot.com\/en\/wp-json\/wp\/v2\/pages\/812\/revisions\/817"}],"wp:attachment":[{"href":"https:\/\/www.laurent-cuniot.com\/en\/wp-json\/wp\/v2\/media?parent=812"}],"curies":[{"name":"wp","href":"https:\/\/api.w.org\/{rel}","templated":true}]}}