{"id":805,"date":"2023-01-07T13:52:39","date_gmt":"2023-01-07T12:52:39","guid":{"rendered":"https:\/\/www.laurent-cuniot.com\/?page_id=805"},"modified":"2023-01-07T13:54:37","modified_gmt":"2023-01-07T12:54:37","slug":"ombrae-4","status":"publish","type":"page","link":"https:\/\/www.laurent-cuniot.com\/en\/ombrae-4\/","title":{"rendered":"Ombrae"},"content":{"rendered":"<p>[et_pb_section fb_built=&#8221;1&#8243; _builder_version=&#8221;4.18.0&#8243; _module_preset=&#8221;default&#8221; custom_padding=&#8221;20px||||false|false&#8221; animation_style=&#8221;fade&#8221; global_colors_info=&#8221;{}&#8221;][et_pb_row _builder_version=&#8221;4.18.0&#8243; _module_preset=&#8221;default&#8221; global_colors_info=&#8221;{}&#8221;][et_pb_column type=&#8221;4_4&#8243; _builder_version=&#8221;4.18.0&#8243; _module_preset=&#8221;default&#8221; global_colors_info=&#8221;{}&#8221;][et_pb_text _builder_version=&#8221;4.18.0&#8243; _module_preset=&#8221;default&#8221; global_colors_info=&#8221;{}&#8221;]<\/p>\n<div id=\"g1-content-area\">\n<div id=\"primary\">\n<div id=\"content\" role=\"main\">\n<article id=\"post-1939\" class=\"post-1939 page type-page status-publish hentry\">\n<header class=\"entry-header\">\n<hgroup>\n<h1 class=\"entry-title\">Ombrae<\/h1>\n<\/hgroup>\n<\/header>\n<\/article>\n<\/div>\n<\/div>\n<\/div>\n<p>[\/et_pb_text][\/et_pb_column][\/et_pb_row][et_pb_row column_structure=&#8221;2_3,1_3&#8243; _builder_version=&#8221;4.18.0&#8243; _module_preset=&#8221;default&#8221; custom_padding=&#8221;0px||||false|false&#8221; global_colors_info=&#8221;{}&#8221;][et_pb_column type=&#8221;2_3&#8243; _builder_version=&#8221;4.18.0&#8243; _module_preset=&#8221;default&#8221; global_colors_info=&#8221;{}&#8221;][et_pb_image src=&#8221;https:\/\/www.laurent-cuniot.com\/wp-content\/uploads\/2023\/01\/CouvOmbrae.jpg&#8221; _builder_version=&#8221;4.18.0&#8243; _module_preset=&#8221;default&#8221; title_text=&#8221;CouvOmbrae&#8221; align=&#8221;center&#8221; hover_enabled=&#8221;0&#8243; sticky_enabled=&#8221;0&#8243;][\/et_pb_image][et_pb_code _builder_version=&#8221;4.18.0&#8243; _module_preset=&#8221;default&#8221; global_colors_info=&#8221;{}&#8221;]<iframe loading=\"lazy\" src=\"https:\/\/w.soundcloud.com\/player\/?url=https%3A\/\/api.soundcloud.com\/tracks\/1380081694&#038;color=%23ff5500&#038;auto_play=false&#038;hide_related=false&#038;show_comments=true&#038;show_user=true&#038;show_reposts=false&#038;show_teaser=true\" width=\"100%\" height=\"166\" frameborder=\"no\" scrolling=\"no\"><\/iframe><!-- [et_pb_line_break_holder] --><\/p>\n<div style=\"font-size: 10px; color: #cccccc; line-break: anywhere; word-break: normal; overflow: hidden; white-space: nowrap; text-overflow: ellipsis; font-family: Interstate,Lucida Grande,Lucida Sans Unicode,Lucida Sans,Garuda,Verdana,Tahoma,sans-serif; font-weight: 100;\"><a style=\"color: #cccccc; text-decoration: none;\" title=\"Laurent Cuniot\" href=\"https:\/\/soundcloud.com\/laurent-cuniot\" target=\"_blank\" rel=\"noopener\">Laurent Cuniot<\/a> \u00b7 <a style=\"color: #cccccc; text-decoration: none;\" title=\"Ombrae : Hautbois\/Cor anglais et 9 instruments\" href=\"https:\/\/soundcloud.com\/laurent-cuniot\/ombrae-hautboiscor-anglais-et-9-instruments\" target=\"_blank\" rel=\"noopener\">Ombrae : Hautbois\/Cor anglais et 9 instruments<\/a><\/div>\n<p><!-- [et_pb_line_break_holder] -->[\/et_pb_code][et_pb_text _builder_version=&#8221;4.18.0&#8243; _module_preset=&#8221;default&#8221; global_colors_info=&#8221;{}&#8221; theme_builder_area=&#8221;post_content&#8221;]<\/p>\n<p style=\"text-align: right;\"><a href=\"https:\/\/www.laurent-cuniot.com\/en\/works\/\">Back to works<\/a><\/p>\n<p>[\/et_pb_text][\/et_pb_column][et_pb_column type=&#8221;1_3&#8243; _builder_version=&#8221;4.18.0&#8243; _module_preset=&#8221;default&#8221; global_colors_info=&#8221;{}&#8221;][et_pb_image src=&#8221;https:\/\/www.laurent-cuniot.com\/wp-content\/uploads\/2022\/12\/ombrae.jpg&#8221; title_text=&#8221;ombrae&#8221; _builder_version=&#8221;4.18.0&#8243; _module_preset=&#8221;default&#8221; custom_padding=&#8221;||||true|false&#8221; global_colors_info=&#8221;{}&#8221;][\/et_pb_image][et_pb_text _builder_version=&#8221;4.18.0&#8243; _module_preset=&#8221;default&#8221; header_line_height=&#8221;0em&#8221; header_4_line_height=&#8221;0em&#8221; custom_padding=&#8221;7px||||false|false&#8221; hover_enabled=&#8221;0&#8243; global_colors_info=&#8221;{}&#8221; sticky_enabled=&#8221;0&#8243;]<\/p>\n<h4>Instrumental Set<\/h4>\n<p>Hbs(+ca) solo et 2fl (+picc-flA)\/2 cors\/ hpe (+tam)\/vl.vla.2vlc<\/p>\n<p>&nbsp;<\/p>\n<h4>Timing<\/h4>\n<p>20 min<\/p>\n<p>&nbsp;<\/p>\n<h4>Date of creation<\/h4>\n<p>19\/05\/2006<br \/>Maison de la musique de Nanterre<br \/>Jean-Pierre Arnaud hautbois, ensemble TM+, direction Laurent Cuniot.<\/p>\n<p>&nbsp;<\/p>\n<h4>Sponsors<\/h4>\n<p>Commande de l\u2019Etat, ensemble TM+<\/p>\n<p>&nbsp;<\/p>\n<h4>Contacts<\/h4>\n<p>Editions Billaudot<br \/>14 rue de l\u2019Echiquier &#8211; 75010 Paris<br \/>Tel : +33 (0)1 45 23 22 54<br \/><a href=\"http:\/\/www.billaudot.com\/fr\/index.php\" target=\"_blank\" rel=\"noopener\">www.billaudot.com<\/a><\/p>\n<p>[\/et_pb_text][\/et_pb_column][\/et_pb_row][\/et_pb_section]<\/p>\n","protected":false},"excerpt":{"rendered":"<p>Ombrae Back to worksInstrumental Set Hbs(+ca) solo et 2fl (+picc-flA)\/2 cors\/ hpe (+tam)\/vl.vla.2vlc &nbsp; Timing 20 min &nbsp; Date of creation 19\/05\/2006Maison de la musique de NanterreJean-Pierre Arnaud hautbois, ensemble TM+, direction Laurent Cuniot. &nbsp; Sponsors Commande de l\u2019Etat, ensemble TM+ &nbsp; Contacts Editions Billaudot14 rue de l\u2019Echiquier &#8211; 75010 ParisTel : +33 (0)1 45 [&hellip;]<\/p>\n","protected":false},"author":1,"featured_media":0,"parent":0,"menu_order":0,"comment_status":"closed","ping_status":"closed","template":"","meta":{"_et_pb_use_builder":"on","_et_pb_old_content":"<p>[et_pb_section fb_built=\"1\" _builder_version=\"4.18.0\" _module_preset=\"default\" custom_padding=\"20px||||false|false\" animation_style=\"fade\" global_colors_info=\"{}\"][et_pb_row _builder_version=\"4.18.0\" _module_preset=\"default\" global_colors_info=\"{}\"][et_pb_column type=\"4_4\" _builder_version=\"4.18.0\" _module_preset=\"default\" global_colors_info=\"{}\"][et_pb_text _builder_version=\"4.18.0\" _module_preset=\"default\" global_colors_info=\"{}\"]<\/p><div id=\"g1-content-area\"><div id=\"primary\"><div id=\"content\" role=\"main\"><article id=\"post-1939\" class=\"post-1939 page type-page status-publish hentry\"><header class=\"entry-header\"><hgroup><h1 class=\"entry-title\">Ombrae<\/h1><\/hgroup><\/header><\/article><\/div><\/div><\/div><p>[\/et_pb_text][\/et_pb_column][\/et_pb_row][et_pb_row column_structure=\"2_3,1_3\" _builder_version=\"4.18.0\" _module_preset=\"default\" custom_padding=\"0px||||false|false\" global_colors_info=\"{}\"][et_pb_column type=\"2_3\" _builder_version=\"4.18.0\" _module_preset=\"default\" global_colors_info=\"{}\"][et_pb_text _builder_version=\"4.18.0\" _module_preset=\"default\" custom_padding=\"0px|||||\" global_colors_info=\"{}\"]<\/p><h3 style=\"text-align: justify;\">NOTE D\u2019INTENTION<\/h3><p style=\"text-align: justify;\"><img class=\"wp-image-384 alignleft size-full\" src=\"https:\/\/www.laurent-cuniot.com\/wp-content\/uploads\/2022\/12\/CouvOmbrae-231x300-1.jpg\" alt=\"\" width=\"231\" height=\"300\" \/>L\u2019imagination et l\u2019\u00e9criture d\u2019Ombrae ont \u00e9t\u00e9 nourries par la personnalit\u00e9 du hautbo\u00efste Jean-Pierre Arnaud, les \u00ab\u00a0divagations\u00a0\u00bb po\u00e9tiques, historiques, philosophiques de Pascal Quignard, l\u2019incandescence des fantaisies pour violes compos\u00e9es par Purcell au cours de l\u2019\u00e9t\u00e9 1680.<\/p><p style=\"text-align: justify;\">Le compagnonnage que je poursuis avec Jean-Pierre Arnaud depuis plusieurs ann\u00e9es m\u2019a permis de mieux comprendre l\u2019essence de son instrument auquel les compositeurs d\u2019aujourd\u2019hui pr\u00e9f\u00e8rent g\u00e9n\u00e9ralement la clarinette. Celle-ci, que Schoenberg qualifiait d\u2019instrument de l\u2019avenir, fascine par l\u2019\u00e9tendue de sa tessiture, la souplesse de son timbre, son incroyable palette dynamique. Sur ces points le hautbois, comme le cor anglais, apparaissent moins performants. Mais la fragilit\u00e9 du roseau (l\u2019anche double) et l\u2019extraordinaire pression qu\u2019il requiert pour mettre en vibration le corps du hautbois conf\u00e8rent \u00e0 cet instrument une intensit\u00e9 expressive unique. Prise dans cet apparent paradoxe- une tension maximale pour d\u00e9livrer un son peu puissant mais tr\u00e8s p\u00e9n\u00e9trant- la phrase m\u00e9lodique du hautbois peut atteindre des vertus quasi m\u00e9taphysiques: celles de la beaut\u00e9 au bord du gouffre\u2026<\/p><p style=\"text-align: justify;\">Cette vision de l\u2019instrument sert le propos d\u2019Ombrae qui se veut \u00e0 la fois profond\u00e9ment introspectif et expressif. Mais comment concilier ce d\u00e9sir avec un langage musical construit sur l\u2019h\u00e9ritage des avant-gardes des derni\u00e8res d\u00e9cennies? A travers un regard sur le Purcell de l\u2019\u00e9t\u00e9 1680. Sur sa mani\u00e8re de s\u2019emparer du langage de son temps pour aller au plus profond de lui m\u00eame et livrer une \u0153uvre \u00e0 la fois simple et savante, bouleversante. Ombrae est un dialogue avec moi-m\u00eame, en miroir de la musique de Purcell, \u00e0 la recherche de l\u2019\u00e9motion musicale.<\/p><p style=\"text-align: justify;\">Comme souvent mon titre s\u2019inspire du travail de Pascal Quignard, en l\u2019occurrence \u00ab\u00a0Les ombres errantes\u00a0\u00bb. Je retrouve chez lui cette m\u00eame interrogation active du pass\u00e9 \u2013 \u00e0 travers ses auteurs et ses ma\u00eetres \u00e0 penser \u2013 qui nourrit son imaginaire comme ses r\u00e9flexions, et donne corps \u00e0 des ouvrages uniques, inclassables, o\u00f9 le romanesque, l\u2019histoire, la philosophie, la po\u00e9sie ne font qu\u2019un.<\/p><p>LC<\/p><p>[\/et_pb_text][et_pb_code _builder_version=\"4.18.0\" _module_preset=\"default\" hover_enabled=\"0\" sticky_enabled=\"0\"]<iframe src=\"https:\/\/w.soundcloud.com\/player\/?url=https%3A\/\/api.soundcloud.com\/tracks\/1380081694&color=%23ff5500&auto_play=false&hide_related=false&show_comments=true&show_user=true&show_reposts=false&show_teaser=true\" width=\"100%\" height=\"166\" frameborder=\"no\" scrolling=\"no\"><\/iframe><\/p><div style=\"font-size: 10px; color: #cccccc; line-break: anywhere; word-break: normal; overflow: hidden; white-space: nowrap; text-overflow: ellipsis; font-family: Interstate,Lucida Grande,Lucida Sans Unicode,Lucida Sans,Garuda,Verdana,Tahoma,sans-serif; font-weight: 100;\"><a style=\"color: #cccccc; text-decoration: none;\" title=\"Laurent Cuniot\" href=\"https:\/\/soundcloud.com\/laurent-cuniot\" target=\"_blank\" rel=\"noopener\">Laurent Cuniot<\/a> \u00b7 <a style=\"color: #cccccc; text-decoration: none;\" title=\"Ombrae : Hautbois\/Cor anglais et 9 instruments\" href=\"https:\/\/soundcloud.com\/laurent-cuniot\/ombrae-hautboiscor-anglais-et-9-instruments\" target=\"_blank\" rel=\"noopener\">Ombrae : Hautbois\/Cor anglais et 9 instruments<\/a><\/div><p>[\/et_pb_code][et_pb_text _builder_version=\"4.18.0\" _module_preset=\"default\" global_colors_info=\"{}\"]<\/p><p style=\"text-align: right;\"><a href=\"https:\/\/www.laurent-cuniot.com\/index-des-oeuvres\/\">Retour \u00e0 l\u2019index des \u0153uvres<\/a><\/p><p>[\/et_pb_text][\/et_pb_column][et_pb_column type=\"1_3\" _builder_version=\"4.18.0\" _module_preset=\"default\" global_colors_info=\"{}\"][et_pb_image src=\"https:\/\/www.laurent-cuniot.com\/wp-content\/uploads\/2022\/12\/ombrae.jpg\" title_text=\"ombrae\" _builder_version=\"4.18.0\" _module_preset=\"default\" custom_padding=\"||||true|false\" global_colors_info=\"{}\"][\/et_pb_image][et_pb_text _builder_version=\"4.18.0\" _module_preset=\"default\" header_line_height=\"0em\" header_4_line_height=\"0em\" custom_padding=\"7px||||false|false\" global_colors_info=\"{}\"]<\/p><h4>Effectif instrumental<\/h4><p>Hbs(+ca) solo et 2fl (+picc-flA)\/2 cors\/ hpe (+tam)\/vl.vla.2vlc<\/p><p>\u00a0<\/p><h4>Dur\u00e9e<\/h4><p>20 min<\/p><p>\u00a0<\/p><h4>Cr\u00e9ation<\/h4><p>19\/05\/2006<br \/>Maison de la musique de Nanterre<br \/>Jean-Pierre Arnaud hautbois, ensemble TM+, direction Laurent Cuniot.<\/p><p>\u00a0<\/p><h4>Commanditaire<\/h4><p>Commande de l\u2019Etat, ensemble TM+<\/p><p>\u00a0<\/p><h4>Contacts<\/h4><p>Editions Billaudot<br \/>14 rue de l\u2019Echiquier - 75010 Paris<br \/>Tel : +33 (0)1 45 23 22 54<br \/><a href=\"http:\/\/www.billaudot.com\/fr\/index.php\" target=\"_blank\" rel=\"noopener\">www.billaudot.com<\/a><\/p><p>[\/et_pb_text][\/et_pb_column][\/et_pb_row][\/et_pb_section]<\/p>","_et_gb_content_width":"","footnotes":""},"class_list":["post-805","page","type-page","status-publish","hentry"],"yoast_head":"<!-- This site is optimized with the Yoast SEO plugin v27.4 - https:\/\/yoast.com\/product\/yoast-seo-wordpress\/ -->\n<title>Ombrae - Laurent Cuniot - Compositeur Chef d&#039;orchestre<\/title>\n<meta name=\"robots\" content=\"index, follow, max-snippet:-1, max-image-preview:large, max-video-preview:-1\" \/>\n<link rel=\"canonical\" href=\"https:\/\/www.laurent-cuniot.com\/en\/ombrae-4\/\" \/>\n<meta property=\"og:locale\" content=\"en_US\" \/>\n<meta property=\"og:type\" content=\"article\" \/>\n<meta property=\"og:title\" content=\"Ombrae - Laurent Cuniot - Compositeur Chef d&#039;orchestre\" \/>\n<meta property=\"og:description\" content=\"Ombrae Back to worksInstrumental Set Hbs(+ca) solo et 2fl (+picc-flA)\/2 cors\/ hpe (+tam)\/vl.vla.2vlc &nbsp; Timing 20 min &nbsp; Date of creation 19\/05\/2006Maison de la musique de NanterreJean-Pierre Arnaud hautbois, ensemble TM+, direction Laurent Cuniot. &nbsp; Sponsors Commande de l\u2019Etat, ensemble TM+ &nbsp; Contacts Editions Billaudot14 rue de l\u2019Echiquier - 75010 ParisTel : +33 (0)1 45 [&hellip;]\" \/>\n<meta property=\"og:url\" content=\"https:\/\/www.laurent-cuniot.com\/en\/ombrae-4\/\" \/>\n<meta property=\"og:site_name\" content=\"Laurent Cuniot - Compositeur Chef d&#039;orchestre\" \/>\n<meta property=\"article:modified_time\" content=\"2023-01-07T12:54:37+00:00\" \/>\n<meta name=\"twitter:card\" content=\"summary_large_image\" \/>\n<meta name=\"twitter:label1\" content=\"Est. reading time\" \/>\n\t<meta name=\"twitter:data1\" content=\"3 minutes\" \/>\n<script type=\"application\/ld+json\" class=\"yoast-schema-graph\">{\"@context\":\"https:\\\/\\\/schema.org\",\"@graph\":[{\"@type\":\"WebPage\",\"@id\":\"https:\\\/\\\/www.laurent-cuniot.com\\\/en\\\/ombrae-4\\\/\",\"url\":\"https:\\\/\\\/www.laurent-cuniot.com\\\/en\\\/ombrae-4\\\/\",\"name\":\"Ombrae - Laurent Cuniot - Compositeur Chef d&#039;orchestre\",\"isPartOf\":{\"@id\":\"https:\\\/\\\/www.laurent-cuniot.com\\\/en\\\/#website\"},\"datePublished\":\"2023-01-07T12:52:39+00:00\",\"dateModified\":\"2023-01-07T12:54:37+00:00\",\"breadcrumb\":{\"@id\":\"https:\\\/\\\/www.laurent-cuniot.com\\\/en\\\/ombrae-4\\\/#breadcrumb\"},\"inLanguage\":\"en-US\",\"potentialAction\":[{\"@type\":\"ReadAction\",\"target\":[\"https:\\\/\\\/www.laurent-cuniot.com\\\/en\\\/ombrae-4\\\/\"]}]},{\"@type\":\"BreadcrumbList\",\"@id\":\"https:\\\/\\\/www.laurent-cuniot.com\\\/en\\\/ombrae-4\\\/#breadcrumb\",\"itemListElement\":[{\"@type\":\"ListItem\",\"position\":1,\"name\":\"Accueil\",\"item\":\"https:\\\/\\\/www.laurent-cuniot.com\\\/en\\\/\"},{\"@type\":\"ListItem\",\"position\":2,\"name\":\"Ombrae\"}]},{\"@type\":\"WebSite\",\"@id\":\"https:\\\/\\\/www.laurent-cuniot.com\\\/en\\\/#website\",\"url\":\"https:\\\/\\\/www.laurent-cuniot.com\\\/en\\\/\",\"name\":\"Laurent Cuniot - Compositeur Chef d&#039;orchestre\",\"description\":\"\",\"publisher\":{\"@id\":\"https:\\\/\\\/www.laurent-cuniot.com\\\/en\\\/#organization\"},\"potentialAction\":[{\"@type\":\"SearchAction\",\"target\":{\"@type\":\"EntryPoint\",\"urlTemplate\":\"https:\\\/\\\/www.laurent-cuniot.com\\\/en\\\/?s={search_term_string}\"},\"query-input\":{\"@type\":\"PropertyValueSpecification\",\"valueRequired\":true,\"valueName\":\"search_term_string\"}}],\"inLanguage\":\"en-US\"},{\"@type\":\"Organization\",\"@id\":\"https:\\\/\\\/www.laurent-cuniot.com\\\/en\\\/#organization\",\"name\":\"Laurent Cuniot - Compositeur Chef d&#039;orchestre\",\"url\":\"https:\\\/\\\/www.laurent-cuniot.com\\\/en\\\/\",\"logo\":{\"@type\":\"ImageObject\",\"inLanguage\":\"en-US\",\"@id\":\"https:\\\/\\\/www.laurent-cuniot.com\\\/en\\\/#\\\/schema\\\/logo\\\/image\\\/\",\"url\":\"https:\\\/\\\/www.laurent-cuniot.com\\\/wp-content\\\/uploads\\\/2022\\\/12\\\/Home2022-partition.jpg\",\"contentUrl\":\"https:\\\/\\\/www.laurent-cuniot.com\\\/wp-content\\\/uploads\\\/2022\\\/12\\\/Home2022-partition.jpg\",\"width\":1600,\"height\":900,\"caption\":\"Laurent Cuniot - Compositeur Chef d&#039;orchestre\"},\"image\":{\"@id\":\"https:\\\/\\\/www.laurent-cuniot.com\\\/en\\\/#\\\/schema\\\/logo\\\/image\\\/\"},\"sameAs\":[\"https:\\\/\\\/soundcloud.com\\\/laurent-cuniot\"]}]}<\/script>\n<!-- \/ Yoast SEO plugin. -->","yoast_head_json":{"title":"Ombrae - Laurent Cuniot - Compositeur Chef d&#039;orchestre","robots":{"index":"index","follow":"follow","max-snippet":"max-snippet:-1","max-image-preview":"max-image-preview:large","max-video-preview":"max-video-preview:-1"},"canonical":"https:\/\/www.laurent-cuniot.com\/en\/ombrae-4\/","og_locale":"en_US","og_type":"article","og_title":"Ombrae - Laurent Cuniot - Compositeur Chef d&#039;orchestre","og_description":"Ombrae Back to worksInstrumental Set Hbs(+ca) solo et 2fl (+picc-flA)\/2 cors\/ hpe (+tam)\/vl.vla.2vlc &nbsp; Timing 20 min &nbsp; Date of creation 19\/05\/2006Maison de la musique de NanterreJean-Pierre Arnaud hautbois, ensemble TM+, direction Laurent Cuniot. &nbsp; Sponsors Commande de l\u2019Etat, ensemble TM+ &nbsp; Contacts Editions Billaudot14 rue de l\u2019Echiquier - 75010 ParisTel : +33 (0)1 45 [&hellip;]","og_url":"https:\/\/www.laurent-cuniot.com\/en\/ombrae-4\/","og_site_name":"Laurent Cuniot - Compositeur Chef d&#039;orchestre","article_modified_time":"2023-01-07T12:54:37+00:00","twitter_card":"summary_large_image","twitter_misc":{"Est. reading time":"3 minutes"},"schema":{"@context":"https:\/\/schema.org","@graph":[{"@type":"WebPage","@id":"https:\/\/www.laurent-cuniot.com\/en\/ombrae-4\/","url":"https:\/\/www.laurent-cuniot.com\/en\/ombrae-4\/","name":"Ombrae - Laurent Cuniot - Compositeur Chef d&#039;orchestre","isPartOf":{"@id":"https:\/\/www.laurent-cuniot.com\/en\/#website"},"datePublished":"2023-01-07T12:52:39+00:00","dateModified":"2023-01-07T12:54:37+00:00","breadcrumb":{"@id":"https:\/\/www.laurent-cuniot.com\/en\/ombrae-4\/#breadcrumb"},"inLanguage":"en-US","potentialAction":[{"@type":"ReadAction","target":["https:\/\/www.laurent-cuniot.com\/en\/ombrae-4\/"]}]},{"@type":"BreadcrumbList","@id":"https:\/\/www.laurent-cuniot.com\/en\/ombrae-4\/#breadcrumb","itemListElement":[{"@type":"ListItem","position":1,"name":"Accueil","item":"https:\/\/www.laurent-cuniot.com\/en\/"},{"@type":"ListItem","position":2,"name":"Ombrae"}]},{"@type":"WebSite","@id":"https:\/\/www.laurent-cuniot.com\/en\/#website","url":"https:\/\/www.laurent-cuniot.com\/en\/","name":"Laurent Cuniot - Compositeur Chef d&#039;orchestre","description":"","publisher":{"@id":"https:\/\/www.laurent-cuniot.com\/en\/#organization"},"potentialAction":[{"@type":"SearchAction","target":{"@type":"EntryPoint","urlTemplate":"https:\/\/www.laurent-cuniot.com\/en\/?s={search_term_string}"},"query-input":{"@type":"PropertyValueSpecification","valueRequired":true,"valueName":"search_term_string"}}],"inLanguage":"en-US"},{"@type":"Organization","@id":"https:\/\/www.laurent-cuniot.com\/en\/#organization","name":"Laurent Cuniot - Compositeur Chef d&#039;orchestre","url":"https:\/\/www.laurent-cuniot.com\/en\/","logo":{"@type":"ImageObject","inLanguage":"en-US","@id":"https:\/\/www.laurent-cuniot.com\/en\/#\/schema\/logo\/image\/","url":"https:\/\/www.laurent-cuniot.com\/wp-content\/uploads\/2022\/12\/Home2022-partition.jpg","contentUrl":"https:\/\/www.laurent-cuniot.com\/wp-content\/uploads\/2022\/12\/Home2022-partition.jpg","width":1600,"height":900,"caption":"Laurent Cuniot - Compositeur Chef d&#039;orchestre"},"image":{"@id":"https:\/\/www.laurent-cuniot.com\/en\/#\/schema\/logo\/image\/"},"sameAs":["https:\/\/soundcloud.com\/laurent-cuniot"]}]}},"_links":{"self":[{"href":"https:\/\/www.laurent-cuniot.com\/en\/wp-json\/wp\/v2\/pages\/805","targetHints":{"allow":["GET"]}}],"collection":[{"href":"https:\/\/www.laurent-cuniot.com\/en\/wp-json\/wp\/v2\/pages"}],"about":[{"href":"https:\/\/www.laurent-cuniot.com\/en\/wp-json\/wp\/v2\/types\/page"}],"author":[{"embeddable":true,"href":"https:\/\/www.laurent-cuniot.com\/en\/wp-json\/wp\/v2\/users\/1"}],"replies":[{"embeddable":true,"href":"https:\/\/www.laurent-cuniot.com\/en\/wp-json\/wp\/v2\/comments?post=805"}],"version-history":[{"count":3,"href":"https:\/\/www.laurent-cuniot.com\/en\/wp-json\/wp\/v2\/pages\/805\/revisions"}],"predecessor-version":[{"id":810,"href":"https:\/\/www.laurent-cuniot.com\/en\/wp-json\/wp\/v2\/pages\/805\/revisions\/810"}],"wp:attachment":[{"href":"https:\/\/www.laurent-cuniot.com\/en\/wp-json\/wp\/v2\/media?parent=805"}],"curies":[{"name":"wp","href":"https:\/\/api.w.org\/{rel}","templated":true}]}}