{"id":797,"date":"2023-01-07T13:30:37","date_gmt":"2023-01-07T12:30:37","guid":{"rendered":"https:\/\/www.laurent-cuniot.com\/?page_id=797"},"modified":"2023-01-07T13:34:25","modified_gmt":"2023-01-07T12:34:25","slug":"to-deep-and-deeper-blue-3","status":"publish","type":"page","link":"https:\/\/www.laurent-cuniot.com\/en\/to-deep-and-deeper-blue-3\/","title":{"rendered":"To deep and deeper blue"},"content":{"rendered":"<p>[et_pb_section fb_built=&#8221;1&#8243; _builder_version=&#8221;4.18.0&#8243; _module_preset=&#8221;default&#8221; custom_padding=&#8221;20px||||false|false&#8221; animation_style=&#8221;fade&#8221; global_colors_info=&#8221;{}&#8221;][et_pb_row _builder_version=&#8221;4.18.0&#8243; _module_preset=&#8221;default&#8221; global_colors_info=&#8221;{}&#8221;][et_pb_column type=&#8221;4_4&#8243; _builder_version=&#8221;4.18.0&#8243; _module_preset=&#8221;default&#8221; global_colors_info=&#8221;{}&#8221;][et_pb_text _builder_version=&#8221;4.18.0&#8243; _module_preset=&#8221;default&#8221; global_colors_info=&#8221;{}&#8221;]<\/p>\n<div id=\"g1-content-area\">\n<div id=\"primary\">\n<div id=\"content\" role=\"main\">\n<article id=\"post-1939\" class=\"post-1939 page type-page status-publish hentry\">\n<header class=\"entry-header\">\n<hgroup>\n<h1 class=\"entry-title\">To deep and deeper blue<\/h1>\n<\/hgroup>\n<\/header>\n<\/article>\n<\/div>\n<\/div>\n<\/div>\n<p>[\/et_pb_text][\/et_pb_column][\/et_pb_row][et_pb_row column_structure=&#8221;2_3,1_3&#8243; _builder_version=&#8221;4.18.0&#8243; _module_preset=&#8221;default&#8221; custom_padding=&#8221;0px||||false|false&#8221; global_colors_info=&#8221;{}&#8221;][et_pb_column type=&#8221;2_3&#8243; _builder_version=&#8221;4.18.0&#8243; _module_preset=&#8221;default&#8221; global_colors_info=&#8221;{}&#8221;][et_pb_image src=&#8221;https:\/\/www.laurent-cuniot.com\/wp-content\/uploads\/2023\/01\/To-deep-and-deeper-blue.jpg&#8221; _builder_version=&#8221;4.18.0&#8243; _module_preset=&#8221;default&#8221; title_text=&#8221;To-deep-and-deeper-blue&#8221; align=&#8221;center&#8221; hover_enabled=&#8221;0&#8243; sticky_enabled=&#8221;0&#8243; custom_padding=&#8221;||||false|false&#8221;][\/et_pb_image][et_pb_audio audio=&#8221;https:\/\/www.laurent-cuniot.com\/wp-content\/uploads\/2022\/12\/Todeepanddeeperblue.mp3&#8243; title=&#8221;Audio Examples&#8221; _builder_version=&#8221;4.18.0&#8243; _module_preset=&#8221;default&#8221; hover_enabled=&#8221;0&#8243; global_colors_info=&#8221;{}&#8221; sticky_enabled=&#8221;0&#8243;][\/et_pb_audio][et_pb_text _builder_version=&#8221;4.18.0&#8243; _module_preset=&#8221;default&#8221; global_colors_info=&#8221;{}&#8221; theme_builder_area=&#8221;post_content&#8221;]<\/p>\n<p style=\"text-align: right;\"><a href=\"https:\/\/www.laurent-cuniot.com\/en\/works\/\">Back to works<\/a><\/p>\n<p>[\/et_pb_text][\/et_pb_column][et_pb_column type=&#8221;1_3&#8243; _builder_version=&#8221;4.18.0&#8243; _module_preset=&#8221;default&#8221; global_colors_info=&#8221;{}&#8221;][et_pb_image src=&#8221;https:\/\/www.laurent-cuniot.com\/wp-content\/uploads\/2022\/12\/Todeepanddeeperblue.jpg&#8221; title_text=&#8221;Todeepanddeeperblue&#8221; _builder_version=&#8221;4.18.0&#8243; _module_preset=&#8221;default&#8221; custom_margin=&#8221;|40px||40px|false|true&#8221; custom_padding=&#8221;||||true|false&#8221; global_colors_info=&#8221;{}&#8221;][\/et_pb_image][et_pb_text _builder_version=&#8221;4.18.0&#8243; _module_preset=&#8221;default&#8221; header_line_height=&#8221;0em&#8221; header_4_line_height=&#8221;0em&#8221; custom_padding=&#8221;7px||||false|false&#8221; hover_enabled=&#8221;0&#8243; global_colors_info=&#8221;{}&#8221; sticky_enabled=&#8221;0&#8243;]<\/p>\n<h4>Instrumental Set<\/h4>\n<p>Fl.clar (+basse).hbs (+ca)\/ pno\/vibra\/vl.vla.vlc<\/p>\n<p>&nbsp;<\/p>\n<h4>Timing<\/h4>\n<p>23 min<\/p>\n<p>&nbsp;<\/p>\n<h4>Date of creation<\/h4>\n<p>10\/03\/10<br \/>CRR de Paris, auditorium Marcel Landowski<br \/>Ensemble Court-Circuit, direction Jean Deroyer.<\/p>\n<p>&nbsp;<\/p>\n<h4>Sponsors<\/h4>\n<p>Commande de l\u2019Etat, ensemble Court-Circuit<\/p>\n<p>&nbsp;<\/p>\n<h4>Contacts<\/h4>\n<p>Editions Billaudot<br \/>14 rue de l\u2019Echiquier &#8211; 75010 Paris<br \/>Tel : +33 (0)1 45 23 22 54<br \/><a href=\"http:\/\/www.billaudot.com\/fr\/index.php\" target=\"_blank\" rel=\"noopener\">www.billaudot.com<\/a><\/p>\n<p>&nbsp;<\/p>\n<h4>Partition<\/h4>\n<p><a href=\"https:\/\/www.laurent-cuniot.com\/wp-content\/uploads\/2022\/12\/To-deep-and-deeper-blue-page-6.pdf\" rel=\"attachment wp-att-375\">Score sample in PDF<\/a><\/p>\n<p>[\/et_pb_text][\/et_pb_column][\/et_pb_row][\/et_pb_section]<\/p>\n","protected":false},"excerpt":{"rendered":"<p>To deep and deeper blue Back to worksInstrumental Set Fl.clar (+basse).hbs (+ca)\/ pno\/vibra\/vl.vla.vlc &nbsp; Timing 23 min &nbsp; Date of creation 10\/03\/10CRR de Paris, auditorium Marcel LandowskiEnsemble Court-Circuit, direction Jean Deroyer. &nbsp; Sponsors Commande de l\u2019Etat, ensemble Court-Circuit &nbsp; Contacts Editions Billaudot14 rue de l\u2019Echiquier &#8211; 75010 ParisTel : +33 (0)1 45 23 22 54www.billaudot.com [&hellip;]<\/p>\n","protected":false},"author":1,"featured_media":0,"parent":0,"menu_order":0,"comment_status":"closed","ping_status":"closed","template":"","meta":{"_et_pb_use_builder":"on","_et_pb_old_content":"<p>[et_pb_section fb_built=\"1\" _builder_version=\"4.18.0\" _module_preset=\"default\" custom_padding=\"20px||||false|false\" animation_style=\"fade\" global_colors_info=\"{}\"][et_pb_row _builder_version=\"4.18.0\" _module_preset=\"default\" global_colors_info=\"{}\"][et_pb_column type=\"4_4\" _builder_version=\"4.18.0\" _module_preset=\"default\" global_colors_info=\"{}\"][et_pb_text _builder_version=\"4.18.0\" _module_preset=\"default\" global_colors_info=\"{}\"]<\/p><div id=\"g1-content-area\"><div id=\"primary\"><div id=\"content\" role=\"main\"><article id=\"post-1939\" class=\"post-1939 page type-page status-publish hentry\"><header class=\"entry-header\"><hgroup><h1 class=\"entry-title\">To deep and deeper blue<\/h1><\/hgroup><\/header><\/article><\/div><\/div><\/div><p>[\/et_pb_text][\/et_pb_column][\/et_pb_row][et_pb_row column_structure=\"2_3,1_3\" _builder_version=\"4.18.0\" _module_preset=\"default\" custom_padding=\"0px||||false|false\" global_colors_info=\"{}\"][et_pb_column type=\"2_3\" _builder_version=\"4.18.0\" _module_preset=\"default\" global_colors_info=\"{}\"][et_pb_text _builder_version=\"4.18.0\" _module_preset=\"default\" custom_padding=\"0px|||||\" global_colors_info=\"{}\"]<\/p><h3 style=\"text-align: justify;\">NOTE D\u2019INTENTION<\/h3><p style=\"text-align: justify;\"><img class=\"wp-image-370 alignleft size-full\" src=\"https:\/\/www.laurent-cuniot.com\/wp-content\/uploads\/2022\/12\/To-deep-and-deeper-blue-212x300-1.jpg\" alt=\"\" width=\"212\" height=\"300\" \/>To deep and deeper blue (\u00ab Vers un bleu de plus en plus profond \u00bb, titre emprunt\u00e9 \u00e0 un po\u00e8me de James Joyce), propose une dramaturgie sonore d\u2019un seul souffle qui traverse trois paysages tr\u00e8s diff\u00e9rents, le quatri\u00e8me et dernier \u00e9tant en partie, au sens propre comme au figur\u00e9, le renversement des premiers instants du mouvement initial.<\/p><p style=\"text-align: justify;\">Nourries par des figures tr\u00e8s mobiles qui s\u2019engendrent en un crescendo permanent, les sept premi\u00e8res minutes accumulent une tension qui submerge l\u2019\u00e9coute et propulse l\u2019ensemble de l\u2019\u0153uvre en se lib\u00e9rant dans les r\u00e9sonances du piano. L\u2019univers du mouvement suivant, inspir\u00e9 par la phrase de violon qui conclut la quatri\u00e8me des pi\u00e8ces op.7 de Webern, oscille entre l\u2019intensit\u00e9 d\u2019une forme de d\u00e9pouillement et la chaleur de phras\u00e9s m\u00e9lodiques en micro-intervalles, le tout se r\u00e9solvant dans une gravit\u00e9 proche du silence : le troisi\u00e8me mouvement y demeure pendant ses premi\u00e8res minutes, tout en effleurement et douceur, avant d\u2019\u00e9clater dans une \u00e9criture puls\u00e9e et rythmiquement tr\u00e8s virtuose.<\/p><p style=\"text-align: justify;\">Le retour, en guise d\u2019aboutissement, de l\u2019esprit du premier mouvement, dont les premi\u00e8res pages sont ici, pour conclure, \u00e9nonc\u00e9es strictement \u00e0 l\u2019envers (renversement dont les compositeurs sont friands depuis des si\u00e8cles !), conduit cette fois, \u00e0 l\u2019image du titre, vers l\u2019apaisement ou tout au moins vers le calme.<\/p><p>LC<\/p><p>[\/et_pb_text][et_pb_audio audio=\"https:\/\/www.laurent-cuniot.com\/wp-content\/uploads\/2022\/12\/Todeepanddeeperblue.mp3\" title=\"Extrait\" _builder_version=\"4.18.0\" _module_preset=\"default\" global_colors_info=\"{}\"][\/et_pb_audio][et_pb_text _builder_version=\"4.18.0\" _module_preset=\"default\" global_colors_info=\"{}\"]<\/p><p style=\"text-align: right;\"><a href=\"https:\/\/www.laurent-cuniot.com\/index-des-oeuvres\/\">Retour \u00e0 l\u2019index des \u0153uvres<\/a><\/p><p>[\/et_pb_text][\/et_pb_column][et_pb_column type=\"1_3\" _builder_version=\"4.18.0\" _module_preset=\"default\" global_colors_info=\"{}\"][et_pb_image src=\"https:\/\/www.laurent-cuniot.com\/wp-content\/uploads\/2022\/12\/Todeepanddeeperblue.jpg\" title_text=\"Todeepanddeeperblue\" _builder_version=\"4.18.0\" _module_preset=\"default\" hover_enabled=\"0\" global_colors_info=\"{}\" custom_padding=\"||||true|false\" custom_margin=\"|40px||40px|false|true\" sticky_enabled=\"0\"][\/et_pb_image][et_pb_text _builder_version=\"4.18.0\" _module_preset=\"default\" header_line_height=\"0em\" header_4_line_height=\"0em\" custom_padding=\"7px||||false|false\" global_colors_info=\"{}\"]<\/p><h4>Effectif instrumental<\/h4><p>Fl.clar (+basse).hbs (+ca)\/ pno\/vibra\/vl.vla.vlc<\/p><p>\u00a0<\/p><h4>Dur\u00e9e<\/h4><p>23 min<\/p><p>\u00a0<\/p><h4>Cr\u00e9ation<\/h4><p>10\/03\/10<br \/>CRR de Paris, auditorium Marcel Landowski<br \/>Ensemble Court-Circuit, direction Jean Deroyer.<\/p><p>\u00a0<\/p><h4>Commanditaire<\/h4><p>Commande de l\u2019Etat, ensemble Court-Circuit<\/p><p>\u00a0<\/p><h4>Contacts<\/h4><p>Editions Billaudot<br \/>14 rue de l\u2019Echiquier - 75010 Paris<br \/>Tel : +33 (0)1 45 23 22 54<br \/><a href=\"http:\/\/www.billaudot.com\/fr\/index.php\" target=\"_blank\" rel=\"noopener\">www.billaudot.com<\/a><\/p><p>\u00a0<\/p><h4>Partition<\/h4><p><a href=\"https:\/\/www.laurent-cuniot.com\/wp-content\/uploads\/2022\/12\/To-deep-and-deeper-blue-page-6.pdf\" rel=\"attachment wp-att-375\">Voir un extrait de la partition<\/a><\/p><p>[\/et_pb_text][\/et_pb_column][\/et_pb_row][\/et_pb_section]<\/p>","_et_gb_content_width":"","footnotes":""},"class_list":["post-797","page","type-page","status-publish","hentry"],"yoast_head":"<!-- This site is optimized with the Yoast SEO plugin v27.4 - https:\/\/yoast.com\/product\/yoast-seo-wordpress\/ -->\n<title>To deep and deeper blue - Laurent Cuniot - Compositeur Chef d&#039;orchestre<\/title>\n<meta name=\"robots\" content=\"index, follow, max-snippet:-1, max-image-preview:large, max-video-preview:-1\" \/>\n<link rel=\"canonical\" href=\"https:\/\/www.laurent-cuniot.com\/en\/to-deep-and-deeper-blue-3\/\" \/>\n<meta property=\"og:locale\" content=\"en_US\" \/>\n<meta property=\"og:type\" content=\"article\" \/>\n<meta property=\"og:title\" content=\"To deep and deeper blue - Laurent Cuniot - Compositeur Chef d&#039;orchestre\" \/>\n<meta property=\"og:description\" content=\"To deep and deeper blue Back to worksInstrumental Set Fl.clar (+basse).hbs (+ca)\/ pno\/vibra\/vl.vla.vlc &nbsp; Timing 23 min &nbsp; Date of creation 10\/03\/10CRR de Paris, auditorium Marcel LandowskiEnsemble Court-Circuit, direction Jean Deroyer. &nbsp; Sponsors Commande de l\u2019Etat, ensemble Court-Circuit &nbsp; Contacts Editions Billaudot14 rue de l\u2019Echiquier - 75010 ParisTel : +33 (0)1 45 23 22 54www.billaudot.com [&hellip;]\" \/>\n<meta property=\"og:url\" content=\"https:\/\/www.laurent-cuniot.com\/en\/to-deep-and-deeper-blue-3\/\" \/>\n<meta property=\"og:site_name\" content=\"Laurent Cuniot - Compositeur Chef d&#039;orchestre\" \/>\n<meta property=\"article:modified_time\" content=\"2023-01-07T12:34:25+00:00\" \/>\n<meta name=\"twitter:card\" content=\"summary_large_image\" \/>\n<meta name=\"twitter:label1\" content=\"Est. reading time\" \/>\n\t<meta name=\"twitter:data1\" content=\"2 minutes\" \/>\n<script type=\"application\/ld+json\" class=\"yoast-schema-graph\">{\"@context\":\"https:\\\/\\\/schema.org\",\"@graph\":[{\"@type\":\"WebPage\",\"@id\":\"https:\\\/\\\/www.laurent-cuniot.com\\\/en\\\/to-deep-and-deeper-blue-3\\\/\",\"url\":\"https:\\\/\\\/www.laurent-cuniot.com\\\/en\\\/to-deep-and-deeper-blue-3\\\/\",\"name\":\"To deep and deeper blue - Laurent Cuniot - Compositeur Chef d&#039;orchestre\",\"isPartOf\":{\"@id\":\"https:\\\/\\\/www.laurent-cuniot.com\\\/en\\\/#website\"},\"datePublished\":\"2023-01-07T12:30:37+00:00\",\"dateModified\":\"2023-01-07T12:34:25+00:00\",\"breadcrumb\":{\"@id\":\"https:\\\/\\\/www.laurent-cuniot.com\\\/en\\\/to-deep-and-deeper-blue-3\\\/#breadcrumb\"},\"inLanguage\":\"en-US\",\"potentialAction\":[{\"@type\":\"ReadAction\",\"target\":[\"https:\\\/\\\/www.laurent-cuniot.com\\\/en\\\/to-deep-and-deeper-blue-3\\\/\"]}]},{\"@type\":\"BreadcrumbList\",\"@id\":\"https:\\\/\\\/www.laurent-cuniot.com\\\/en\\\/to-deep-and-deeper-blue-3\\\/#breadcrumb\",\"itemListElement\":[{\"@type\":\"ListItem\",\"position\":1,\"name\":\"Accueil\",\"item\":\"https:\\\/\\\/www.laurent-cuniot.com\\\/en\\\/\"},{\"@type\":\"ListItem\",\"position\":2,\"name\":\"To deep and deeper blue\"}]},{\"@type\":\"WebSite\",\"@id\":\"https:\\\/\\\/www.laurent-cuniot.com\\\/en\\\/#website\",\"url\":\"https:\\\/\\\/www.laurent-cuniot.com\\\/en\\\/\",\"name\":\"Laurent Cuniot - Compositeur Chef d&#039;orchestre\",\"description\":\"\",\"publisher\":{\"@id\":\"https:\\\/\\\/www.laurent-cuniot.com\\\/en\\\/#organization\"},\"potentialAction\":[{\"@type\":\"SearchAction\",\"target\":{\"@type\":\"EntryPoint\",\"urlTemplate\":\"https:\\\/\\\/www.laurent-cuniot.com\\\/en\\\/?s={search_term_string}\"},\"query-input\":{\"@type\":\"PropertyValueSpecification\",\"valueRequired\":true,\"valueName\":\"search_term_string\"}}],\"inLanguage\":\"en-US\"},{\"@type\":\"Organization\",\"@id\":\"https:\\\/\\\/www.laurent-cuniot.com\\\/en\\\/#organization\",\"name\":\"Laurent Cuniot - Compositeur Chef d&#039;orchestre\",\"url\":\"https:\\\/\\\/www.laurent-cuniot.com\\\/en\\\/\",\"logo\":{\"@type\":\"ImageObject\",\"inLanguage\":\"en-US\",\"@id\":\"https:\\\/\\\/www.laurent-cuniot.com\\\/en\\\/#\\\/schema\\\/logo\\\/image\\\/\",\"url\":\"https:\\\/\\\/www.laurent-cuniot.com\\\/wp-content\\\/uploads\\\/2022\\\/12\\\/Home2022-partition.jpg\",\"contentUrl\":\"https:\\\/\\\/www.laurent-cuniot.com\\\/wp-content\\\/uploads\\\/2022\\\/12\\\/Home2022-partition.jpg\",\"width\":1600,\"height\":900,\"caption\":\"Laurent Cuniot - Compositeur Chef d&#039;orchestre\"},\"image\":{\"@id\":\"https:\\\/\\\/www.laurent-cuniot.com\\\/en\\\/#\\\/schema\\\/logo\\\/image\\\/\"},\"sameAs\":[\"https:\\\/\\\/soundcloud.com\\\/laurent-cuniot\"]}]}<\/script>\n<!-- \/ Yoast SEO plugin. -->","yoast_head_json":{"title":"To deep and deeper blue - Laurent Cuniot - Compositeur Chef d&#039;orchestre","robots":{"index":"index","follow":"follow","max-snippet":"max-snippet:-1","max-image-preview":"max-image-preview:large","max-video-preview":"max-video-preview:-1"},"canonical":"https:\/\/www.laurent-cuniot.com\/en\/to-deep-and-deeper-blue-3\/","og_locale":"en_US","og_type":"article","og_title":"To deep and deeper blue - Laurent Cuniot - Compositeur Chef d&#039;orchestre","og_description":"To deep and deeper blue Back to worksInstrumental Set Fl.clar (+basse).hbs (+ca)\/ pno\/vibra\/vl.vla.vlc &nbsp; Timing 23 min &nbsp; Date of creation 10\/03\/10CRR de Paris, auditorium Marcel LandowskiEnsemble Court-Circuit, direction Jean Deroyer. &nbsp; Sponsors Commande de l\u2019Etat, ensemble Court-Circuit &nbsp; Contacts Editions Billaudot14 rue de l\u2019Echiquier - 75010 ParisTel : +33 (0)1 45 23 22 54www.billaudot.com [&hellip;]","og_url":"https:\/\/www.laurent-cuniot.com\/en\/to-deep-and-deeper-blue-3\/","og_site_name":"Laurent Cuniot - Compositeur Chef d&#039;orchestre","article_modified_time":"2023-01-07T12:34:25+00:00","twitter_card":"summary_large_image","twitter_misc":{"Est. reading time":"2 minutes"},"schema":{"@context":"https:\/\/schema.org","@graph":[{"@type":"WebPage","@id":"https:\/\/www.laurent-cuniot.com\/en\/to-deep-and-deeper-blue-3\/","url":"https:\/\/www.laurent-cuniot.com\/en\/to-deep-and-deeper-blue-3\/","name":"To deep and deeper blue - Laurent Cuniot - Compositeur Chef d&#039;orchestre","isPartOf":{"@id":"https:\/\/www.laurent-cuniot.com\/en\/#website"},"datePublished":"2023-01-07T12:30:37+00:00","dateModified":"2023-01-07T12:34:25+00:00","breadcrumb":{"@id":"https:\/\/www.laurent-cuniot.com\/en\/to-deep-and-deeper-blue-3\/#breadcrumb"},"inLanguage":"en-US","potentialAction":[{"@type":"ReadAction","target":["https:\/\/www.laurent-cuniot.com\/en\/to-deep-and-deeper-blue-3\/"]}]},{"@type":"BreadcrumbList","@id":"https:\/\/www.laurent-cuniot.com\/en\/to-deep-and-deeper-blue-3\/#breadcrumb","itemListElement":[{"@type":"ListItem","position":1,"name":"Accueil","item":"https:\/\/www.laurent-cuniot.com\/en\/"},{"@type":"ListItem","position":2,"name":"To deep and deeper blue"}]},{"@type":"WebSite","@id":"https:\/\/www.laurent-cuniot.com\/en\/#website","url":"https:\/\/www.laurent-cuniot.com\/en\/","name":"Laurent Cuniot - Compositeur Chef d&#039;orchestre","description":"","publisher":{"@id":"https:\/\/www.laurent-cuniot.com\/en\/#organization"},"potentialAction":[{"@type":"SearchAction","target":{"@type":"EntryPoint","urlTemplate":"https:\/\/www.laurent-cuniot.com\/en\/?s={search_term_string}"},"query-input":{"@type":"PropertyValueSpecification","valueRequired":true,"valueName":"search_term_string"}}],"inLanguage":"en-US"},{"@type":"Organization","@id":"https:\/\/www.laurent-cuniot.com\/en\/#organization","name":"Laurent Cuniot - Compositeur Chef d&#039;orchestre","url":"https:\/\/www.laurent-cuniot.com\/en\/","logo":{"@type":"ImageObject","inLanguage":"en-US","@id":"https:\/\/www.laurent-cuniot.com\/en\/#\/schema\/logo\/image\/","url":"https:\/\/www.laurent-cuniot.com\/wp-content\/uploads\/2022\/12\/Home2022-partition.jpg","contentUrl":"https:\/\/www.laurent-cuniot.com\/wp-content\/uploads\/2022\/12\/Home2022-partition.jpg","width":1600,"height":900,"caption":"Laurent Cuniot - Compositeur Chef d&#039;orchestre"},"image":{"@id":"https:\/\/www.laurent-cuniot.com\/en\/#\/schema\/logo\/image\/"},"sameAs":["https:\/\/soundcloud.com\/laurent-cuniot"]}]}},"_links":{"self":[{"href":"https:\/\/www.laurent-cuniot.com\/en\/wp-json\/wp\/v2\/pages\/797","targetHints":{"allow":["GET"]}}],"collection":[{"href":"https:\/\/www.laurent-cuniot.com\/en\/wp-json\/wp\/v2\/pages"}],"about":[{"href":"https:\/\/www.laurent-cuniot.com\/en\/wp-json\/wp\/v2\/types\/page"}],"author":[{"embeddable":true,"href":"https:\/\/www.laurent-cuniot.com\/en\/wp-json\/wp\/v2\/users\/1"}],"replies":[{"embeddable":true,"href":"https:\/\/www.laurent-cuniot.com\/en\/wp-json\/wp\/v2\/comments?post=797"}],"version-history":[{"count":3,"href":"https:\/\/www.laurent-cuniot.com\/en\/wp-json\/wp\/v2\/pages\/797\/revisions"}],"predecessor-version":[{"id":802,"href":"https:\/\/www.laurent-cuniot.com\/en\/wp-json\/wp\/v2\/pages\/797\/revisions\/802"}],"wp:attachment":[{"href":"https:\/\/www.laurent-cuniot.com\/en\/wp-json\/wp\/v2\/media?parent=797"}],"curies":[{"name":"wp","href":"https:\/\/api.w.org\/{rel}","templated":true}]}}