{"id":785,"date":"2022-12-13T16:58:00","date_gmt":"2022-12-13T15:58:00","guid":{"rendered":"https:\/\/www.laurent-cuniot.com\/?page_id=785"},"modified":"2023-01-07T13:26:46","modified_gmt":"2023-01-07T12:26:46","slug":"lexil-au-miroir-2","status":"publish","type":"page","link":"https:\/\/www.laurent-cuniot.com\/en\/lexil-au-miroir-2\/","title":{"rendered":"L\u2019Exil au miroir"},"content":{"rendered":"<p>[et_pb_section fb_built=&#8221;1&#8243; _builder_version=&#8221;4.18.0&#8243; _module_preset=&#8221;default&#8221; custom_padding=&#8221;20px||||false|false&#8221; animation_style=&#8221;fade&#8221; global_colors_info=&#8221;{}&#8221;][et_pb_row _builder_version=&#8221;4.18.0&#8243; _module_preset=&#8221;default&#8221; global_colors_info=&#8221;{}&#8221;][et_pb_column type=&#8221;4_4&#8243; _builder_version=&#8221;4.18.0&#8243; _module_preset=&#8221;default&#8221; global_colors_info=&#8221;{}&#8221;][et_pb_text _builder_version=&#8221;4.18.0&#8243; _module_preset=&#8221;default&#8221; global_colors_info=&#8221;{}&#8221;]<\/p>\n<div id=\"g1-content-area\">\n<div id=\"primary\">\n<div id=\"content\" role=\"main\">\n<article id=\"post-1939\" class=\"post-1939 page type-page status-publish hentry\">\n<header class=\"entry-header\">\n<hgroup>\n<h1 class=\"entry-title\">L\u2019Exil au miroir<\/h1>\n<\/hgroup>\n<\/header>\n<\/article>\n<\/div>\n<\/div>\n<\/div>\n<p>[\/et_pb_text][\/et_pb_column][\/et_pb_row][et_pb_row column_structure=&#8221;2_3,1_3&#8243; _builder_version=&#8221;4.18.0&#8243; _module_preset=&#8221;default&#8221; custom_padding=&#8221;0px||||false|false&#8221; global_colors_info=&#8221;{}&#8221;][et_pb_column type=&#8221;2_3&#8243; _builder_version=&#8221;4.18.0&#8243; _module_preset=&#8221;default&#8221; global_colors_info=&#8221;{}&#8221;][et_pb_audio audio=&#8221;https:\/\/www.laurent-cuniot.com\/wp-content\/uploads\/2022\/12\/Exilaumiroir.mp3&#8243; title=&#8221;Audio Examples&#8221; _builder_version=&#8221;4.18.0&#8243; _module_preset=&#8221;default&#8221; hover_enabled=&#8221;0&#8243; global_colors_info=&#8221;{}&#8221; sticky_enabled=&#8221;0&#8243;][\/et_pb_audio][et_pb_text _builder_version=&#8221;4.18.0&#8243; _module_preset=&#8221;default&#8221; global_colors_info=&#8221;{}&#8221;]<\/p>\n<p style=\"text-align: right;\"><a href=\"https:\/\/www.laurent-cuniot.com\/index-des-oeuvres\/\">Retour \u00e0 l\u2019index des \u0153uvres<\/a><\/p>\n<p>[\/et_pb_text][\/et_pb_column][et_pb_column type=&#8221;1_3&#8243; _builder_version=&#8221;4.18.0&#8243; _module_preset=&#8221;default&#8221; global_colors_info=&#8221;{}&#8221;][et_pb_text _builder_version=&#8221;4.18.0&#8243; _module_preset=&#8221;default&#8221; header_line_height=&#8221;0em&#8221; header_4_line_height=&#8221;0em&#8221; custom_padding=&#8221;7px||||false|false&#8221; hover_enabled=&#8221;0&#8243; global_colors_info=&#8221;{}&#8221; sticky_enabled=&#8221;0&#8243;]<\/p>\n<h4>Voices<\/h4>\n<p>2 hautes-contre, 2 t\u00e9nors, 2 barytons et sons fix\u00e9s<\/p>\n<p>&nbsp;<\/p>\n<h4>Text<\/h4>\n<p>Jocelyne B\u00e9guery<\/p>\n<p>&nbsp;<\/p>\n<h4>Timing<\/h4>\n<p>35 min<\/p>\n<p>&nbsp;<\/p>\n<h4>Date of creation<\/h4>\n<p>14 \/05\/1984<br \/>Maison de Radio-France, Paris<br \/>Ensemble A Sei Voci<\/p>\n<p>&nbsp;<\/p>\n<h4>Contacts<\/h4>\n<p>Editions Salabert<br \/>16 rue des Foss\u00e9s Saint-Jacques &#8211; 75005 Paris<br \/>T\u00e9l\u00e9phone : +33 (0)1 44 41 50 90<br \/><a href=\"http:\/\/www.durand-salabert-eschig.com\/\">www.durand-salabert-eschig.com<\/a><\/p>\n<p>[\/et_pb_text][\/et_pb_column][\/et_pb_row][\/et_pb_section]<\/p>\n","protected":false},"excerpt":{"rendered":"<p>L\u2019Exil au miroir Retour \u00e0 l\u2019index des \u0153uvres Voices 2 hautes-contre, 2 t\u00e9nors, 2 barytons et sons fix\u00e9s &nbsp; Text Jocelyne B\u00e9guery &nbsp; Timing 35 min &nbsp; Date of creation 14 \/05\/1984Maison de Radio-France, ParisEnsemble A Sei Voci &nbsp; Contacts Editions Salabert16 rue des Foss\u00e9s Saint-Jacques &#8211; 75005 ParisT\u00e9l\u00e9phone : +33 (0)1 44 41 50 [&hellip;]<\/p>\n","protected":false},"author":1,"featured_media":0,"parent":0,"menu_order":0,"comment_status":"closed","ping_status":"closed","template":"","meta":{"_et_pb_use_builder":"on","_et_pb_old_content":"<p>[et_pb_section fb_built=\"1\" _builder_version=\"4.18.0\" _module_preset=\"default\" custom_padding=\"20px||||false|false\" animation_style=\"fade\" global_colors_info=\"{}\" theme_builder_area=\"post_content\"][et_pb_row _builder_version=\"4.18.0\" _module_preset=\"default\" global_colors_info=\"{}\" theme_builder_area=\"post_content\"][et_pb_column type=\"4_4\" _builder_version=\"4.18.0\" _module_preset=\"default\" global_colors_info=\"{}\" theme_builder_area=\"post_content\"][et_pb_text _builder_version=\"4.18.0\" _module_preset=\"default\" hover_enabled=\"0\" global_colors_info=\"{}\" theme_builder_area=\"post_content\" sticky_enabled=\"0\"]<\/p><div id=\"g1-content-area\"><div id=\"primary\"><div id=\"content\" role=\"main\"><article id=\"post-1939\" class=\"post-1939 page type-page status-publish hentry\"><header class=\"entry-header\"><hgroup><h1 class=\"entry-title\">L\u2019Exil au miroir<\/h1><\/hgroup><\/header><\/article><\/div><\/div><\/div><p>[\/et_pb_text][\/et_pb_column][\/et_pb_row][et_pb_row column_structure=\"2_3,1_3\" _builder_version=\"4.18.0\" _module_preset=\"default\" custom_padding=\"0px||||false|false\" global_colors_info=\"{}\" theme_builder_area=\"post_content\"][et_pb_column type=\"2_3\" _builder_version=\"4.18.0\" _module_preset=\"default\" global_colors_info=\"{}\" theme_builder_area=\"post_content\"][et_pb_text _builder_version=\"4.18.0\" _module_preset=\"default\" custom_padding=\"0px|||||\" global_colors_info=\"{}\" theme_builder_area=\"post_content\"]<\/p><h3 style=\"text-align: justify;\">NOTE D\u2019INTENTION<\/h3><p>A venir<\/p><p>[\/et_pb_text][et_pb_audio title=\"Extrait\" _builder_version=\"4.18.0\" _module_preset=\"default\" theme_builder_area=\"post_content\" title_text=\"Piste 8\" audio=\"https:\/\/www.laurent-cuniot.com\/wp-content\/uploads\/2022\/12\/Exilaumiroir.mp3\" hover_enabled=\"0\" sticky_enabled=\"0\"][\/et_pb_audio][et_pb_text _builder_version=\"4.18.0\" _module_preset=\"default\" global_colors_info=\"{}\" theme_builder_area=\"post_content\"]<\/p><p style=\"text-align: right;\"><a href=\"https:\/\/www.laurent-cuniot.com\/index-des-oeuvres\/\">Retour \u00e0 l\u2019index des \u0153uvres<\/a><\/p><p>[\/et_pb_text][\/et_pb_column][et_pb_column type=\"1_3\" _builder_version=\"4.18.0\" _module_preset=\"default\" global_colors_info=\"{}\" theme_builder_area=\"post_content\"][et_pb_text _builder_version=\"4.18.0\" _module_preset=\"default\" header_line_height=\"0em\" header_4_line_height=\"0em\" custom_padding=\"7px||||false|false\" hover_enabled=\"0\" global_colors_info=\"{}\" theme_builder_area=\"post_content\" sticky_enabled=\"0\"]<\/p><h4>Effectif vocal<\/h4><p>2 hautes-contre, 2 t\u00e9nors, 2 barytons et sons fix\u00e9s<\/p><p>\u00a0<\/p><h4>Textes<\/h4><p>Jocelyne B\u00e9guery<\/p><p>\u00a0<\/p><h4>Dur\u00e9e<\/h4><p>35 min<\/p><p>\u00a0<\/p><h4>Cr\u00e9ation<\/h4><p>14 \/05\/1984<br \/>Maison de Radio-France, Paris<br \/>Ensemble A Sei Voci<\/p><p>\u00a0<\/p><h4>Contacts<\/h4><p>Editions Salabert<br \/>16 rue des Foss\u00e9s Saint-Jacques - 75005 Paris<br \/>T\u00e9l\u00e9phone : +33 (0)1 44 41 50 90<br \/><a href=\"http:\/\/www.durand-salabert-eschig.com\/\">www.durand-salabert-eschig.com<\/a><\/p><p>[\/et_pb_text][\/et_pb_column][\/et_pb_row][\/et_pb_section]<\/p>","_et_gb_content_width":"","footnotes":""},"class_list":["post-785","page","type-page","status-publish","hentry"],"yoast_head":"<!-- This site is optimized with the Yoast SEO plugin v27.6 - https:\/\/yoast.com\/product\/yoast-seo-wordpress\/ -->\n<title>L\u2019Exil au miroir - Laurent Cuniot - Compositeur Chef d&#039;orchestre<\/title>\n<meta name=\"robots\" content=\"index, follow, max-snippet:-1, max-image-preview:large, max-video-preview:-1\" \/>\n<link rel=\"canonical\" href=\"https:\/\/www.laurent-cuniot.com\/en\/lexil-au-miroir-2\/\" \/>\n<meta property=\"og:locale\" content=\"en_US\" \/>\n<meta property=\"og:type\" content=\"article\" \/>\n<meta property=\"og:title\" content=\"L\u2019Exil au miroir - Laurent Cuniot - Compositeur Chef d&#039;orchestre\" \/>\n<meta property=\"og:description\" content=\"L\u2019Exil au miroir Retour \u00e0 l\u2019index des \u0153uvres Voices 2 hautes-contre, 2 t\u00e9nors, 2 barytons et sons fix\u00e9s &nbsp; Text Jocelyne B\u00e9guery &nbsp; Timing 35 min &nbsp; Date of creation 14 \/05\/1984Maison de Radio-France, ParisEnsemble A Sei Voci &nbsp; Contacts Editions Salabert16 rue des Foss\u00e9s Saint-Jacques - 75005 ParisT\u00e9l\u00e9phone : +33 (0)1 44 41 50 [&hellip;]\" \/>\n<meta property=\"og:url\" content=\"https:\/\/www.laurent-cuniot.com\/en\/lexil-au-miroir-2\/\" \/>\n<meta property=\"og:site_name\" content=\"Laurent Cuniot - Compositeur Chef d&#039;orchestre\" \/>\n<meta property=\"article:modified_time\" content=\"2023-01-07T12:26:46+00:00\" \/>\n<meta name=\"twitter:card\" content=\"summary_large_image\" \/>\n<meta name=\"twitter:label1\" content=\"Est. reading time\" \/>\n\t<meta name=\"twitter:data1\" content=\"1 minute\" \/>\n<script type=\"application\/ld+json\" class=\"yoast-schema-graph\">{\"@context\":\"https:\\\/\\\/schema.org\",\"@graph\":[{\"@type\":\"WebPage\",\"@id\":\"https:\\\/\\\/www.laurent-cuniot.com\\\/en\\\/lexil-au-miroir-2\\\/\",\"url\":\"https:\\\/\\\/www.laurent-cuniot.com\\\/en\\\/lexil-au-miroir-2\\\/\",\"name\":\"L\u2019Exil au miroir - Laurent Cuniot - Compositeur Chef d&#039;orchestre\",\"isPartOf\":{\"@id\":\"https:\\\/\\\/www.laurent-cuniot.com\\\/en\\\/#website\"},\"datePublished\":\"2022-12-13T15:58:00+00:00\",\"dateModified\":\"2023-01-07T12:26:46+00:00\",\"breadcrumb\":{\"@id\":\"https:\\\/\\\/www.laurent-cuniot.com\\\/en\\\/lexil-au-miroir-2\\\/#breadcrumb\"},\"inLanguage\":\"en-US\",\"potentialAction\":[{\"@type\":\"ReadAction\",\"target\":[\"https:\\\/\\\/www.laurent-cuniot.com\\\/en\\\/lexil-au-miroir-2\\\/\"]}]},{\"@type\":\"BreadcrumbList\",\"@id\":\"https:\\\/\\\/www.laurent-cuniot.com\\\/en\\\/lexil-au-miroir-2\\\/#breadcrumb\",\"itemListElement\":[{\"@type\":\"ListItem\",\"position\":1,\"name\":\"Accueil\",\"item\":\"https:\\\/\\\/www.laurent-cuniot.com\\\/en\\\/\"},{\"@type\":\"ListItem\",\"position\":2,\"name\":\"L\u2019Exil au miroir\"}]},{\"@type\":\"WebSite\",\"@id\":\"https:\\\/\\\/www.laurent-cuniot.com\\\/en\\\/#website\",\"url\":\"https:\\\/\\\/www.laurent-cuniot.com\\\/en\\\/\",\"name\":\"Laurent Cuniot - Compositeur Chef d&#039;orchestre\",\"description\":\"\",\"publisher\":{\"@id\":\"https:\\\/\\\/www.laurent-cuniot.com\\\/en\\\/#organization\"},\"potentialAction\":[{\"@type\":\"SearchAction\",\"target\":{\"@type\":\"EntryPoint\",\"urlTemplate\":\"https:\\\/\\\/www.laurent-cuniot.com\\\/en\\\/?s={search_term_string}\"},\"query-input\":{\"@type\":\"PropertyValueSpecification\",\"valueRequired\":true,\"valueName\":\"search_term_string\"}}],\"inLanguage\":\"en-US\"},{\"@type\":\"Organization\",\"@id\":\"https:\\\/\\\/www.laurent-cuniot.com\\\/en\\\/#organization\",\"name\":\"Laurent Cuniot - Compositeur Chef d&#039;orchestre\",\"url\":\"https:\\\/\\\/www.laurent-cuniot.com\\\/en\\\/\",\"logo\":{\"@type\":\"ImageObject\",\"inLanguage\":\"en-US\",\"@id\":\"https:\\\/\\\/www.laurent-cuniot.com\\\/en\\\/#\\\/schema\\\/logo\\\/image\\\/\",\"url\":\"https:\\\/\\\/www.laurent-cuniot.com\\\/wp-content\\\/uploads\\\/2022\\\/12\\\/Home2022-partition.jpg\",\"contentUrl\":\"https:\\\/\\\/www.laurent-cuniot.com\\\/wp-content\\\/uploads\\\/2022\\\/12\\\/Home2022-partition.jpg\",\"width\":1600,\"height\":900,\"caption\":\"Laurent Cuniot - Compositeur Chef d&#039;orchestre\"},\"image\":{\"@id\":\"https:\\\/\\\/www.laurent-cuniot.com\\\/en\\\/#\\\/schema\\\/logo\\\/image\\\/\"},\"sameAs\":[\"https:\\\/\\\/soundcloud.com\\\/laurent-cuniot\"]}]}<\/script>\n<!-- \/ Yoast SEO plugin. -->","yoast_head_json":{"title":"L\u2019Exil au miroir - Laurent Cuniot - Compositeur Chef d&#039;orchestre","robots":{"index":"index","follow":"follow","max-snippet":"max-snippet:-1","max-image-preview":"max-image-preview:large","max-video-preview":"max-video-preview:-1"},"canonical":"https:\/\/www.laurent-cuniot.com\/en\/lexil-au-miroir-2\/","og_locale":"en_US","og_type":"article","og_title":"L\u2019Exil au miroir - Laurent Cuniot - Compositeur Chef d&#039;orchestre","og_description":"L\u2019Exil au miroir Retour \u00e0 l\u2019index des \u0153uvres Voices 2 hautes-contre, 2 t\u00e9nors, 2 barytons et sons fix\u00e9s &nbsp; Text Jocelyne B\u00e9guery &nbsp; Timing 35 min &nbsp; Date of creation 14 \/05\/1984Maison de Radio-France, ParisEnsemble A Sei Voci &nbsp; Contacts Editions Salabert16 rue des Foss\u00e9s Saint-Jacques - 75005 ParisT\u00e9l\u00e9phone : +33 (0)1 44 41 50 [&hellip;]","og_url":"https:\/\/www.laurent-cuniot.com\/en\/lexil-au-miroir-2\/","og_site_name":"Laurent Cuniot - Compositeur Chef d&#039;orchestre","article_modified_time":"2023-01-07T12:26:46+00:00","twitter_card":"summary_large_image","twitter_misc":{"Est. reading time":"1 minute"},"schema":{"@context":"https:\/\/schema.org","@graph":[{"@type":"WebPage","@id":"https:\/\/www.laurent-cuniot.com\/en\/lexil-au-miroir-2\/","url":"https:\/\/www.laurent-cuniot.com\/en\/lexil-au-miroir-2\/","name":"L\u2019Exil au miroir - Laurent Cuniot - Compositeur Chef d&#039;orchestre","isPartOf":{"@id":"https:\/\/www.laurent-cuniot.com\/en\/#website"},"datePublished":"2022-12-13T15:58:00+00:00","dateModified":"2023-01-07T12:26:46+00:00","breadcrumb":{"@id":"https:\/\/www.laurent-cuniot.com\/en\/lexil-au-miroir-2\/#breadcrumb"},"inLanguage":"en-US","potentialAction":[{"@type":"ReadAction","target":["https:\/\/www.laurent-cuniot.com\/en\/lexil-au-miroir-2\/"]}]},{"@type":"BreadcrumbList","@id":"https:\/\/www.laurent-cuniot.com\/en\/lexil-au-miroir-2\/#breadcrumb","itemListElement":[{"@type":"ListItem","position":1,"name":"Accueil","item":"https:\/\/www.laurent-cuniot.com\/en\/"},{"@type":"ListItem","position":2,"name":"L\u2019Exil au miroir"}]},{"@type":"WebSite","@id":"https:\/\/www.laurent-cuniot.com\/en\/#website","url":"https:\/\/www.laurent-cuniot.com\/en\/","name":"Laurent Cuniot - Compositeur Chef d&#039;orchestre","description":"","publisher":{"@id":"https:\/\/www.laurent-cuniot.com\/en\/#organization"},"potentialAction":[{"@type":"SearchAction","target":{"@type":"EntryPoint","urlTemplate":"https:\/\/www.laurent-cuniot.com\/en\/?s={search_term_string}"},"query-input":{"@type":"PropertyValueSpecification","valueRequired":true,"valueName":"search_term_string"}}],"inLanguage":"en-US"},{"@type":"Organization","@id":"https:\/\/www.laurent-cuniot.com\/en\/#organization","name":"Laurent Cuniot - Compositeur Chef d&#039;orchestre","url":"https:\/\/www.laurent-cuniot.com\/en\/","logo":{"@type":"ImageObject","inLanguage":"en-US","@id":"https:\/\/www.laurent-cuniot.com\/en\/#\/schema\/logo\/image\/","url":"https:\/\/www.laurent-cuniot.com\/wp-content\/uploads\/2022\/12\/Home2022-partition.jpg","contentUrl":"https:\/\/www.laurent-cuniot.com\/wp-content\/uploads\/2022\/12\/Home2022-partition.jpg","width":1600,"height":900,"caption":"Laurent Cuniot - Compositeur Chef d&#039;orchestre"},"image":{"@id":"https:\/\/www.laurent-cuniot.com\/en\/#\/schema\/logo\/image\/"},"sameAs":["https:\/\/soundcloud.com\/laurent-cuniot"]}]}},"_links":{"self":[{"href":"https:\/\/www.laurent-cuniot.com\/en\/wp-json\/wp\/v2\/pages\/785","targetHints":{"allow":["GET"]}}],"collection":[{"href":"https:\/\/www.laurent-cuniot.com\/en\/wp-json\/wp\/v2\/pages"}],"about":[{"href":"https:\/\/www.laurent-cuniot.com\/en\/wp-json\/wp\/v2\/types\/page"}],"author":[{"embeddable":true,"href":"https:\/\/www.laurent-cuniot.com\/en\/wp-json\/wp\/v2\/users\/1"}],"replies":[{"embeddable":true,"href":"https:\/\/www.laurent-cuniot.com\/en\/wp-json\/wp\/v2\/comments?post=785"}],"version-history":[{"count":3,"href":"https:\/\/www.laurent-cuniot.com\/en\/wp-json\/wp\/v2\/pages\/785\/revisions"}],"predecessor-version":[{"id":789,"href":"https:\/\/www.laurent-cuniot.com\/en\/wp-json\/wp\/v2\/pages\/785\/revisions\/789"}],"wp:attachment":[{"href":"https:\/\/www.laurent-cuniot.com\/en\/wp-json\/wp\/v2\/media?parent=785"}],"curies":[{"name":"wp","href":"https:\/\/api.w.org\/{rel}","templated":true}]}}