{"id":774,"date":"2022-12-13T16:44:37","date_gmt":"2022-12-13T15:44:37","guid":{"rendered":"https:\/\/www.laurent-cuniot.com\/?page_id=774"},"modified":"2023-01-07T13:22:03","modified_gmt":"2023-01-07T12:22:03","slug":"ihm-eine-hymne-2","status":"publish","type":"page","link":"https:\/\/www.laurent-cuniot.com\/en\/ihm-eine-hymne-2\/","title":{"rendered":"Ihm, eine Hymne"},"content":{"rendered":"<p>[et_pb_section fb_built=&#8221;1&#8243; _builder_version=&#8221;4.18.0&#8243; _module_preset=&#8221;default&#8221; custom_padding=&#8221;20px||||false|false&#8221; animation_style=&#8221;fade&#8221; global_colors_info=&#8221;{}&#8221;][et_pb_row _builder_version=&#8221;4.18.0&#8243; _module_preset=&#8221;default&#8221; global_colors_info=&#8221;{}&#8221;][et_pb_column type=&#8221;4_4&#8243; _builder_version=&#8221;4.18.0&#8243; _module_preset=&#8221;default&#8221; global_colors_info=&#8221;{}&#8221;][et_pb_text _builder_version=&#8221;4.18.0&#8243; _module_preset=&#8221;default&#8221; global_colors_info=&#8221;{}&#8221;]<\/p>\n<div id=\"g1-content-area\">\n<div id=\"primary\">\n<div id=\"content\" role=\"main\">\n<article id=\"post-1939\" class=\"post-1939 page type-page status-publish hentry\">\n<header class=\"entry-header\">\n<hgroup>\n<h1 class=\"entry-title\">Ihm, eine Hymne<\/h1>\n<\/hgroup>\n<\/header>\n<\/article>\n<\/div>\n<\/div>\n<\/div>\n<p>[\/et_pb_text][\/et_pb_column][\/et_pb_row][et_pb_row column_structure=&#8221;2_3,1_3&#8243; _builder_version=&#8221;4.18.0&#8243; _module_preset=&#8221;default&#8221; custom_padding=&#8221;0px||||false|false&#8221; global_colors_info=&#8221;{}&#8221;][et_pb_column type=&#8221;2_3&#8243; _builder_version=&#8221;4.18.0&#8243; _module_preset=&#8221;default&#8221; global_colors_info=&#8221;{}&#8221;][et_pb_image src=&#8221;https:\/\/www.laurent-cuniot.com\/wp-content\/uploads\/2023\/01\/Ihm-eine-hymne.jpg&#8221; _builder_version=&#8221;4.18.0&#8243; _module_preset=&#8221;default&#8221; theme_builder_area=&#8221;post_content&#8221; align=&#8221;center&#8221; hover_enabled=&#8221;0&#8243; sticky_enabled=&#8221;0&#8243;][\/et_pb_image][et_pb_audio audio=&#8221;https:\/\/www.laurent-cuniot.com\/wp-content\/uploads\/2022\/12\/Ihmeinehymne.mp3&#8243; title=&#8221;Audio Examples&#8221; _builder_version=&#8221;4.18.0&#8243; _module_preset=&#8221;default&#8221; hover_enabled=&#8221;0&#8243; global_colors_info=&#8221;{}&#8221; sticky_enabled=&#8221;0&#8243;][\/et_pb_audio][et_pb_text _builder_version=&#8221;4.18.0&#8243; _module_preset=&#8221;default&#8221; global_colors_info=&#8221;{}&#8221; theme_builder_area=&#8221;post_content&#8221;]<\/p>\n<p style=\"text-align: right;\"><a href=\"https:\/\/www.laurent-cuniot.com\/en\/works\/\">Back to works<\/a><\/p>\n<p>[\/et_pb_text][\/et_pb_column][et_pb_column type=&#8221;1_3&#8243; _builder_version=&#8221;4.18.0&#8243; _module_preset=&#8221;default&#8221; global_colors_info=&#8221;{}&#8221;][et_pb_text _builder_version=&#8221;4.18.0&#8243; _module_preset=&#8221;default&#8221; header_line_height=&#8221;0em&#8221; header_4_line_height=&#8221;0em&#8221; custom_padding=&#8221;7px||||false|false&#8221; hover_enabled=&#8221;0&#8243; global_colors_info=&#8221;{}&#8221; sticky_enabled=&#8221;0&#8243;]<\/p>\n<h4>Voices and Instrumental Set<\/h4>\n<p>Soprano, mezzo-soprano, haute-contre, t\u00e9nor, baryton, basse et hbs(+ca)\/cor\/gt\/vl.vla.2vlc<\/p>\n<p>&nbsp;<\/p>\n<h4>Text<\/h4>\n<p>Mein blaues Klavier (Mon piano bleu-fragments-) de Else Lasker-Sch\u00fcler<\/p>\n<p>&nbsp;<\/p>\n<h4>Timing<\/h4>\n<p>21 min<\/p>\n<p>&nbsp;<\/p>\n<h4>Date of creation<\/h4>\n<p>14\/02\/2001<br \/>Festival Pr\u00e9sences, Radio-France, Paris<br \/>Anne-Sophie Duprels soprano, Sylvia Vadimova mezzo, ensemble A Sei Voci, ensemble TM+, direction Laurent Cuniot<\/p>\n<p>&nbsp;<\/p>\n<h4>Sponsors<\/h4>\n<p>Radio-France<\/p>\n<p>&nbsp;<\/p>\n<h4>Contacts<\/h4>\n<p>Editions Billaudot<br \/>14 rue de l\u2019Echiquier &#8211; 75010 Paris<br \/>Tel : +33 (0)1 45 23 22 54<br \/><a href=\"https:\/\/www.billaudot.com\/\" target=\"_blank\" rel=\"noopener\">www.billaudot.com<\/a><\/p>\n<p>[\/et_pb_text][\/et_pb_column][\/et_pb_row][\/et_pb_section]<\/p>\n","protected":false},"excerpt":{"rendered":"<p>Ihm, eine Hymne Back to worksVoices and Instrumental Set Soprano, mezzo-soprano, haute-contre, t\u00e9nor, baryton, basse et hbs(+ca)\/cor\/gt\/vl.vla.2vlc &nbsp; Text Mein blaues Klavier (Mon piano bleu-fragments-) de Else Lasker-Sch\u00fcler &nbsp; Timing 21 min &nbsp; Date of creation 14\/02\/2001Festival Pr\u00e9sences, Radio-France, ParisAnne-Sophie Duprels soprano, Sylvia Vadimova mezzo, ensemble A Sei Voci, ensemble TM+, direction Laurent Cuniot &nbsp; [&hellip;]<\/p>\n","protected":false},"author":1,"featured_media":0,"parent":0,"menu_order":0,"comment_status":"closed","ping_status":"closed","template":"","meta":{"_et_pb_use_builder":"on","_et_pb_old_content":"<p>[et_pb_section fb_built=\"1\" _builder_version=\"4.18.0\" _module_preset=\"default\" custom_padding=\"20px||||false|false\" animation_style=\"fade\" global_colors_info=\"{}\" theme_builder_area=\"post_content\"][et_pb_row _builder_version=\"4.18.0\" _module_preset=\"default\" global_colors_info=\"{}\" theme_builder_area=\"post_content\"][et_pb_column type=\"4_4\" _builder_version=\"4.18.0\" _module_preset=\"default\" global_colors_info=\"{}\" theme_builder_area=\"post_content\"][et_pb_text _builder_version=\"4.18.0\" _module_preset=\"default\" hover_enabled=\"0\" global_colors_info=\"{}\" theme_builder_area=\"post_content\" sticky_enabled=\"0\"]<\/p><div id=\"g1-content-area\"><div id=\"primary\"><div id=\"content\" role=\"main\"><article id=\"post-1939\" class=\"post-1939 page type-page status-publish hentry\"><header class=\"entry-header\"><hgroup><h1 class=\"entry-title\">Ihm, eine Hymne<\/h1><\/hgroup><\/header><\/article><\/div><\/div><\/div><p>[\/et_pb_text][\/et_pb_column][\/et_pb_row][et_pb_row column_structure=\"2_3,1_3\" _builder_version=\"4.18.0\" _module_preset=\"default\" custom_padding=\"0px||||false|false\" global_colors_info=\"{}\" theme_builder_area=\"post_content\"][et_pb_column type=\"2_3\" _builder_version=\"4.18.0\" _module_preset=\"default\" global_colors_info=\"{}\" theme_builder_area=\"post_content\"][et_pb_text _builder_version=\"4.18.0\" _module_preset=\"default\" custom_padding=\"0px|||||\" hover_enabled=\"0\" global_colors_info=\"{}\" theme_builder_area=\"post_content\" sticky_enabled=\"0\"]<\/p><h3 style=\"text-align: justify;\">NOTE D\u2019INTENTION<\/h3><p style=\"text-align: justify;\"><img class=\"wp-image-320 alignleft size-full\" src=\"https:\/\/www.laurent-cuniot.com\/wp-content\/uploads\/2022\/12\/Ihm-eine-hymne-231x300-1.jpg\" alt=\"\" width=\"231\" height=\"300\" \/>\u00a0Avant m\u00eame de d\u00e9couvrir la po\u00e9sie de Else Lasker-Sch\u00fcler je souhaitais cr\u00e9er avec cette \u0153uvre une musique int\u00e9rieure et profond\u00e9ment expressive. Les \u00ab outils \u00bb des compositeurs d\u2019aujourd\u2019hui inclinent plus spontan\u00e9ment \u00e0 travailler sur la plastique du son ou sur les processus d\u2019organisation formelle qu\u2019\u00e0 traquer l\u2019\u00e9motion.<\/p><p style=\"text-align: justify;\">Mais ces m\u00eames outils (par exemple les \u00e9chelles en micro-intervalles) ont aussi la capacit\u00e9 de renouveler l\u2019\u00e9criture m\u00e9lodique, de cr\u00e9er une vari\u00e9t\u00e9 de couleurs et de tensions harmoniques, \u00e9l\u00e9ments essentiels \u00e0 la construction d\u2019un discours musical qui \u00e9vite les \u00e9cueils du formalisme.<\/p><p style=\"text-align: justify;\">La po\u00e9sie de Lasker-Sch\u00fcler, parce qu\u2019elle allie \u00e0 un maniement particuli\u00e8rement inventif de la langue allemande une hypersensibilit\u00e9 toute de force et de pudeur, m\u2019a tout de suite boulevers\u00e9. J\u2019ai pens\u00e9 que le dialogue entrepris avec ces textes m\u2019aiderait \u00e0 accomplir le projet de cette nouvelle \u0153uvre.<\/p><p style=\"text-align: justify;\">Ihm eine Hymne est aussi n\u00e9e de la relation privil\u00e9gi\u00e9e que j\u2019entretiens avec ses interpr\u00e8tes, chanteurs et instrumentistes, dont les sonorit\u00e9s sont grav\u00e9es dans mon oreille depuis d\u00e9j\u00e0 de nombreuses ann\u00e9es.<\/p><p>LC<\/p><p>[\/et_pb_text][et_pb_audio audio=\"https:\/\/www.laurent-cuniot.com\/wp-content\/uploads\/2022\/12\/Ihmeinehymne.mp3\" title=\"Extrait\" _builder_version=\"4.18.0\" _module_preset=\"default\" hover_enabled=\"0\" global_colors_info=\"{}\" theme_builder_area=\"post_content\" title_text=\"Piste 8\" sticky_enabled=\"0\"][\/et_pb_audio][et_pb_text _builder_version=\"4.18.0\" _module_preset=\"default\" global_colors_info=\"{}\" theme_builder_area=\"post_content\"]<\/p><p style=\"text-align: right;\"><a href=\"https:\/\/www.laurent-cuniot.com\/index-des-oeuvres\/\">Retour \u00e0 l\u2019index des \u0153uvres<\/a><\/p><p>[\/et_pb_text][\/et_pb_column][et_pb_column type=\"1_3\" _builder_version=\"4.18.0\" _module_preset=\"default\" global_colors_info=\"{}\" theme_builder_area=\"post_content\"][et_pb_text _builder_version=\"4.18.0\" _module_preset=\"default\" header_line_height=\"0em\" header_4_line_height=\"0em\" custom_padding=\"7px||||false|false\" hover_enabled=\"0\" global_colors_info=\"{}\" theme_builder_area=\"post_content\" sticky_enabled=\"0\"]<\/p><h4>Effectif vocal et instrumental<\/h4><p>Soprano, mezzo-soprano, haute-contre, t\u00e9nor, baryton, basse et hbs(+ca)\/cor\/gt\/vl.vla.2vlc<\/p><p>\u00a0<\/p><h4>Textes<\/h4><p>Mein blaues Klavier (Mon piano bleu-fragments-) de Else Lasker-Sch\u00fcler<\/p><p>\u00a0<\/p><h4>Dur\u00e9e<\/h4><p>21 min<\/p><p>\u00a0<\/p><h4>Cr\u00e9ation<\/h4><p>14\/02\/2001<br \/>Festival Pr\u00e9sences, Radio-France, Paris<br \/>Anne-Sophie Duprels soprano, Sylvia Vadimova mezzo, ensemble A Sei Voci, ensemble TM+, direction Laurent Cuniot<\/p><p>\u00a0<\/p><h4>Commanditaire<\/h4><p>Radio-France<\/p><p>\u00a0<\/p><h4>Contacts<\/h4><p>Editions Billaudot<br \/>14 rue de l\u2019Echiquier - 75010 Paris<br \/>Tel : +33 (0)1 45 23 22 54<br \/><a href=\"https:\/\/www.billaudot.com\/\" target=\"_blank\" rel=\"noopener\">www.billaudot.com<\/a><\/p><p>[\/et_pb_text][\/et_pb_column][\/et_pb_row][\/et_pb_section]<\/p>","_et_gb_content_width":"","footnotes":""},"class_list":["post-774","page","type-page","status-publish","hentry"],"yoast_head":"<!-- This site is optimized with the Yoast SEO plugin v27.4 - https:\/\/yoast.com\/product\/yoast-seo-wordpress\/ -->\n<title>Ihm, eine Hymne - Laurent Cuniot - Compositeur Chef d&#039;orchestre<\/title>\n<meta name=\"robots\" content=\"index, follow, max-snippet:-1, max-image-preview:large, max-video-preview:-1\" \/>\n<link rel=\"canonical\" href=\"https:\/\/www.laurent-cuniot.com\/en\/ihm-eine-hymne-2\/\" \/>\n<meta property=\"og:locale\" content=\"en_US\" \/>\n<meta property=\"og:type\" content=\"article\" \/>\n<meta property=\"og:title\" content=\"Ihm, eine Hymne - Laurent Cuniot - Compositeur Chef d&#039;orchestre\" \/>\n<meta property=\"og:description\" content=\"Ihm, eine Hymne Back to worksVoices and Instrumental Set Soprano, mezzo-soprano, haute-contre, t\u00e9nor, baryton, basse et hbs(+ca)\/cor\/gt\/vl.vla.2vlc &nbsp; Text Mein blaues Klavier (Mon piano bleu-fragments-) de Else Lasker-Sch\u00fcler &nbsp; Timing 21 min &nbsp; Date of creation 14\/02\/2001Festival Pr\u00e9sences, Radio-France, ParisAnne-Sophie Duprels soprano, Sylvia Vadimova mezzo, ensemble A Sei Voci, ensemble TM+, direction Laurent Cuniot &nbsp; [&hellip;]\" \/>\n<meta property=\"og:url\" content=\"https:\/\/www.laurent-cuniot.com\/en\/ihm-eine-hymne-2\/\" \/>\n<meta property=\"og:site_name\" content=\"Laurent Cuniot - Compositeur Chef d&#039;orchestre\" \/>\n<meta property=\"article:modified_time\" content=\"2023-01-07T12:22:03+00:00\" \/>\n<meta name=\"twitter:card\" content=\"summary_large_image\" \/>\n<meta name=\"twitter:label1\" content=\"Est. reading time\" \/>\n\t<meta name=\"twitter:data1\" content=\"2 minutes\" \/>\n<script type=\"application\/ld+json\" class=\"yoast-schema-graph\">{\"@context\":\"https:\\\/\\\/schema.org\",\"@graph\":[{\"@type\":\"WebPage\",\"@id\":\"https:\\\/\\\/www.laurent-cuniot.com\\\/en\\\/ihm-eine-hymne-2\\\/\",\"url\":\"https:\\\/\\\/www.laurent-cuniot.com\\\/en\\\/ihm-eine-hymne-2\\\/\",\"name\":\"Ihm, eine Hymne - Laurent Cuniot - Compositeur Chef d&#039;orchestre\",\"isPartOf\":{\"@id\":\"https:\\\/\\\/www.laurent-cuniot.com\\\/en\\\/#website\"},\"datePublished\":\"2022-12-13T15:44:37+00:00\",\"dateModified\":\"2023-01-07T12:22:03+00:00\",\"breadcrumb\":{\"@id\":\"https:\\\/\\\/www.laurent-cuniot.com\\\/en\\\/ihm-eine-hymne-2\\\/#breadcrumb\"},\"inLanguage\":\"en-US\",\"potentialAction\":[{\"@type\":\"ReadAction\",\"target\":[\"https:\\\/\\\/www.laurent-cuniot.com\\\/en\\\/ihm-eine-hymne-2\\\/\"]}]},{\"@type\":\"BreadcrumbList\",\"@id\":\"https:\\\/\\\/www.laurent-cuniot.com\\\/en\\\/ihm-eine-hymne-2\\\/#breadcrumb\",\"itemListElement\":[{\"@type\":\"ListItem\",\"position\":1,\"name\":\"Accueil\",\"item\":\"https:\\\/\\\/www.laurent-cuniot.com\\\/en\\\/\"},{\"@type\":\"ListItem\",\"position\":2,\"name\":\"Ihm, eine Hymne\"}]},{\"@type\":\"WebSite\",\"@id\":\"https:\\\/\\\/www.laurent-cuniot.com\\\/en\\\/#website\",\"url\":\"https:\\\/\\\/www.laurent-cuniot.com\\\/en\\\/\",\"name\":\"Laurent Cuniot - Compositeur Chef d&#039;orchestre\",\"description\":\"\",\"publisher\":{\"@id\":\"https:\\\/\\\/www.laurent-cuniot.com\\\/en\\\/#organization\"},\"potentialAction\":[{\"@type\":\"SearchAction\",\"target\":{\"@type\":\"EntryPoint\",\"urlTemplate\":\"https:\\\/\\\/www.laurent-cuniot.com\\\/en\\\/?s={search_term_string}\"},\"query-input\":{\"@type\":\"PropertyValueSpecification\",\"valueRequired\":true,\"valueName\":\"search_term_string\"}}],\"inLanguage\":\"en-US\"},{\"@type\":\"Organization\",\"@id\":\"https:\\\/\\\/www.laurent-cuniot.com\\\/en\\\/#organization\",\"name\":\"Laurent Cuniot - Compositeur Chef d&#039;orchestre\",\"url\":\"https:\\\/\\\/www.laurent-cuniot.com\\\/en\\\/\",\"logo\":{\"@type\":\"ImageObject\",\"inLanguage\":\"en-US\",\"@id\":\"https:\\\/\\\/www.laurent-cuniot.com\\\/en\\\/#\\\/schema\\\/logo\\\/image\\\/\",\"url\":\"https:\\\/\\\/www.laurent-cuniot.com\\\/wp-content\\\/uploads\\\/2022\\\/12\\\/Home2022-partition.jpg\",\"contentUrl\":\"https:\\\/\\\/www.laurent-cuniot.com\\\/wp-content\\\/uploads\\\/2022\\\/12\\\/Home2022-partition.jpg\",\"width\":1600,\"height\":900,\"caption\":\"Laurent Cuniot - Compositeur Chef d&#039;orchestre\"},\"image\":{\"@id\":\"https:\\\/\\\/www.laurent-cuniot.com\\\/en\\\/#\\\/schema\\\/logo\\\/image\\\/\"},\"sameAs\":[\"https:\\\/\\\/soundcloud.com\\\/laurent-cuniot\"]}]}<\/script>\n<!-- \/ Yoast SEO plugin. -->","yoast_head_json":{"title":"Ihm, eine Hymne - Laurent Cuniot - Compositeur Chef d&#039;orchestre","robots":{"index":"index","follow":"follow","max-snippet":"max-snippet:-1","max-image-preview":"max-image-preview:large","max-video-preview":"max-video-preview:-1"},"canonical":"https:\/\/www.laurent-cuniot.com\/en\/ihm-eine-hymne-2\/","og_locale":"en_US","og_type":"article","og_title":"Ihm, eine Hymne - Laurent Cuniot - Compositeur Chef d&#039;orchestre","og_description":"Ihm, eine Hymne Back to worksVoices and Instrumental Set Soprano, mezzo-soprano, haute-contre, t\u00e9nor, baryton, basse et hbs(+ca)\/cor\/gt\/vl.vla.2vlc &nbsp; Text Mein blaues Klavier (Mon piano bleu-fragments-) de Else Lasker-Sch\u00fcler &nbsp; Timing 21 min &nbsp; Date of creation 14\/02\/2001Festival Pr\u00e9sences, Radio-France, ParisAnne-Sophie Duprels soprano, Sylvia Vadimova mezzo, ensemble A Sei Voci, ensemble TM+, direction Laurent Cuniot &nbsp; [&hellip;]","og_url":"https:\/\/www.laurent-cuniot.com\/en\/ihm-eine-hymne-2\/","og_site_name":"Laurent Cuniot - Compositeur Chef d&#039;orchestre","article_modified_time":"2023-01-07T12:22:03+00:00","twitter_card":"summary_large_image","twitter_misc":{"Est. reading time":"2 minutes"},"schema":{"@context":"https:\/\/schema.org","@graph":[{"@type":"WebPage","@id":"https:\/\/www.laurent-cuniot.com\/en\/ihm-eine-hymne-2\/","url":"https:\/\/www.laurent-cuniot.com\/en\/ihm-eine-hymne-2\/","name":"Ihm, eine Hymne - Laurent Cuniot - Compositeur Chef d&#039;orchestre","isPartOf":{"@id":"https:\/\/www.laurent-cuniot.com\/en\/#website"},"datePublished":"2022-12-13T15:44:37+00:00","dateModified":"2023-01-07T12:22:03+00:00","breadcrumb":{"@id":"https:\/\/www.laurent-cuniot.com\/en\/ihm-eine-hymne-2\/#breadcrumb"},"inLanguage":"en-US","potentialAction":[{"@type":"ReadAction","target":["https:\/\/www.laurent-cuniot.com\/en\/ihm-eine-hymne-2\/"]}]},{"@type":"BreadcrumbList","@id":"https:\/\/www.laurent-cuniot.com\/en\/ihm-eine-hymne-2\/#breadcrumb","itemListElement":[{"@type":"ListItem","position":1,"name":"Accueil","item":"https:\/\/www.laurent-cuniot.com\/en\/"},{"@type":"ListItem","position":2,"name":"Ihm, eine Hymne"}]},{"@type":"WebSite","@id":"https:\/\/www.laurent-cuniot.com\/en\/#website","url":"https:\/\/www.laurent-cuniot.com\/en\/","name":"Laurent Cuniot - Compositeur Chef d&#039;orchestre","description":"","publisher":{"@id":"https:\/\/www.laurent-cuniot.com\/en\/#organization"},"potentialAction":[{"@type":"SearchAction","target":{"@type":"EntryPoint","urlTemplate":"https:\/\/www.laurent-cuniot.com\/en\/?s={search_term_string}"},"query-input":{"@type":"PropertyValueSpecification","valueRequired":true,"valueName":"search_term_string"}}],"inLanguage":"en-US"},{"@type":"Organization","@id":"https:\/\/www.laurent-cuniot.com\/en\/#organization","name":"Laurent Cuniot - Compositeur Chef d&#039;orchestre","url":"https:\/\/www.laurent-cuniot.com\/en\/","logo":{"@type":"ImageObject","inLanguage":"en-US","@id":"https:\/\/www.laurent-cuniot.com\/en\/#\/schema\/logo\/image\/","url":"https:\/\/www.laurent-cuniot.com\/wp-content\/uploads\/2022\/12\/Home2022-partition.jpg","contentUrl":"https:\/\/www.laurent-cuniot.com\/wp-content\/uploads\/2022\/12\/Home2022-partition.jpg","width":1600,"height":900,"caption":"Laurent Cuniot - Compositeur Chef d&#039;orchestre"},"image":{"@id":"https:\/\/www.laurent-cuniot.com\/en\/#\/schema\/logo\/image\/"},"sameAs":["https:\/\/soundcloud.com\/laurent-cuniot"]}]}},"_links":{"self":[{"href":"https:\/\/www.laurent-cuniot.com\/en\/wp-json\/wp\/v2\/pages\/774","targetHints":{"allow":["GET"]}}],"collection":[{"href":"https:\/\/www.laurent-cuniot.com\/en\/wp-json\/wp\/v2\/pages"}],"about":[{"href":"https:\/\/www.laurent-cuniot.com\/en\/wp-json\/wp\/v2\/types\/page"}],"author":[{"embeddable":true,"href":"https:\/\/www.laurent-cuniot.com\/en\/wp-json\/wp\/v2\/users\/1"}],"replies":[{"embeddable":true,"href":"https:\/\/www.laurent-cuniot.com\/en\/wp-json\/wp\/v2\/comments?post=774"}],"version-history":[{"count":3,"href":"https:\/\/www.laurent-cuniot.com\/en\/wp-json\/wp\/v2\/pages\/774\/revisions"}],"predecessor-version":[{"id":779,"href":"https:\/\/www.laurent-cuniot.com\/en\/wp-json\/wp\/v2\/pages\/774\/revisions\/779"}],"wp:attachment":[{"href":"https:\/\/www.laurent-cuniot.com\/en\/wp-json\/wp\/v2\/media?parent=774"}],"curies":[{"name":"wp","href":"https:\/\/api.w.org\/{rel}","templated":true}]}}