{"id":757,"date":"2022-12-03T13:40:51","date_gmt":"2022-12-03T12:40:51","guid":{"rendered":"https:\/\/www.laurent-cuniot.com\/?page_id=757"},"modified":"2023-01-07T13:14:42","modified_gmt":"2023-01-07T12:14:42","slug":"la-lice-des-nuits-2","status":"publish","type":"page","link":"https:\/\/www.laurent-cuniot.com\/en\/la-lice-des-nuits-2\/","title":{"rendered":"La Lice des nuits"},"content":{"rendered":"<p>[et_pb_section fb_built=&#8221;1&#8243; _builder_version=&#8221;4.18.0&#8243; _module_preset=&#8221;default&#8221; custom_padding=&#8221;20px||||false|false&#8221; animation_style=&#8221;fade&#8221; global_colors_info=&#8221;{}&#8221;][et_pb_row _builder_version=&#8221;4.18.0&#8243; _module_preset=&#8221;default&#8221; global_colors_info=&#8221;{}&#8221;][et_pb_column type=&#8221;4_4&#8243; _builder_version=&#8221;4.18.0&#8243; _module_preset=&#8221;default&#8221; global_colors_info=&#8221;{}&#8221;][et_pb_text _builder_version=&#8221;4.18.0&#8243; _module_preset=&#8221;default&#8221; global_colors_info=&#8221;{}&#8221;]<\/p>\n<div id=\"g1-content-area\">\n<div id=\"primary\">\n<div id=\"content\" role=\"main\">\n<article id=\"post-1939\" class=\"post-1939 page type-page status-publish hentry\">\n<header class=\"entry-header\">\n<div id=\"g1-content-area\">\n<div id=\"primary\">\n<div id=\"content\" role=\"main\">\n<article id=\"post-1728\" class=\"post-1728 page type-page status-publish hentry\">\n<header class=\"entry-header\">\n<div id=\"g1-content-area\">\n<div id=\"primary\">\n<div id=\"content\" role=\"main\">\n<article id=\"post-1532\" class=\"post-1532 page type-page status-publish hentry\">\n<header class=\"entry-header\">\n<hgroup>\n<h1 class=\"entry-title\">La Lice des nuits<\/h1>\n<\/hgroup>\n<\/header>\n<\/article>\n<\/div>\n<\/div>\n<\/div>\n<hgroup>\n<h1 class=\"entry-title\"><\/h1>\n<\/hgroup>\n<\/header>\n<\/article>\n<\/div>\n<\/div>\n<\/div>\n<hgroup>\n<h1 class=\"entry-title\"><\/h1>\n<\/hgroup>\n<\/header>\n<\/article>\n<\/div>\n<\/div>\n<\/div>\n<p>[\/et_pb_text][\/et_pb_column][\/et_pb_row][et_pb_row column_structure=&#8221;3_5,2_5&#8243; _builder_version=&#8221;4.18.0&#8243; _module_preset=&#8221;default&#8221; custom_padding=&#8221;0px||||false|false&#8221; global_colors_info=&#8221;{}&#8221;][et_pb_column type=&#8221;3_5&#8243; _builder_version=&#8221;4.18.0&#8243; _module_preset=&#8221;default&#8221; global_colors_info=&#8221;{}&#8221;][et_pb_audio audio=&#8221;https:\/\/www.laurent-cuniot.com\/wp-content\/uploads\/2022\/12\/licedesnuits.mp3&#8243; title=&#8221;Audio Examples&#8221; _builder_version=&#8221;4.18.0&#8243; _module_preset=&#8221;default&#8221; hover_enabled=&#8221;0&#8243; global_colors_info=&#8221;{}&#8221; sticky_enabled=&#8221;0&#8243;][\/et_pb_audio][et_pb_text _builder_version=&#8221;4.18.0&#8243; _module_preset=&#8221;default&#8221; global_colors_info=&#8221;{}&#8221;]<\/p>\n<p style=\"text-align: right;\"><a href=\"https:\/\/www.laurent-cuniot.com\/index-des-oeuvres\/\">Retour \u00e0 l\u2019index des \u0153uvres<\/a><\/p>\n<p>[\/et_pb_text][\/et_pb_column][et_pb_column _builder_version=&#8221;4.18.0&#8243; _module_preset=&#8221;default&#8221; type=&#8221;2_5&#8243;][et_pb_text _builder_version=&#8221;4.18.0&#8243; _module_preset=&#8221;default&#8221; header_line_height=&#8221;0em&#8221; header_4_line_height=&#8221;0em&#8221; custom_padding=&#8221;7px||||false|false&#8221; hover_enabled=&#8221;0&#8243; global_colors_info=&#8221;{}&#8221; sticky_enabled=&#8221;0&#8243;]<\/p>\n<h4>Instrumental Set<\/h4>\n<p>Grand orchestre<br \/>4(pic, flA).4(cor ang).4(2clB).3(cbn)\/4.4.3(2trbT, trbB).1\/ 3perc, 2synt\/ cordes<\/p>\n<p>&nbsp;<\/p>\n<h4>Timing<\/h4>\n<p>20 min<\/p>\n<p>&nbsp;<\/p>\n<h4>Date of creation<\/h4>\n<p>28\/04\/1989<br \/>Maisonde Radio-France, Paris<br \/>Orchestre Philharmonique de Radio-France, direction Michel Tabachnik<\/p>\n<p>&nbsp;<\/p>\n<h4>Sponsors<\/h4>\n<p>Radio-France<\/p>\n<p>&nbsp;<\/p>\n<h4>Contacts<\/h4>\n<p>Editions Salabert<br \/>16 rue des Foss\u00e9s Saint-Jacques &#8211; 75005 Paris<br \/>T\u00e9l\u00e9phone : +33 (0)1 44 41 50 90<br \/><a href=\"https:\/\/www.durand-salabert-eschig.com\/fr-FR\/\">www.durand-salabert-eschig.com<\/a><\/p>\n<p>[\/et_pb_text][\/et_pb_column][\/et_pb_row][\/et_pb_section]<\/p>\n","protected":false},"excerpt":{"rendered":"<p>La Lice des nuits Retour \u00e0 l\u2019index des \u0153uvres Instrumental Set Grand orchestre4(pic, flA).4(cor ang).4(2clB).3(cbn)\/4.4.3(2trbT, trbB).1\/ 3perc, 2synt\/ cordes &nbsp; Timing 20 min &nbsp; Date of creation 28\/04\/1989Maisonde Radio-France, ParisOrchestre Philharmonique de Radio-France, direction Michel Tabachnik &nbsp; Sponsors Radio-France &nbsp; Contacts Editions Salabert16 rue des Foss\u00e9s Saint-Jacques &#8211; 75005 ParisT\u00e9l\u00e9phone : +33 (0)1 44 41 [&hellip;]<\/p>\n","protected":false},"author":1,"featured_media":0,"parent":0,"menu_order":0,"comment_status":"closed","ping_status":"closed","template":"","meta":{"_et_pb_use_builder":"on","_et_pb_old_content":"<p>[et_pb_section fb_built=\"1\" _builder_version=\"4.18.0\" _module_preset=\"default\" custom_padding=\"20px||||false|false\" animation_style=\"fade\" global_colors_info=\"{}\" theme_builder_area=\"post_content\"][et_pb_row _builder_version=\"4.18.0\" _module_preset=\"default\" global_colors_info=\"{}\" theme_builder_area=\"post_content\"][et_pb_column type=\"4_4\" _builder_version=\"4.18.0\" _module_preset=\"default\" global_colors_info=\"{}\" theme_builder_area=\"post_content\"][et_pb_text _builder_version=\"4.18.0\" _module_preset=\"default\" hover_enabled=\"0\" global_colors_info=\"{}\" theme_builder_area=\"post_content\" sticky_enabled=\"0\"]<\/p><div id=\"g1-content-area\"><div id=\"primary\"><div id=\"content\" role=\"main\"><article id=\"post-1939\" class=\"post-1939 page type-page status-publish hentry\"><header class=\"entry-header\"><div id=\"g1-content-area\"><div id=\"primary\"><div id=\"content\" role=\"main\"><article id=\"post-1728\" class=\"post-1728 page type-page status-publish hentry\"><header class=\"entry-header\"><div id=\"g1-content-area\"><div id=\"primary\"><div id=\"content\" role=\"main\"><article id=\"post-1532\" class=\"post-1532 page type-page status-publish hentry\"><header class=\"entry-header\"><hgroup><h1 class=\"entry-title\">La Lice des nuits<\/h1><\/hgroup><\/header><\/article><\/div><\/div><\/div><hgroup><h1 class=\"entry-title\">\u00a0<\/h1><\/hgroup><\/header><\/article><\/div><\/div><\/div><hgroup><h1 class=\"entry-title\">\u00a0<\/h1><\/hgroup><\/header><\/article><\/div><\/div><\/div><p>[\/et_pb_text][\/et_pb_column][\/et_pb_row][et_pb_row column_structure=\"2_3,1_3\" _builder_version=\"4.18.0\" _module_preset=\"default\" custom_padding=\"0px||||false|false\" global_colors_info=\"{}\" theme_builder_area=\"post_content\"][et_pb_column type=\"2_3\" _builder_version=\"4.18.0\" _module_preset=\"default\" global_colors_info=\"{}\" theme_builder_area=\"post_content\"][et_pb_text _builder_version=\"4.18.0\" _module_preset=\"default\" custom_padding=\"0px|||||\" hover_enabled=\"0\" global_colors_info=\"{}\" theme_builder_area=\"post_content\" sticky_enabled=\"0\"]<\/p><h3 style=\"text-align: justify;\">A PROPOS DE LA LICE DES NUITS par Didier Lamare<\/h3><p style=\"text-align: justify;\">La lice \u00e9tait le champ m\u00e9di\u00e9val du tournoi. La lice des nuits est le lieu des affrontements nocturnes.<\/p><p style=\"text-align: justify;\">Son langage est \u00e9quivoque \u2013 c\u2019est d\u2019ailleurs le propre des langues depuis la pierre de Babel. \u00c9quivoque aussi sa forme, et sans doute son sens, si tant est qu\u2019un compositeur accepte ce mot dont l\u2019auditeur use par impuissance \u00e0 mieux dire.<\/p><p style=\"text-align: justify;\">Il y a l\u00e0 quelque chose de vif et de pur et de neuf ; d\u2019abstrait, pour d\u00e9poser un terme plastique sur une musique qui l\u2019est mais qui s\u2019inscrit n\u00e9anmoins, avec toute la puissance des quatre-vingt-dix musiciens et malgr\u00e9 l\u2019apport des sons \u00e9lectroacoustiques d\u2019aujourd\u2019hui, dans une histoire de l\u2019orchestre, de ses sonorit\u00e9s, de ce qu\u2019elles charrient comme \u00e9motions, on ne va tout de m\u00eame pas y renoncer\u2026<\/p><p style=\"text-align: justify;\">Alors, il se passe quoi, dans cette Lice des nuits ? Sur ce champ de bataille born\u00e9 par la barri\u00e8re du jour d\u2019hier qu\u2019on n\u2019a \u00e9videmment pas pu retenir et celle du lendemain qui h\u00e9site entre menace et promesse. Sous les banni\u00e8res de l\u2019introspection secr\u00e8te et de la m\u00e9taphysique, quand entre trois et quatre heures du matin la nuit est au plus dense et l\u2019esprit au plus vif \u2013 qu\u2019on croit !, car la nuit sait aussi mentir et embrumer l\u2019esprit\u2026<\/p><p style=\"text-align: justify;\">Il s\u2019y passe des batailles, des conflits, des passions. Ceux d\u2019un langage musical \u00e0 inventer, d\u2019un h\u00e9ritage culturel \u00e0 accepter m\u00eame sous b\u00e9n\u00e9fice d\u2019inventaire, d\u2019une forme dramatique \u00e0 conduire sans pour autant renoncer aux r\u00e9volutions. Mais surtout, enchev\u00eatr\u00e9s au lieu d\u2019affrontement, nos propres batailles, nos conflits int\u00e9rieurs, nos passions essentielles, dont la nuit, \u00e0 d\u00e9faut de porter conseil, exacerbe les n\u0153uds, d\u00e9forme les fils, amplifie les teintes. Ce qui supposerait, bien que le compositeur ne nous y invite pas, \u00e0 entendre aussi la lice comme la pi\u00e8ce tapissi\u00e8re de la trame des \u00e9motions.<\/p><p style=\"text-align: justify;\">Le cha\u00eenage y entrecroise les soieries aux reflets d\u2019obsidienne et les ressauts aux \u00e9nergies contagieuses, les rebonds d\u2019inqui\u00e9tude, les appels des cuivres, les agitations d\u2019archets. Et d\u2019ainsi en ainsi, d\u2019engendrements successifs en extinctions provisoires, c\u2019est dans le fourmillement des micro-intervalles une succession d\u2019\u00e9v\u00e9nements qui se heurtent et se r\u00e9solvent sans que personne, pas m\u00eame le compositeur, n\u2019ait enti\u00e8rement la main dessus. Quelque chose comme un op\u00e9ra sans voix ni livret, d\u00e9barrass\u00e9 des affres du t\u00e9nor et de la soprano, qui ne serait pas moins lyrique pour autant. Chacun, dans cette profusion de drames sonores plus ou moins explicites, entendra les siens propres, propres \u00e0 la nuit qui s\u2019enchante et se d\u00e9senchante : les passions qui se lib\u00e8rent, les gouffres qui s\u2019effondrent, les amours, les angoisses, les doutes, les d\u00e9sirs, le chemin nocturne des illuminations universelles.<\/p><p style=\"text-align: justify;\">On ne s\u2019y rep\u00e8re pas imm\u00e9diatement, ce n\u2019est d\u2019ailleurs pas fait pour\u2026 La forme g\u00e9n\u00e9rale y aidera sans doute, qui serait celle d\u2019une arche invers\u00e9e \u2013 le contraire d\u2019un pont suspendu au-dessus : une passerelle vers le dessous \u2013 quelque chose qu\u2019on emprunterait, vaguement frissonnant, vers l\u2019exploration de nos ambigu\u00eft\u00e9s secr\u00e8tes.<br \/>Une architecture parabolique avec des libert\u00e9s de sym\u00e9trie o\u00f9 la fin n\u2019est que courbure, respiration profonde, lent reflux sonore.<br \/>Un th\u00e9\u00e2tre d\u2019ombres et de vivant, enchant\u00e9 par la lutherie \u00e9lectronique, partag\u00e9 entre des abondances orchestrales et l\u2019intimit\u00e9 des instruments solistes.<\/p><p style=\"text-align: justify;\">A-t-on d\u00e9j\u00e0 mieux entendu ce qu\u2019un grand orchestre peut offrir comme subtilit\u00e9s chambristes ? On interrogera sur la question les Nachtmusik de Mahler, les philharmoniques de Webern \u2013 et tant qu\u2019on y sera, on r\u00e9\u00e9coutera les partitions nocturnes de Schoenberg qui bataillait aussi entre r\u00e9volution formelle et l\u2019\u00e9ternit\u00e9 des passions.<\/p><p>[\/et_pb_text][et_pb_text _builder_version=\"4.18.0\" _module_preset=\"default\" global_colors_info=\"{}\" theme_builder_area=\"post_content\"]<\/p><p style=\"text-align: right;\"><a href=\"https:\/\/www.laurent-cuniot.com\/index-des-oeuvres\/\">Retour \u00e0 l\u2019index des \u0153uvres<\/a><\/p><p>[\/et_pb_text][\/et_pb_column][et_pb_column type=\"1_3\" _builder_version=\"4.18.0\" _module_preset=\"default\" global_colors_info=\"{}\" theme_builder_area=\"post_content\"][et_pb_text _builder_version=\"4.18.0\" _module_preset=\"default\" header_line_height=\"0em\" header_4_line_height=\"0em\" custom_padding=\"7px||||false|false\" hover_enabled=\"0\" global_colors_info=\"{}\" theme_builder_area=\"post_content\" sticky_enabled=\"0\"]<\/p><h4>Effectif instrumental<\/h4><p>Grand orchestre<br \/>4(pic, flA).4(cor ang).4(2clB).3(cbn)\/4.4.3(2trbT, trbB).1\/ 3perc, 2synt\/ cordes<\/p><p>\u00a0<\/p><h4>Dur\u00e9e<\/h4><p>20 min<\/p><p>\u00a0<\/p><h4>Cr\u00e9ation<\/h4><p>28\/04\/1989<br \/>Maisonde Radio-France, Paris<br \/>Orchestre Philharmonique de Radio-France, direction Michel Tabachnik<\/p><p>\u00a0<\/p><h4>Commanditaire<\/h4><p>Radio-France<\/p><p>\u00a0<\/p><h4>Contacts<\/h4><p>Editions Salabert<br \/>16 rue des Foss\u00e9s Saint-Jacques - 75005 Paris<br \/>T\u00e9l\u00e9phone : +33 (0)1 44 41 50 90<br \/><a href=\"https:\/\/www.durand-salabert-eschig.com\/fr-FR\/\">www.durand-salabert-eschig.com<\/a><\/p><p>[\/et_pb_text][et_pb_audio title=\"Extrait\" _builder_version=\"4.18.0\" _module_preset=\"default\" theme_builder_area=\"post_content\" title_text=\"Piste 7\" audio=\"https:\/\/www.laurent-cuniot.com\/wp-content\/uploads\/2022\/12\/licedesnuits.mp3\" hover_enabled=\"0\" sticky_enabled=\"0\"][\/et_pb_audio][\/et_pb_column][\/et_pb_row][\/et_pb_section]<\/p>","_et_gb_content_width":"","footnotes":""},"class_list":["post-757","page","type-page","status-publish","hentry"],"yoast_head":"<!-- This site is optimized with the Yoast SEO plugin v27.5 - https:\/\/yoast.com\/product\/yoast-seo-wordpress\/ -->\n<title>La Lice des nuits - Laurent Cuniot - Compositeur Chef d&#039;orchestre<\/title>\n<meta name=\"robots\" content=\"index, follow, max-snippet:-1, max-image-preview:large, max-video-preview:-1\" \/>\n<link rel=\"canonical\" href=\"https:\/\/www.laurent-cuniot.com\/en\/la-lice-des-nuits-2\/\" \/>\n<meta property=\"og:locale\" content=\"en_US\" \/>\n<meta property=\"og:type\" content=\"article\" \/>\n<meta property=\"og:title\" content=\"La Lice des nuits - Laurent Cuniot - Compositeur Chef d&#039;orchestre\" \/>\n<meta property=\"og:description\" content=\"La Lice des nuits Retour \u00e0 l\u2019index des \u0153uvres Instrumental Set Grand orchestre4(pic, flA).4(cor ang).4(2clB).3(cbn)\/4.4.3(2trbT, trbB).1\/ 3perc, 2synt\/ cordes &nbsp; Timing 20 min &nbsp; Date of creation 28\/04\/1989Maisonde Radio-France, ParisOrchestre Philharmonique de Radio-France, direction Michel Tabachnik &nbsp; Sponsors Radio-France &nbsp; Contacts Editions Salabert16 rue des Foss\u00e9s Saint-Jacques - 75005 ParisT\u00e9l\u00e9phone : +33 (0)1 44 41 [&hellip;]\" \/>\n<meta property=\"og:url\" content=\"https:\/\/www.laurent-cuniot.com\/en\/la-lice-des-nuits-2\/\" \/>\n<meta property=\"og:site_name\" content=\"Laurent Cuniot - Compositeur Chef d&#039;orchestre\" \/>\n<meta property=\"article:modified_time\" content=\"2023-01-07T12:14:42+00:00\" \/>\n<meta name=\"twitter:card\" content=\"summary_large_image\" \/>\n<meta name=\"twitter:label1\" content=\"Est. reading time\" \/>\n\t<meta name=\"twitter:data1\" content=\"4 minutes\" \/>\n<script type=\"application\/ld+json\" class=\"yoast-schema-graph\">{\"@context\":\"https:\\\/\\\/schema.org\",\"@graph\":[{\"@type\":\"WebPage\",\"@id\":\"https:\\\/\\\/www.laurent-cuniot.com\\\/en\\\/la-lice-des-nuits-2\\\/\",\"url\":\"https:\\\/\\\/www.laurent-cuniot.com\\\/en\\\/la-lice-des-nuits-2\\\/\",\"name\":\"La Lice des nuits - Laurent Cuniot - Compositeur Chef d&#039;orchestre\",\"isPartOf\":{\"@id\":\"https:\\\/\\\/www.laurent-cuniot.com\\\/en\\\/#website\"},\"datePublished\":\"2022-12-03T12:40:51+00:00\",\"dateModified\":\"2023-01-07T12:14:42+00:00\",\"breadcrumb\":{\"@id\":\"https:\\\/\\\/www.laurent-cuniot.com\\\/en\\\/la-lice-des-nuits-2\\\/#breadcrumb\"},\"inLanguage\":\"en-US\",\"potentialAction\":[{\"@type\":\"ReadAction\",\"target\":[\"https:\\\/\\\/www.laurent-cuniot.com\\\/en\\\/la-lice-des-nuits-2\\\/\"]}]},{\"@type\":\"BreadcrumbList\",\"@id\":\"https:\\\/\\\/www.laurent-cuniot.com\\\/en\\\/la-lice-des-nuits-2\\\/#breadcrumb\",\"itemListElement\":[{\"@type\":\"ListItem\",\"position\":1,\"name\":\"Accueil\",\"item\":\"https:\\\/\\\/www.laurent-cuniot.com\\\/en\\\/\"},{\"@type\":\"ListItem\",\"position\":2,\"name\":\"La Lice des nuits\"}]},{\"@type\":\"WebSite\",\"@id\":\"https:\\\/\\\/www.laurent-cuniot.com\\\/en\\\/#website\",\"url\":\"https:\\\/\\\/www.laurent-cuniot.com\\\/en\\\/\",\"name\":\"Laurent Cuniot - Compositeur Chef d&#039;orchestre\",\"description\":\"\",\"publisher\":{\"@id\":\"https:\\\/\\\/www.laurent-cuniot.com\\\/en\\\/#organization\"},\"potentialAction\":[{\"@type\":\"SearchAction\",\"target\":{\"@type\":\"EntryPoint\",\"urlTemplate\":\"https:\\\/\\\/www.laurent-cuniot.com\\\/en\\\/?s={search_term_string}\"},\"query-input\":{\"@type\":\"PropertyValueSpecification\",\"valueRequired\":true,\"valueName\":\"search_term_string\"}}],\"inLanguage\":\"en-US\"},{\"@type\":\"Organization\",\"@id\":\"https:\\\/\\\/www.laurent-cuniot.com\\\/en\\\/#organization\",\"name\":\"Laurent Cuniot - Compositeur Chef d&#039;orchestre\",\"url\":\"https:\\\/\\\/www.laurent-cuniot.com\\\/en\\\/\",\"logo\":{\"@type\":\"ImageObject\",\"inLanguage\":\"en-US\",\"@id\":\"https:\\\/\\\/www.laurent-cuniot.com\\\/en\\\/#\\\/schema\\\/logo\\\/image\\\/\",\"url\":\"https:\\\/\\\/www.laurent-cuniot.com\\\/wp-content\\\/uploads\\\/2022\\\/12\\\/Home2022-partition.jpg\",\"contentUrl\":\"https:\\\/\\\/www.laurent-cuniot.com\\\/wp-content\\\/uploads\\\/2022\\\/12\\\/Home2022-partition.jpg\",\"width\":1600,\"height\":900,\"caption\":\"Laurent Cuniot - Compositeur Chef d&#039;orchestre\"},\"image\":{\"@id\":\"https:\\\/\\\/www.laurent-cuniot.com\\\/en\\\/#\\\/schema\\\/logo\\\/image\\\/\"},\"sameAs\":[\"https:\\\/\\\/soundcloud.com\\\/laurent-cuniot\"]}]}<\/script>\n<!-- \/ Yoast SEO plugin. -->","yoast_head_json":{"title":"La Lice des nuits - Laurent Cuniot - Compositeur Chef d&#039;orchestre","robots":{"index":"index","follow":"follow","max-snippet":"max-snippet:-1","max-image-preview":"max-image-preview:large","max-video-preview":"max-video-preview:-1"},"canonical":"https:\/\/www.laurent-cuniot.com\/en\/la-lice-des-nuits-2\/","og_locale":"en_US","og_type":"article","og_title":"La Lice des nuits - Laurent Cuniot - Compositeur Chef d&#039;orchestre","og_description":"La Lice des nuits Retour \u00e0 l\u2019index des \u0153uvres Instrumental Set Grand orchestre4(pic, flA).4(cor ang).4(2clB).3(cbn)\/4.4.3(2trbT, trbB).1\/ 3perc, 2synt\/ cordes &nbsp; Timing 20 min &nbsp; Date of creation 28\/04\/1989Maisonde Radio-France, ParisOrchestre Philharmonique de Radio-France, direction Michel Tabachnik &nbsp; Sponsors Radio-France &nbsp; Contacts Editions Salabert16 rue des Foss\u00e9s Saint-Jacques - 75005 ParisT\u00e9l\u00e9phone : +33 (0)1 44 41 [&hellip;]","og_url":"https:\/\/www.laurent-cuniot.com\/en\/la-lice-des-nuits-2\/","og_site_name":"Laurent Cuniot - Compositeur Chef d&#039;orchestre","article_modified_time":"2023-01-07T12:14:42+00:00","twitter_card":"summary_large_image","twitter_misc":{"Est. reading time":"4 minutes"},"schema":{"@context":"https:\/\/schema.org","@graph":[{"@type":"WebPage","@id":"https:\/\/www.laurent-cuniot.com\/en\/la-lice-des-nuits-2\/","url":"https:\/\/www.laurent-cuniot.com\/en\/la-lice-des-nuits-2\/","name":"La Lice des nuits - Laurent Cuniot - Compositeur Chef d&#039;orchestre","isPartOf":{"@id":"https:\/\/www.laurent-cuniot.com\/en\/#website"},"datePublished":"2022-12-03T12:40:51+00:00","dateModified":"2023-01-07T12:14:42+00:00","breadcrumb":{"@id":"https:\/\/www.laurent-cuniot.com\/en\/la-lice-des-nuits-2\/#breadcrumb"},"inLanguage":"en-US","potentialAction":[{"@type":"ReadAction","target":["https:\/\/www.laurent-cuniot.com\/en\/la-lice-des-nuits-2\/"]}]},{"@type":"BreadcrumbList","@id":"https:\/\/www.laurent-cuniot.com\/en\/la-lice-des-nuits-2\/#breadcrumb","itemListElement":[{"@type":"ListItem","position":1,"name":"Accueil","item":"https:\/\/www.laurent-cuniot.com\/en\/"},{"@type":"ListItem","position":2,"name":"La Lice des nuits"}]},{"@type":"WebSite","@id":"https:\/\/www.laurent-cuniot.com\/en\/#website","url":"https:\/\/www.laurent-cuniot.com\/en\/","name":"Laurent Cuniot - Compositeur Chef d&#039;orchestre","description":"","publisher":{"@id":"https:\/\/www.laurent-cuniot.com\/en\/#organization"},"potentialAction":[{"@type":"SearchAction","target":{"@type":"EntryPoint","urlTemplate":"https:\/\/www.laurent-cuniot.com\/en\/?s={search_term_string}"},"query-input":{"@type":"PropertyValueSpecification","valueRequired":true,"valueName":"search_term_string"}}],"inLanguage":"en-US"},{"@type":"Organization","@id":"https:\/\/www.laurent-cuniot.com\/en\/#organization","name":"Laurent Cuniot - Compositeur Chef d&#039;orchestre","url":"https:\/\/www.laurent-cuniot.com\/en\/","logo":{"@type":"ImageObject","inLanguage":"en-US","@id":"https:\/\/www.laurent-cuniot.com\/en\/#\/schema\/logo\/image\/","url":"https:\/\/www.laurent-cuniot.com\/wp-content\/uploads\/2022\/12\/Home2022-partition.jpg","contentUrl":"https:\/\/www.laurent-cuniot.com\/wp-content\/uploads\/2022\/12\/Home2022-partition.jpg","width":1600,"height":900,"caption":"Laurent Cuniot - Compositeur Chef d&#039;orchestre"},"image":{"@id":"https:\/\/www.laurent-cuniot.com\/en\/#\/schema\/logo\/image\/"},"sameAs":["https:\/\/soundcloud.com\/laurent-cuniot"]}]}},"_links":{"self":[{"href":"https:\/\/www.laurent-cuniot.com\/en\/wp-json\/wp\/v2\/pages\/757","targetHints":{"allow":["GET"]}}],"collection":[{"href":"https:\/\/www.laurent-cuniot.com\/en\/wp-json\/wp\/v2\/pages"}],"about":[{"href":"https:\/\/www.laurent-cuniot.com\/en\/wp-json\/wp\/v2\/types\/page"}],"author":[{"embeddable":true,"href":"https:\/\/www.laurent-cuniot.com\/en\/wp-json\/wp\/v2\/users\/1"}],"replies":[{"embeddable":true,"href":"https:\/\/www.laurent-cuniot.com\/en\/wp-json\/wp\/v2\/comments?post=757"}],"version-history":[{"count":4,"href":"https:\/\/www.laurent-cuniot.com\/en\/wp-json\/wp\/v2\/pages\/757\/revisions"}],"predecessor-version":[{"id":763,"href":"https:\/\/www.laurent-cuniot.com\/en\/wp-json\/wp\/v2\/pages\/757\/revisions\/763"}],"wp:attachment":[{"href":"https:\/\/www.laurent-cuniot.com\/en\/wp-json\/wp\/v2\/media?parent=757"}],"curies":[{"name":"wp","href":"https:\/\/api.w.org\/{rel}","templated":true}]}}