{"id":735,"date":"2022-12-03T11:58:12","date_gmt":"2022-12-03T10:58:12","guid":{"rendered":"https:\/\/www.laurent-cuniot.com\/?page_id=735"},"modified":"2023-01-07T13:01:43","modified_gmt":"2023-01-07T12:01:43","slug":"just-before-3","status":"publish","type":"page","link":"https:\/\/www.laurent-cuniot.com\/en\/just-before-3\/","title":{"rendered":"Just before\u2026"},"content":{"rendered":"<p>[et_pb_section fb_built=&#8221;1&#8243; _builder_version=&#8221;4.18.0&#8243; _module_preset=&#8221;default&#8221; custom_padding=&#8221;20px||||false|false&#8221; animation_style=&#8221;fade&#8221; global_colors_info=&#8221;{}&#8221;][et_pb_row _builder_version=&#8221;4.18.0&#8243; _module_preset=&#8221;default&#8221; global_colors_info=&#8221;{}&#8221;][et_pb_column type=&#8221;4_4&#8243; _builder_version=&#8221;4.18.0&#8243; _module_preset=&#8221;default&#8221; global_colors_info=&#8221;{}&#8221;][et_pb_text _builder_version=&#8221;4.18.0&#8243; _module_preset=&#8221;default&#8221; global_colors_info=&#8221;{}&#8221;]<\/p>\n<div id=\"g1-content-area\">\n<div id=\"primary\">\n<div id=\"content\" role=\"main\">\n<article id=\"post-1939\" class=\"post-1939 page type-page status-publish hentry\">\n<header class=\"entry-header\">\n<div id=\"g1-content-area\">\n<div id=\"primary\">\n<div id=\"content\" role=\"main\">\n<article id=\"post-1728\" class=\"post-1728 page type-page status-publish hentry\">\n<header class=\"entry-header\">\n<hgroup>\n<h1 class=\"entry-title\">Just before\u2026<\/h1>\n<\/hgroup>\n<\/header>\n<\/article>\n<\/div>\n<\/div>\n<\/div>\n<hgroup>\n<h1 class=\"entry-title\"><\/h1>\n<\/hgroup>\n<\/header>\n<\/article>\n<\/div>\n<\/div>\n<\/div>\n<p>[\/et_pb_text][\/et_pb_column][\/et_pb_row][et_pb_row column_structure=&#8221;2_3,1_3&#8243; _builder_version=&#8221;4.18.0&#8243; _module_preset=&#8221;default&#8221; custom_padding=&#8221;0px||||false|false&#8221; global_colors_info=&#8221;{}&#8221;][et_pb_column type=&#8221;2_3&#8243; _builder_version=&#8221;4.18.0&#8243; _module_preset=&#8221;default&#8221; global_colors_info=&#8221;{}&#8221;][et_pb_text _builder_version=&#8221;4.18.0&#8243; _module_preset=&#8221;default&#8221; hover_enabled=&#8221;0&#8243; global_colors_info=&#8221;{}&#8221; theme_builder_area=&#8221;post_content&#8221; custom_padding=&#8221;40px||||false|false&#8221; sticky_enabled=&#8221;0&#8243;]<\/p>\n<p style=\"text-align: right;\"><a href=\"https:\/\/www.laurent-cuniot.com\/en\/works\/\">Back to works<\/a><\/p>\n<p>[\/et_pb_text][\/et_pb_column][et_pb_column type=&#8221;1_3&#8243; _builder_version=&#8221;4.18.0&#8243; _module_preset=&#8221;default&#8221; global_colors_info=&#8221;{}&#8221;][et_pb_image src=&#8221;https:\/\/www.laurent-cuniot.com\/wp-content\/uploads\/2022\/12\/Just-before.jpg&#8221; title_text=&#8221;Just-before&#8221; _builder_version=&#8221;4.18.0&#8243; _module_preset=&#8221;default&#8221; custom_margin=&#8221;36px||||false|false&#8221; global_colors_info=&#8221;{}&#8221;][\/et_pb_image][et_pb_text _builder_version=&#8221;4.18.0&#8243; _module_preset=&#8221;default&#8221; header_line_height=&#8221;0em&#8221; header_4_line_height=&#8221;0em&#8221; custom_padding=&#8221;7px||||false|false&#8221; hover_enabled=&#8221;0&#8243; global_colors_info=&#8221;{}&#8221; sticky_enabled=&#8221;0&#8243;]<\/p>\n<h4>Instrumental Set<\/h4>\n<p>1.1.3.0\/1.1.1.0\/2 perc\/6.5.4.4.2<\/p>\n<p>&nbsp;<\/p>\n<h4>Timing<\/h4>\n<p>15&#8242; min<\/p>\n<p>&nbsp;<\/p>\n<h4>Date of creation<\/h4>\n<p>24\/10\/2014<br \/>Fesival Sound, Aberdeen<br \/>Ensemble Red note et Orchestre d\u2019Auvergne<\/p>\n<p>&nbsp;<\/p>\n<h4>Sponsors<\/h4>\n<p>Commande conjointe 2014 du festival Musiques D\u00e9mesur\u00e9es, de l\u2019Orchestre d\u2019Auvergne, du festival Sound d\u2019Aberdeen et de l&#8217;ensemble Red Note (Ecosse).<\/p>\n<p>&nbsp;<\/p>\n<h4>Contacts<\/h4>\n<p>Editions Billaudot<br \/>14 rue de l\u2019Echiquier &#8211; 75010 Paris<br \/>Tel : +33 (0)1 45 23 22 54<br \/><a href=\"https:\/\/www.billaudot.com\/\" target=\"_blank\" rel=\"noopener\">www.billaudot.com<\/a><\/p>\n<p>[\/et_pb_text][\/et_pb_column][\/et_pb_row][\/et_pb_section]<\/p>\n","protected":false},"excerpt":{"rendered":"<p>Just before\u2026 Back to worksInstrumental Set 1.1.3.0\/1.1.1.0\/2 perc\/6.5.4.4.2 &nbsp; Timing 15&#8242; min &nbsp; Date of creation 24\/10\/2014Fesival Sound, AberdeenEnsemble Red note et Orchestre d\u2019Auvergne &nbsp; Sponsors Commande conjointe 2014 du festival Musiques D\u00e9mesur\u00e9es, de l\u2019Orchestre d\u2019Auvergne, du festival Sound d\u2019Aberdeen et de l&#8217;ensemble Red Note (Ecosse). &nbsp; Contacts Editions Billaudot14 rue de l\u2019Echiquier &#8211; 75010 [&hellip;]<\/p>\n","protected":false},"author":1,"featured_media":0,"parent":0,"menu_order":0,"comment_status":"closed","ping_status":"closed","template":"","meta":{"_et_pb_use_builder":"on","_et_pb_old_content":"<p>[et_pb_section fb_built=\"1\" _builder_version=\"4.18.0\" _module_preset=\"default\" custom_padding=\"20px||||false|false\" animation_style=\"fade\" global_colors_info=\"{}\"][et_pb_row _builder_version=\"4.18.0\" _module_preset=\"default\" global_colors_info=\"{}\"][et_pb_column type=\"4_4\" _builder_version=\"4.18.0\" _module_preset=\"default\" global_colors_info=\"{}\"][et_pb_text _builder_version=\"4.18.0\" _module_preset=\"default\" global_colors_info=\"{}\"]<\/p><div id=\"g1-content-area\"><div id=\"primary\"><div id=\"content\" role=\"main\"><article id=\"post-1939\" class=\"post-1939 page type-page status-publish hentry\"><header class=\"entry-header\"><div id=\"g1-content-area\"><div id=\"primary\"><div id=\"content\" role=\"main\"><article id=\"post-1728\" class=\"post-1728 page type-page status-publish hentry\"><header class=\"entry-header\"><hgroup><h1 class=\"entry-title\">Just before\u2026<\/h1><\/hgroup><\/header><\/article><\/div><\/div><\/div><hgroup><h1 class=\"entry-title\">\u00a0<\/h1><\/hgroup><\/header><\/article><\/div><\/div><\/div><p>[\/et_pb_text][\/et_pb_column][\/et_pb_row][et_pb_row column_structure=\"2_3,1_3\" _builder_version=\"4.18.0\" _module_preset=\"default\" custom_padding=\"0px||||false|false\" global_colors_info=\"{}\"][et_pb_column type=\"2_3\" _builder_version=\"4.18.0\" _module_preset=\"default\" global_colors_info=\"{}\"][et_pb_text _builder_version=\"4.18.0\" _module_preset=\"default\" custom_padding=\"0px|||||\" global_colors_info=\"{}\"]<\/p><h3 style=\"text-align: justify;\">NOTE D\u2019INTENTION<\/h3><p style=\"text-align: justify;\">Ecrite l\u2019ann\u00e9e de la comm\u00e9moration du centenaire de la \u00ab\u00a0Grande guerre\u00a0\u00bb, l\u2019\u0153uvre se veut comme une plong\u00e9e imaginaire dans la t\u00eate du combattant, le dernier quart d\u2019heure qui pr\u00e9c\u00e8de l\u2019assaut.<\/p><p style=\"text-align: justify;\">La forme de Just before\u2026a donc \u00e9t\u00e9 construite autour de ce que je suppose \u00eatre l\u2019\u00e9tat d\u2019esprit d\u2019un homme promis \u00e0 une mort quasi-certaine et dont la survie d\u00e9pendra d\u2019un coup de d\u00e9 du destin.<\/p><p style=\"text-align: justify;\">Le climat musical \u00e9volue ainsi entre ressassement obsessionnel, rumeurs mena\u00e7antes, r\u00eaverie irr\u00e9elle, nostalgie, gravit\u00e9, \u00e9tranget\u00e9 et aussi l\u2019\u00e9nergie folle qui donne le ressort d\u2019affronter l\u2019impensable.<\/p><p style=\"text-align: justify;\">Les couleurs sonores utilis\u00e9es mettent en jeu toutes les ressources d\u2019un ensemble de 31 musiciens compos\u00e9 de 21 cordes, 8 vents et 2 percussions en miroir. De l\u2019onde infime \u00e0 la d\u00e9flagration, du grondement au scintillement, le timbre ne cesse de nourrir la dramaturgie d\u2019une musique, \u00e0 l\u2019issue presque pr\u00e9visible, qui suit les m\u00e9andres d\u2019un esprit entre espoir et d\u00e9sespoir.<\/p><p style=\"text-align: justify;\">Mais, comme toute \u0153uvre bas\u00e9e sur un mod\u00e8le, Just before\u2026secr\u00e8te sa propre identit\u00e9 musicale qui \u00e9chappe au propos de d\u00e9part. Et si elle en demeure profond\u00e9ment impr\u00e9gn\u00e9e, elle ne se r\u00e9duit pas \u00e0 son illustration. S\u2019il n\u2019en reste que le souffle\u2026<\/p><p>LC<\/p><p>\u00a0<\/p><p>[\/et_pb_text][et_pb_text _builder_version=\"4.18.0\" _module_preset=\"default\" global_colors_info=\"{}\"]<\/p><p style=\"text-align: right;\"><a href=\"https:\/\/www.laurent-cuniot.com\/index-des-oeuvres\/\">Retour \u00e0 l\u2019index des \u0153uvres<\/a><\/p><p>[\/et_pb_text][\/et_pb_column][et_pb_column type=\"1_3\" _builder_version=\"4.18.0\" _module_preset=\"default\" global_colors_info=\"{}\"][et_pb_image src=\"https:\/\/www.laurent-cuniot.com\/wp-content\/uploads\/2022\/12\/Just-before.jpg\" title_text=\"Just-before\" _builder_version=\"4.18.0\" _module_preset=\"default\" custom_margin=\"36px||||false|false\" global_colors_info=\"{}\"][\/et_pb_image][et_pb_text _builder_version=\"4.18.0\" _module_preset=\"default\" header_line_height=\"0em\" header_4_line_height=\"0em\" custom_padding=\"7px||||false|false\" global_colors_info=\"{}\"]<\/p><h4>Effectif instrumental<\/h4><p>1.1.3.0\/1.1.1.0\/2 perc\/6.5.4.4.2<\/p><p>\u00a0<\/p><h4>Dur\u00e9e<\/h4><p>15' min<\/p><p>\u00a0<\/p><h4>Cr\u00e9ation<\/h4><p>24\/10\/2014<br \/>Fesival Sound, Aberdeen<br \/>Ensemble Red note et Orchestre d\u2019Auvergne<\/p><p>\u00a0<\/p><h4>Commanditaire<\/h4><p>Commande conjointe 2014 du festival Musiques D\u00e9mesur\u00e9es, de l\u2019Orchestre d\u2019Auvergne, du festival Sound d\u2019Aberdeen et de l'ensemble Red Note (Ecosse).<\/p><p>\u00a0<\/p><h4>Contacts<\/h4><p>Editions Billaudot<br \/>14 rue de l\u2019Echiquier - 75010 Paris<br \/>Tel : +33 (0)1 45 23 22 54<br \/><a href=\"https:\/\/www.billaudot.com\/\" target=\"_blank\" rel=\"noopener\">www.billaudot.com<\/a><\/p><p>[\/et_pb_text][\/et_pb_column][\/et_pb_row][\/et_pb_section]<\/p>","_et_gb_content_width":"","footnotes":""},"class_list":["post-735","page","type-page","status-publish","hentry"],"yoast_head":"<!-- This site is optimized with the Yoast SEO plugin v27.4 - https:\/\/yoast.com\/product\/yoast-seo-wordpress\/ -->\n<title>Just before\u2026 - Laurent Cuniot - Compositeur Chef d&#039;orchestre<\/title>\n<meta name=\"robots\" content=\"index, follow, max-snippet:-1, max-image-preview:large, max-video-preview:-1\" \/>\n<link rel=\"canonical\" href=\"https:\/\/www.laurent-cuniot.com\/en\/just-before-3\/\" \/>\n<meta property=\"og:locale\" content=\"en_US\" \/>\n<meta property=\"og:type\" content=\"article\" \/>\n<meta property=\"og:title\" content=\"Just before\u2026 - Laurent Cuniot - Compositeur Chef d&#039;orchestre\" \/>\n<meta property=\"og:description\" content=\"Just before\u2026 Back to worksInstrumental Set 1.1.3.0\/1.1.1.0\/2 perc\/6.5.4.4.2 &nbsp; Timing 15&#039; min &nbsp; Date of creation 24\/10\/2014Fesival Sound, AberdeenEnsemble Red note et Orchestre d\u2019Auvergne &nbsp; Sponsors Commande conjointe 2014 du festival Musiques D\u00e9mesur\u00e9es, de l\u2019Orchestre d\u2019Auvergne, du festival Sound d\u2019Aberdeen et de l&#039;ensemble Red Note (Ecosse). &nbsp; Contacts Editions Billaudot14 rue de l\u2019Echiquier - 75010 [&hellip;]\" \/>\n<meta property=\"og:url\" content=\"https:\/\/www.laurent-cuniot.com\/en\/just-before-3\/\" \/>\n<meta property=\"og:site_name\" content=\"Laurent Cuniot - Compositeur Chef d&#039;orchestre\" \/>\n<meta property=\"article:modified_time\" content=\"2023-01-07T12:01:43+00:00\" \/>\n<meta name=\"twitter:card\" content=\"summary_large_image\" \/>\n<meta name=\"twitter:label1\" content=\"Est. reading time\" \/>\n\t<meta name=\"twitter:data1\" content=\"2 minutes\" \/>\n<script type=\"application\/ld+json\" class=\"yoast-schema-graph\">{\"@context\":\"https:\\\/\\\/schema.org\",\"@graph\":[{\"@type\":\"WebPage\",\"@id\":\"https:\\\/\\\/www.laurent-cuniot.com\\\/en\\\/just-before-3\\\/\",\"url\":\"https:\\\/\\\/www.laurent-cuniot.com\\\/en\\\/just-before-3\\\/\",\"name\":\"Just before\u2026 - Laurent Cuniot - Compositeur Chef d&#039;orchestre\",\"isPartOf\":{\"@id\":\"https:\\\/\\\/www.laurent-cuniot.com\\\/en\\\/#website\"},\"datePublished\":\"2022-12-03T10:58:12+00:00\",\"dateModified\":\"2023-01-07T12:01:43+00:00\",\"breadcrumb\":{\"@id\":\"https:\\\/\\\/www.laurent-cuniot.com\\\/en\\\/just-before-3\\\/#breadcrumb\"},\"inLanguage\":\"en-US\",\"potentialAction\":[{\"@type\":\"ReadAction\",\"target\":[\"https:\\\/\\\/www.laurent-cuniot.com\\\/en\\\/just-before-3\\\/\"]}]},{\"@type\":\"BreadcrumbList\",\"@id\":\"https:\\\/\\\/www.laurent-cuniot.com\\\/en\\\/just-before-3\\\/#breadcrumb\",\"itemListElement\":[{\"@type\":\"ListItem\",\"position\":1,\"name\":\"Accueil\",\"item\":\"https:\\\/\\\/www.laurent-cuniot.com\\\/en\\\/\"},{\"@type\":\"ListItem\",\"position\":2,\"name\":\"Just before\u2026\"}]},{\"@type\":\"WebSite\",\"@id\":\"https:\\\/\\\/www.laurent-cuniot.com\\\/en\\\/#website\",\"url\":\"https:\\\/\\\/www.laurent-cuniot.com\\\/en\\\/\",\"name\":\"Laurent Cuniot - Compositeur Chef d&#039;orchestre\",\"description\":\"\",\"publisher\":{\"@id\":\"https:\\\/\\\/www.laurent-cuniot.com\\\/en\\\/#organization\"},\"potentialAction\":[{\"@type\":\"SearchAction\",\"target\":{\"@type\":\"EntryPoint\",\"urlTemplate\":\"https:\\\/\\\/www.laurent-cuniot.com\\\/en\\\/?s={search_term_string}\"},\"query-input\":{\"@type\":\"PropertyValueSpecification\",\"valueRequired\":true,\"valueName\":\"search_term_string\"}}],\"inLanguage\":\"en-US\"},{\"@type\":\"Organization\",\"@id\":\"https:\\\/\\\/www.laurent-cuniot.com\\\/en\\\/#organization\",\"name\":\"Laurent Cuniot - Compositeur Chef d&#039;orchestre\",\"url\":\"https:\\\/\\\/www.laurent-cuniot.com\\\/en\\\/\",\"logo\":{\"@type\":\"ImageObject\",\"inLanguage\":\"en-US\",\"@id\":\"https:\\\/\\\/www.laurent-cuniot.com\\\/en\\\/#\\\/schema\\\/logo\\\/image\\\/\",\"url\":\"https:\\\/\\\/www.laurent-cuniot.com\\\/wp-content\\\/uploads\\\/2022\\\/12\\\/Home2022-partition.jpg\",\"contentUrl\":\"https:\\\/\\\/www.laurent-cuniot.com\\\/wp-content\\\/uploads\\\/2022\\\/12\\\/Home2022-partition.jpg\",\"width\":1600,\"height\":900,\"caption\":\"Laurent Cuniot - Compositeur Chef d&#039;orchestre\"},\"image\":{\"@id\":\"https:\\\/\\\/www.laurent-cuniot.com\\\/en\\\/#\\\/schema\\\/logo\\\/image\\\/\"},\"sameAs\":[\"https:\\\/\\\/soundcloud.com\\\/laurent-cuniot\"]}]}<\/script>\n<!-- \/ Yoast SEO plugin. -->","yoast_head_json":{"title":"Just before\u2026 - Laurent Cuniot - Compositeur Chef d&#039;orchestre","robots":{"index":"index","follow":"follow","max-snippet":"max-snippet:-1","max-image-preview":"max-image-preview:large","max-video-preview":"max-video-preview:-1"},"canonical":"https:\/\/www.laurent-cuniot.com\/en\/just-before-3\/","og_locale":"en_US","og_type":"article","og_title":"Just before\u2026 - Laurent Cuniot - Compositeur Chef d&#039;orchestre","og_description":"Just before\u2026 Back to worksInstrumental Set 1.1.3.0\/1.1.1.0\/2 perc\/6.5.4.4.2 &nbsp; Timing 15' min &nbsp; Date of creation 24\/10\/2014Fesival Sound, AberdeenEnsemble Red note et Orchestre d\u2019Auvergne &nbsp; Sponsors Commande conjointe 2014 du festival Musiques D\u00e9mesur\u00e9es, de l\u2019Orchestre d\u2019Auvergne, du festival Sound d\u2019Aberdeen et de l'ensemble Red Note (Ecosse). &nbsp; Contacts Editions Billaudot14 rue de l\u2019Echiquier - 75010 [&hellip;]","og_url":"https:\/\/www.laurent-cuniot.com\/en\/just-before-3\/","og_site_name":"Laurent Cuniot - Compositeur Chef d&#039;orchestre","article_modified_time":"2023-01-07T12:01:43+00:00","twitter_card":"summary_large_image","twitter_misc":{"Est. reading time":"2 minutes"},"schema":{"@context":"https:\/\/schema.org","@graph":[{"@type":"WebPage","@id":"https:\/\/www.laurent-cuniot.com\/en\/just-before-3\/","url":"https:\/\/www.laurent-cuniot.com\/en\/just-before-3\/","name":"Just before\u2026 - Laurent Cuniot - Compositeur Chef d&#039;orchestre","isPartOf":{"@id":"https:\/\/www.laurent-cuniot.com\/en\/#website"},"datePublished":"2022-12-03T10:58:12+00:00","dateModified":"2023-01-07T12:01:43+00:00","breadcrumb":{"@id":"https:\/\/www.laurent-cuniot.com\/en\/just-before-3\/#breadcrumb"},"inLanguage":"en-US","potentialAction":[{"@type":"ReadAction","target":["https:\/\/www.laurent-cuniot.com\/en\/just-before-3\/"]}]},{"@type":"BreadcrumbList","@id":"https:\/\/www.laurent-cuniot.com\/en\/just-before-3\/#breadcrumb","itemListElement":[{"@type":"ListItem","position":1,"name":"Accueil","item":"https:\/\/www.laurent-cuniot.com\/en\/"},{"@type":"ListItem","position":2,"name":"Just before\u2026"}]},{"@type":"WebSite","@id":"https:\/\/www.laurent-cuniot.com\/en\/#website","url":"https:\/\/www.laurent-cuniot.com\/en\/","name":"Laurent Cuniot - Compositeur Chef d&#039;orchestre","description":"","publisher":{"@id":"https:\/\/www.laurent-cuniot.com\/en\/#organization"},"potentialAction":[{"@type":"SearchAction","target":{"@type":"EntryPoint","urlTemplate":"https:\/\/www.laurent-cuniot.com\/en\/?s={search_term_string}"},"query-input":{"@type":"PropertyValueSpecification","valueRequired":true,"valueName":"search_term_string"}}],"inLanguage":"en-US"},{"@type":"Organization","@id":"https:\/\/www.laurent-cuniot.com\/en\/#organization","name":"Laurent Cuniot - Compositeur Chef d&#039;orchestre","url":"https:\/\/www.laurent-cuniot.com\/en\/","logo":{"@type":"ImageObject","inLanguage":"en-US","@id":"https:\/\/www.laurent-cuniot.com\/en\/#\/schema\/logo\/image\/","url":"https:\/\/www.laurent-cuniot.com\/wp-content\/uploads\/2022\/12\/Home2022-partition.jpg","contentUrl":"https:\/\/www.laurent-cuniot.com\/wp-content\/uploads\/2022\/12\/Home2022-partition.jpg","width":1600,"height":900,"caption":"Laurent Cuniot - Compositeur Chef d&#039;orchestre"},"image":{"@id":"https:\/\/www.laurent-cuniot.com\/en\/#\/schema\/logo\/image\/"},"sameAs":["https:\/\/soundcloud.com\/laurent-cuniot"]}]}},"_links":{"self":[{"href":"https:\/\/www.laurent-cuniot.com\/en\/wp-json\/wp\/v2\/pages\/735","targetHints":{"allow":["GET"]}}],"collection":[{"href":"https:\/\/www.laurent-cuniot.com\/en\/wp-json\/wp\/v2\/pages"}],"about":[{"href":"https:\/\/www.laurent-cuniot.com\/en\/wp-json\/wp\/v2\/types\/page"}],"author":[{"embeddable":true,"href":"https:\/\/www.laurent-cuniot.com\/en\/wp-json\/wp\/v2\/users\/1"}],"replies":[{"embeddable":true,"href":"https:\/\/www.laurent-cuniot.com\/en\/wp-json\/wp\/v2\/comments?post=735"}],"version-history":[{"count":3,"href":"https:\/\/www.laurent-cuniot.com\/en\/wp-json\/wp\/v2\/pages\/735\/revisions"}],"predecessor-version":[{"id":739,"href":"https:\/\/www.laurent-cuniot.com\/en\/wp-json\/wp\/v2\/pages\/735\/revisions\/739"}],"wp:attachment":[{"href":"https:\/\/www.laurent-cuniot.com\/en\/wp-json\/wp\/v2\/media?parent=735"}],"curies":[{"name":"wp","href":"https:\/\/api.w.org\/{rel}","templated":true}]}}