{"id":712,"date":"2022-10-26T15:40:25","date_gmt":"2022-10-26T13:40:25","guid":{"rendered":"https:\/\/www.laurent-cuniot.com\/?page_id=712"},"modified":"2023-01-07T18:16:53","modified_gmt":"2023-01-07T17:16:53","slug":"works","status":"publish","type":"page","link":"https:\/\/www.laurent-cuniot.com\/en\/works\/","title":{"rendered":"Works"},"content":{"rendered":"<p>[et_pb_section fb_built=&#8221;1&#8243; _builder_version=&#8221;4.18.0&#8243; _module_preset=&#8221;default&#8221; custom_padding=&#8221;20px||||false|false&#8221; animation_style=&#8221;fade&#8221; global_colors_info=&#8221;{}&#8221;][et_pb_row _builder_version=&#8221;4.18.0&#8243; _module_preset=&#8221;default&#8221; global_colors_info=&#8221;{}&#8221;][et_pb_column type=&#8221;4_4&#8243; _builder_version=&#8221;4.18.0&#8243; _module_preset=&#8221;default&#8221; global_colors_info=&#8221;{}&#8221;][et_pb_text _builder_version=&#8221;4.18.0&#8243; _module_preset=&#8221;default&#8221; global_colors_info=&#8221;{}&#8221;]<\/p>\n<h1>Works<\/h1>\n<p>[\/et_pb_text][\/et_pb_column][\/et_pb_row][et_pb_row column_structure=&#8221;3_5,2_5&#8243; _builder_version=&#8221;4.18.0&#8243; _module_preset=&#8221;default&#8221; custom_padding=&#8221;0px||||false|false&#8221; global_colors_info=&#8221;{}&#8221;][et_pb_column type=&#8221;3_5&#8243; _builder_version=&#8221;4.18.0&#8243; _module_preset=&#8221;default&#8221; global_colors_info=&#8221;{}&#8221;][et_pb_text _builder_version=&#8221;4.18.0&#8243; _module_preset=&#8221;default&#8221; header_4_line_height=&#8221;0em&#8221; custom_padding=&#8221;0px|||||&#8221; hover_enabled=&#8221;0&#8243; global_colors_info=&#8221;{}&#8221; sticky_enabled=&#8221;0&#8243;]<\/p>\n<h4>Opera<\/h4>\n<p><a href=\"https:\/\/www.laurent-cuniot.com\/en\/des-petales-dans-la-bouche-3\/\">Des p\u00e9tales dans la bouche<\/a> (2011) op\u00e9ra pour une voix et 15 instruments<br \/><a href=\"https:\/\/www.laurent-cuniot.com\/en\/cinq-pieces-pour-hamlet-2\/\">Cinq pi\u00e8ces pour Hamlet<\/a> (1987) pour 7 chanteurs, 7 instrumentistes et dispositif \u00e9lectroacoustique<\/p>\n<p>&nbsp;<\/p>\n<h4>Orchestral Music<\/h4>\n<p><a href=\"https:\/\/www.laurent-cuniot.com\/en\/just-before-3\/\">Just before\u2026<\/a>(2014) pour 31 musiciens<br \/><a href=\"https:\/\/www.laurent-cuniot.com\/en\/verra-la-morte-2\/\">Verr\u00e0 la morte<\/a> (1997) pour clarinette et orchestre<br \/><a href=\"https:\/\/www.laurent-cuniot.com\/en\/to-c-from-c-3\/\">To C. from C.<\/a> (1995) pour voix et orchestre<br \/><a href=\"https:\/\/www.laurent-cuniot.com\/en\/la-lice-des-nuits-2\/\">La Lice des nuits<\/a> (1989) pour grand orchestre<\/p>\n<p>&nbsp;<\/p>\n<h4>Vocal Music<\/h4>\n<p><a href=\"https:\/\/www.laurent-cuniot.com\/en\/spring-and-all-2\/\">Spring and all<\/a> (2003) pour mezzo-soprano et 10 instruments<br \/><a href=\"https:\/\/www.laurent-cuniot.com\/en\/ihm-eine-hymne-2\/\">Ihm, eine Hymne<\/a> (2001) pour 6 voix et 7 instruments<br \/><a href=\"https:\/\/www.laurent-cuniot.com\/en\/lascaux-2\/\">Lascaux<\/a> (1992) pour 6 voix de femmes et 6 instruments<br \/><a href=\"https:\/\/www.laurent-cuniot.com\/en\/lexil-au-miroir-2\/\">L\u2019exil au miroir<\/a> (1984) pour 6 voix d\u2019hommes et dispositif \u00e9lectroacoustique<br \/><a href=\"https:\/\/www.laurent-cuniot.com\/en\/meteora-2\/\">Meteora<\/a> (1982) pour six voix mixtes et trois synth\u00e9tiseurs<\/p>\n<p>&nbsp;<\/p>\n<h4>Ensemble Music<\/h4>\n<p><a href=\"https:\/\/www.laurent-cuniot.com\/en\/to-deep-and-deeper-blue-3\/\">To deep and deeper blue<\/a> (2010) pour 8 instruments<br \/><a href=\"https:\/\/www.laurent-cuniot.com\/en\/ombrae-4\/\">Ombrae<\/a> (2006) pour cor anglais et 9 instruments<br \/><a href=\"https:\/\/www.laurent-cuniot.com\/en\/solaires-version-de-chambre-2\/\">Solaires<\/a> (2001 )pour 7 instruments, version sans dispositif \u00e9lectroacoustique<br \/><a href=\"https:\/\/www.laurent-cuniot.com\/en\/solaires-2\/\">Solaires<\/a> (1998) pour 7 instruments et dispositif \u00e9lectroacoustique<br \/><a href=\"https:\/\/www.laurent-cuniot.com\/en\/les-arches-liminaires-2\/\">Les arches liminaires<\/a> (1986) pour 11 instruments<br \/><a href=\"https:\/\/www.laurent-cuniot.com\/en\/lignes-figurees-2\/\">Lignes figur\u00e9es<\/a> (1986) pour 7 instruments<\/p>\n<p>&nbsp;<\/p>\n<h4>Chamber Music<\/h4>\n<p><a href=\"https:\/\/www.laurent-cuniot.com\/en\/les-couleurs-silencieuses-hommage-a-vassily-kandinsky-2\/\">Les couleurs silencieuses<\/a> (2014) pour fl\u00fbte, clarinette et piano<br \/><a href=\"https:\/\/www.laurent-cuniot.com\/en\/villa-adriana-3\/\">Villa adriana<\/a> (2013) pour sextuor \u00e0 cordes<br \/><a href=\"https:\/\/www.laurent-cuniot.com\/en\/e-la-mezzanotte-libera-voli-2\/\">E la mezzanotte libera voli<\/a> (2013) pour cor, trompette, trombone et vibraphone<br \/><a href=\"https:\/\/www.laurent-cuniot.com\/en\/prelude-demesure-revision-passages\/\">Pr\u00e9lude d\u00e9mesur\u00e9<\/a> (r\u00e9vision Passages 2012) pour violon et clarinette<br \/><a href=\"https:\/\/www.laurent-cuniot.com\/en\/les-mains-invisibles-2\/\">Les mains invisibles<\/a> (2000) cinq mouvements pour clarinette, cor et vibraphone<br \/><a href=\"https:\/\/www.laurent-cuniot.com\/en\/quatuor-2\/\">Quatuor<\/a> (1983) pour violon, violoncelle et 2 synth\u00e9tiseurs<\/p>\n<p>&nbsp;<\/p>\n<h4>Solo Music<\/h4>\n<p><a href=\"https:\/\/www.laurent-cuniot.com\/en\/efji-3\/\">Efji<\/a> (2005) pour percussion<br \/><a href=\"https:\/\/www.laurent-cuniot.com\/en\/passages-2\/\">Passages<\/a> (1995) pour violon<\/p>\n<p>&nbsp;<\/p>\n<h4>Pedagogical Works<\/h4>\n<p><a href=\"https:\/\/www.laurent-cuniot.com\/en\/dans-le-miroir-dalice-2\/\">Dans le miroir d\u2019Alice<\/a> (2014) musique de sc\u00e8ne<br \/><a href=\"https:\/\/www.laurent-cuniot.com\/en\/la-nuit-bleue-2\/\">La nuit bleue<\/a> (1983) pour piano et bande magn\u00e9tique<br \/><a href=\"https:\/\/www.laurent-cuniot.com\/en\/metamorphosalides-2\/\">Metamorphosalides<\/a> (1980) op\u00e9ra pour enfants<\/p>\n<p>[\/et_pb_text][\/et_pb_column][et_pb_column type=&#8221;2_5&#8243; _builder_version=&#8221;4.18.0&#8243; _module_preset=&#8221;default&#8221; global_colors_info=&#8221;{}&#8221;][et_pb_image src=&#8221;https:\/\/www.laurent-cuniot.com\/wp-content\/uploads\/2022\/12\/LEnfant-Inoui-1.jpg&#8221; title_text=&#8221;Maison de la Musique de Nanterre et TM+ &#038; Sylvain Maurice 2019-20<br \/>\nl&#8217;Enfant Inou\u00ef inspir\u00e9 d&#8217;Olivier Jeffers<br \/>\nMusique Laurent Cunio<br \/>\nmise en sc\u00e8ne et livret Sylvain Maurice&#8221; _builder_version=&#8221;4.18.0&#8243; _module_preset=&#8221;default&#8221; global_colors_info=&#8221;{}&#8221;][\/et_pb_image][et_pb_image src=&#8221;https:\/\/www.laurent-cuniot.com\/wp-content\/uploads\/2022\/12\/petales2.jpg&#8221; title_text=&#8221;petales2&#8243; force_fullwidth=&#8221;on&#8221; _builder_version=&#8221;4.18.0&#8243; _module_preset=&#8221;default&#8221; global_colors_info=&#8221;{}&#8221;][\/et_pb_image][et_pb_image src=&#8221;https:\/\/www.laurent-cuniot.com\/wp-content\/uploads\/2022\/12\/IMG_9716.jpg&#8221; title_text=&#8221;IMG_9716&#8243; force_fullwidth=&#8221;on&#8221; _builder_version=&#8221;4.18.0&#8243; _module_preset=&#8221;default&#8221; global_colors_info=&#8221;{}&#8221;][\/et_pb_image][\/et_pb_column][\/et_pb_row][\/et_pb_section]<\/p>\n","protected":false},"excerpt":{"rendered":"<p>WorksOpera Des p\u00e9tales dans la bouche (2011) op\u00e9ra pour une voix et 15 instrumentsCinq pi\u00e8ces pour Hamlet (1987) pour 7 chanteurs, 7 instrumentistes et dispositif \u00e9lectroacoustique &nbsp; Orchestral Music Just before\u2026(2014) pour 31 musiciensVerr\u00e0 la morte (1997) pour clarinette et orchestreTo C. from C. (1995) pour voix et orchestreLa Lice des nuits (1989) pour grand [&hellip;]<\/p>\n","protected":false},"author":1,"featured_media":0,"parent":0,"menu_order":0,"comment_status":"closed","ping_status":"closed","template":"","meta":{"_et_pb_use_builder":"on","_et_pb_old_content":"<p>[et_pb_section fb_built=\"1\" _builder_version=\"4.18.0\" _module_preset=\"default\" custom_padding=\"20px||||false|false\" animation_style=\"fade\" global_colors_info=\"{}\"][et_pb_row _builder_version=\"4.18.0\" _module_preset=\"default\" global_colors_info=\"{}\"][et_pb_column type=\"4_4\" _builder_version=\"4.18.0\" _module_preset=\"default\" global_colors_info=\"{}\"][et_pb_text _builder_version=\"4.18.0\" _module_preset=\"default\" global_colors_info=\"{}\"]<\/p><h1>Index des oeuvres<\/h1><p>[\/et_pb_text][\/et_pb_column][\/et_pb_row][et_pb_row column_structure=\"3_5,2_5\" _builder_version=\"4.18.0\" _module_preset=\"default\" custom_padding=\"0px||||false|false\" global_colors_info=\"{}\"][et_pb_column type=\"3_5\" _builder_version=\"4.18.0\" _module_preset=\"default\" global_colors_info=\"{}\"][et_pb_text _builder_version=\"4.18.0\" _module_preset=\"default\" header_4_line_height=\"0em\" custom_padding=\"0px|||||\" global_colors_info=\"{}\"]<\/p><h4>Op\u00e9ra<\/h4><p><a href=\"https:\/\/www.laurent-cuniot.com\/lenfant-inoui\/\">L\u2019Enfant Inou\u00ef<\/a> (2019) Op\u00e9ra jeune public pour une voix, 3 instuments et \u00e9lectronique<br \/><a href=\" https:\/\/www.laurent-cuniot.com\/des-petales-dans-la-bouche\/\">Des p\u00e9tales dans la bouche<\/a> (2011) op\u00e9ra pour une voix et 15 instruments<br \/><a href=\"https:\/\/www.laurent-cuniot.com\/cinq-pieces-pour-hamlet\/\">Cinq pi\u00e8ces pour Hamlet<\/a> (1987) pour 7 chanteurs, 7 instrumentistes et dispositif \u00e9lectroacoustique<\/p><p>\u00a0<\/p><h4>Musique d\u2019orchestre<\/h4><p><a href=\"https:\/\/www.laurent-cuniot.com\/lange-double\/\">L\u2019Ange double<\/a> (T\u00e9tralogie intime II 2017) pour hautbois et 42 musiciens<br \/><a href=\"https:\/\/www.laurent-cuniot.com\/just-before\/\">Just before\u2026<\/a>(2014) pour 31 musiciens<br \/><a href=\"https:\/\/www.laurent-cuniot.com\/verra-la-morte\/\">Verr\u00e0 la morte<\/a> (1997) pour clarinette et orchestre<br \/><a href=\"https:\/\/www.laurent-cuniot.com\/to-c-from-c\/\">To C. from C.<\/a> (1995) pour voix et orchestre<br \/><a href=\"https:\/\/www.laurent-cuniot.com\/la-lice-des-nuits\/\">La Lice des nuits<\/a> (1989) pour grand orchestre<\/p><p>\u00a0<\/p><h4>Musique vocale<\/h4><p><a href=\"https:\/\/www.laurent-cuniot.com\/trans-portees\/\">Trans-port\u00e9es<\/a> (2019) pour soprano, hautbois\/cor anglais, clarinettes, violoncelle et percussion<br \/><a href=\"https:\/\/www.laurent-cuniot.com\/conditions-de-lumiere\/\">Conditions de lumi\u00e8re<\/a> (T\u00e9tralogie intime I 2018) pour mezzo-soprano et 3 instruments<br \/><a href=\"https:\/\/www.laurent-cuniot.com\/spring-and-all\/\">Spring and all<\/a> (2003) pour mezzo-soprano et 10 instruments<br \/><a href=\"https:\/\/www.laurent-cuniot.com\/ihm-eine-hymne\/\">Ihm, eine Hymne<\/a> (2001) pour 6 voix et 7 instruments<br \/><a href=\"https:\/\/www.laurent-cuniot.com\/lascaux\/\">Lascaux<\/a> (1992) pour 6 voix de femmes et 6 instruments<br \/><a href=\"https:\/\/www.laurent-cuniot.com\/lexil-au-miroir\/\">L\u2019exil au miroir<\/a> (1984) pour 6 voix d\u2019hommes et dispositif \u00e9lectroacoustique<br \/><a href=\"https:\/\/www.laurent-cuniot.com\/meteora\/\">Meteora<\/a> (1982) pour six voix mixtes et trois synth\u00e9tiseurs<\/p><p>\u00a0<\/p><h4>Musique d\u2019ensemble<\/h4><p><a href=\"https:\/\/www.laurent-cuniot.com\/une\/\">Une<\/a> (T\u00e9tralogie intime III 2020) pour percussions et 11 instruments<br \/><a href=\"https:\/\/www.laurent-cuniot.com\/reverse-flows\/\">Reverse Flows<\/a> (2015) pour alto, 13 instruments et \u00e9lectronique<br \/><a href=\"https:\/\/www.laurent-cuniot.com\/to-deep-and-deeper-blue\/\">To deep and deeper blue<\/a> (2010) pour 8 instruments<br \/><a href=\"https:\/\/www.laurent-cuniot.com\/ombrae\/\">Ombrae<\/a> (2006) pour cor anglais et 9 instruments<br \/><a href=\"https:\/\/www.laurent-cuniot.com\/solaires-version-de-chambre\/\">Solaires<\/a> (2001 )pour 7 instruments, version sans dispositif \u00e9lectroacoustique<br \/><a href=\"https:\/\/www.laurent-cuniot.com\/solaires\/\">Solaires<\/a> (1998) pour 7 instruments et dispositif \u00e9lectroacoustique<br \/><a href=\"https:\/\/www.laurent-cuniot.com\/les-arches-liminaires\/\">Les arches liminaires<\/a> (1986) pour 11 instruments<br \/><a href=\"https:\/\/www.laurent-cuniot.com\/lignes-figurees\/\">Lignes figur\u00e9es<\/a> (1986) pour 7 instruments<\/p><p>\u00a0<\/p><h4>Musique de chambre<\/h4><p><a href=\"https:\/\/www.laurent-cuniot.com\/les-ailes-de-linstant\/\">Les ailes de l\u2019instant<\/a> (2021) pour saxophone alto et vibraphone<br \/><a href=\"https:\/\/www.laurent-cuniot.com\/postlude-a-laube\/\">Postlude \u00e0 l\u2019aube<\/a> (2019) pour hautbois\/cor anglais, clarinette, violoncelle et harpe<br \/><a href=\"https:\/\/www.laurent-cuniot.com\/les-couleurs-silencieuses-hommage-a-vassily-kandinsky\/\">Les couleurs silencieuses<\/a> (2014) pour fl\u00fbte, clarinette et piano<br \/><a href=\"https:\/\/www.laurent-cuniot.com\/villa-adriana\/\">Villa adriana<\/a> (2013) pour sextuor \u00e0 cordes<br \/><a href=\"https:\/\/www.laurent-cuniot.com\/e-la-mezzanotte-libera-voli\/\">E la mezzanotte libera voli<\/a> (2013) pour cor, trompette, trombone et vibraphone<br \/><a href=\"https:\/\/www.laurent-cuniot.com\/prelude-demesure\/\">Pr\u00e9lude d\u00e9mesur\u00e9<\/a> (r\u00e9vision Passages 2012) pour violon et clarinette<br \/><a href=\"https:\/\/www.laurent-cuniot.com\/les-mains-invisibles\/\">Les mains invisibles<\/a> (2000) cinq mouvements pour clarinette, cor et vibraphone<br \/><a href=\"https:\/\/www.laurent-cuniot.com\/quatuor\/\">Quatuor<\/a> (1983) pour violon, violoncelle et 2 synth\u00e9tiseurs<\/p><p>\u00a0<\/p><h4>Musique soliste<\/h4><p><a href=\"https:\/\/www.laurent-cuniot.com\/reverse-flows-2\/\">Reverse flows<\/a>, suite acousmatique (2018)<br \/><a href=\"https:\/\/www.laurent-cuniot.com\/efji\/\">Efji<\/a> (2005) pour percussion<br \/><a href=\"https:\/\/www.laurent-cuniot.com\/passages\/\">Passages<\/a> (1995) pour violon<\/p><p>\u00a0<\/p><h4>\u0152uvres \u00e0 caract\u00e8re p\u00e9dagogique<\/h4><p><a href=\"https:\/\/www.laurent-cuniot.com\/clarte-de-sable\/\">Clart\u00e9 de sable<\/a> (2018) pour orchestre demos<br \/><a href=\"https:\/\/www.laurent-cuniot.com\/un-grenier-plein-despoir\/\">Un grenier plein d\u2019espoir<\/a> (2016) musique de sc\u00e8ne<br \/><a href=\"https:\/\/www.laurent-cuniot.com\/dans-le-miroir-dalice\/\">Dans le miroir d\u2019Alice<\/a> (2014) musique de sc\u00e8ne<br \/><a href=\"https:\/\/www.laurent-cuniot.com\/la-nuit-bleue\/\">La nuit bleue<\/a> (1983) pour piano et bande magn\u00e9tique<br \/><a href=\"https:\/\/www.laurent-cuniot.com\/metamorphosalides\/\">Metamorphosalides<\/a> (1980) op\u00e9ra pour enfants<\/p><p>[\/et_pb_text][\/et_pb_column][et_pb_column type=\"2_5\" _builder_version=\"4.18.0\" _module_preset=\"default\" global_colors_info=\"{}\"][et_pb_image src=\"https:\/\/www.laurent-cuniot.com\/wp-content\/uploads\/2022\/12\/LEnfant-Inoui-1.jpg\" title_text=\"Maison de la Musique de Nanterre et TM+ & Sylvain Maurice 2019-20<br \/>l'Enfant Inou\u00ef inspir\u00e9 d'Olivier Jeffers<br \/>Musique Laurent Cunio<br \/>mise en sc\u00e8ne et livret Sylvain Maurice\" _builder_version=\"4.18.0\" _module_preset=\"default\" global_colors_info=\"{}\"][\/et_pb_image][et_pb_image src=\"https:\/\/www.laurent-cuniot.com\/wp-content\/uploads\/2022\/12\/petales2.jpg\" title_text=\"petales2\" force_fullwidth=\"on\" _builder_version=\"4.18.0\" _module_preset=\"default\" global_colors_info=\"{}\"][\/et_pb_image][et_pb_image src=\"https:\/\/www.laurent-cuniot.com\/wp-content\/uploads\/2022\/12\/IMG_9716.jpg\" title_text=\"IMG_9716\" force_fullwidth=\"on\" _builder_version=\"4.18.0\" _module_preset=\"default\" global_colors_info=\"{}\"][\/et_pb_image][\/et_pb_column][\/et_pb_row][\/et_pb_section]<\/p>","_et_gb_content_width":"","footnotes":""},"class_list":["post-712","page","type-page","status-publish","hentry"],"yoast_head":"<!-- This site is optimized with the Yoast SEO plugin v27.4 - https:\/\/yoast.com\/product\/yoast-seo-wordpress\/ -->\n<title>Works - Laurent Cuniot - Compositeur Chef d&#039;orchestre<\/title>\n<meta name=\"robots\" content=\"index, follow, max-snippet:-1, max-image-preview:large, max-video-preview:-1\" \/>\n<link rel=\"canonical\" href=\"https:\/\/www.laurent-cuniot.com\/en\/works\/\" \/>\n<meta property=\"og:locale\" content=\"en_US\" \/>\n<meta property=\"og:type\" content=\"article\" \/>\n<meta property=\"og:title\" content=\"Works - Laurent Cuniot - Compositeur Chef d&#039;orchestre\" \/>\n<meta property=\"og:description\" content=\"WorksOpera Des p\u00e9tales dans la bouche (2011) op\u00e9ra pour une voix et 15 instrumentsCinq pi\u00e8ces pour Hamlet (1987) pour 7 chanteurs, 7 instrumentistes et dispositif \u00e9lectroacoustique &nbsp; Orchestral Music Just before\u2026(2014) pour 31 musiciensVerr\u00e0 la morte (1997) pour clarinette et orchestreTo C. from C. (1995) pour voix et orchestreLa Lice des nuits (1989) pour grand [&hellip;]\" \/>\n<meta property=\"og:url\" content=\"https:\/\/www.laurent-cuniot.com\/en\/works\/\" \/>\n<meta property=\"og:site_name\" content=\"Laurent Cuniot - Compositeur Chef d&#039;orchestre\" \/>\n<meta property=\"article:modified_time\" content=\"2023-01-07T17:16:53+00:00\" \/>\n<meta name=\"twitter:card\" content=\"summary_large_image\" \/>\n<meta name=\"twitter:label1\" content=\"Est. reading time\" \/>\n\t<meta name=\"twitter:data1\" content=\"3 minutes\" \/>\n<script type=\"application\/ld+json\" class=\"yoast-schema-graph\">{\"@context\":\"https:\\\/\\\/schema.org\",\"@graph\":[{\"@type\":\"WebPage\",\"@id\":\"https:\\\/\\\/www.laurent-cuniot.com\\\/en\\\/works\\\/\",\"url\":\"https:\\\/\\\/www.laurent-cuniot.com\\\/en\\\/works\\\/\",\"name\":\"Works - Laurent Cuniot - Compositeur Chef d&#039;orchestre\",\"isPartOf\":{\"@id\":\"https:\\\/\\\/www.laurent-cuniot.com\\\/en\\\/#website\"},\"datePublished\":\"2022-10-26T13:40:25+00:00\",\"dateModified\":\"2023-01-07T17:16:53+00:00\",\"breadcrumb\":{\"@id\":\"https:\\\/\\\/www.laurent-cuniot.com\\\/en\\\/works\\\/#breadcrumb\"},\"inLanguage\":\"en-US\",\"potentialAction\":[{\"@type\":\"ReadAction\",\"target\":[\"https:\\\/\\\/www.laurent-cuniot.com\\\/en\\\/works\\\/\"]}]},{\"@type\":\"BreadcrumbList\",\"@id\":\"https:\\\/\\\/www.laurent-cuniot.com\\\/en\\\/works\\\/#breadcrumb\",\"itemListElement\":[{\"@type\":\"ListItem\",\"position\":1,\"name\":\"Accueil\",\"item\":\"https:\\\/\\\/www.laurent-cuniot.com\\\/en\\\/\"},{\"@type\":\"ListItem\",\"position\":2,\"name\":\"Works\"}]},{\"@type\":\"WebSite\",\"@id\":\"https:\\\/\\\/www.laurent-cuniot.com\\\/en\\\/#website\",\"url\":\"https:\\\/\\\/www.laurent-cuniot.com\\\/en\\\/\",\"name\":\"Laurent Cuniot - Compositeur Chef d&#039;orchestre\",\"description\":\"\",\"publisher\":{\"@id\":\"https:\\\/\\\/www.laurent-cuniot.com\\\/en\\\/#organization\"},\"potentialAction\":[{\"@type\":\"SearchAction\",\"target\":{\"@type\":\"EntryPoint\",\"urlTemplate\":\"https:\\\/\\\/www.laurent-cuniot.com\\\/en\\\/?s={search_term_string}\"},\"query-input\":{\"@type\":\"PropertyValueSpecification\",\"valueRequired\":true,\"valueName\":\"search_term_string\"}}],\"inLanguage\":\"en-US\"},{\"@type\":\"Organization\",\"@id\":\"https:\\\/\\\/www.laurent-cuniot.com\\\/en\\\/#organization\",\"name\":\"Laurent Cuniot - Compositeur Chef d&#039;orchestre\",\"url\":\"https:\\\/\\\/www.laurent-cuniot.com\\\/en\\\/\",\"logo\":{\"@type\":\"ImageObject\",\"inLanguage\":\"en-US\",\"@id\":\"https:\\\/\\\/www.laurent-cuniot.com\\\/en\\\/#\\\/schema\\\/logo\\\/image\\\/\",\"url\":\"https:\\\/\\\/www.laurent-cuniot.com\\\/wp-content\\\/uploads\\\/2022\\\/12\\\/Home2022-partition.jpg\",\"contentUrl\":\"https:\\\/\\\/www.laurent-cuniot.com\\\/wp-content\\\/uploads\\\/2022\\\/12\\\/Home2022-partition.jpg\",\"width\":1600,\"height\":900,\"caption\":\"Laurent Cuniot - Compositeur Chef d&#039;orchestre\"},\"image\":{\"@id\":\"https:\\\/\\\/www.laurent-cuniot.com\\\/en\\\/#\\\/schema\\\/logo\\\/image\\\/\"},\"sameAs\":[\"https:\\\/\\\/soundcloud.com\\\/laurent-cuniot\"]}]}<\/script>\n<!-- \/ Yoast SEO plugin. -->","yoast_head_json":{"title":"Works - Laurent Cuniot - Compositeur Chef d&#039;orchestre","robots":{"index":"index","follow":"follow","max-snippet":"max-snippet:-1","max-image-preview":"max-image-preview:large","max-video-preview":"max-video-preview:-1"},"canonical":"https:\/\/www.laurent-cuniot.com\/en\/works\/","og_locale":"en_US","og_type":"article","og_title":"Works - Laurent Cuniot - Compositeur Chef d&#039;orchestre","og_description":"WorksOpera Des p\u00e9tales dans la bouche (2011) op\u00e9ra pour une voix et 15 instrumentsCinq pi\u00e8ces pour Hamlet (1987) pour 7 chanteurs, 7 instrumentistes et dispositif \u00e9lectroacoustique &nbsp; Orchestral Music Just before\u2026(2014) pour 31 musiciensVerr\u00e0 la morte (1997) pour clarinette et orchestreTo C. from C. (1995) pour voix et orchestreLa Lice des nuits (1989) pour grand [&hellip;]","og_url":"https:\/\/www.laurent-cuniot.com\/en\/works\/","og_site_name":"Laurent Cuniot - Compositeur Chef d&#039;orchestre","article_modified_time":"2023-01-07T17:16:53+00:00","twitter_card":"summary_large_image","twitter_misc":{"Est. reading time":"3 minutes"},"schema":{"@context":"https:\/\/schema.org","@graph":[{"@type":"WebPage","@id":"https:\/\/www.laurent-cuniot.com\/en\/works\/","url":"https:\/\/www.laurent-cuniot.com\/en\/works\/","name":"Works - Laurent Cuniot - Compositeur Chef d&#039;orchestre","isPartOf":{"@id":"https:\/\/www.laurent-cuniot.com\/en\/#website"},"datePublished":"2022-10-26T13:40:25+00:00","dateModified":"2023-01-07T17:16:53+00:00","breadcrumb":{"@id":"https:\/\/www.laurent-cuniot.com\/en\/works\/#breadcrumb"},"inLanguage":"en-US","potentialAction":[{"@type":"ReadAction","target":["https:\/\/www.laurent-cuniot.com\/en\/works\/"]}]},{"@type":"BreadcrumbList","@id":"https:\/\/www.laurent-cuniot.com\/en\/works\/#breadcrumb","itemListElement":[{"@type":"ListItem","position":1,"name":"Accueil","item":"https:\/\/www.laurent-cuniot.com\/en\/"},{"@type":"ListItem","position":2,"name":"Works"}]},{"@type":"WebSite","@id":"https:\/\/www.laurent-cuniot.com\/en\/#website","url":"https:\/\/www.laurent-cuniot.com\/en\/","name":"Laurent Cuniot - Compositeur Chef d&#039;orchestre","description":"","publisher":{"@id":"https:\/\/www.laurent-cuniot.com\/en\/#organization"},"potentialAction":[{"@type":"SearchAction","target":{"@type":"EntryPoint","urlTemplate":"https:\/\/www.laurent-cuniot.com\/en\/?s={search_term_string}"},"query-input":{"@type":"PropertyValueSpecification","valueRequired":true,"valueName":"search_term_string"}}],"inLanguage":"en-US"},{"@type":"Organization","@id":"https:\/\/www.laurent-cuniot.com\/en\/#organization","name":"Laurent Cuniot - Compositeur Chef d&#039;orchestre","url":"https:\/\/www.laurent-cuniot.com\/en\/","logo":{"@type":"ImageObject","inLanguage":"en-US","@id":"https:\/\/www.laurent-cuniot.com\/en\/#\/schema\/logo\/image\/","url":"https:\/\/www.laurent-cuniot.com\/wp-content\/uploads\/2022\/12\/Home2022-partition.jpg","contentUrl":"https:\/\/www.laurent-cuniot.com\/wp-content\/uploads\/2022\/12\/Home2022-partition.jpg","width":1600,"height":900,"caption":"Laurent Cuniot - Compositeur Chef d&#039;orchestre"},"image":{"@id":"https:\/\/www.laurent-cuniot.com\/en\/#\/schema\/logo\/image\/"},"sameAs":["https:\/\/soundcloud.com\/laurent-cuniot"]}]}},"_links":{"self":[{"href":"https:\/\/www.laurent-cuniot.com\/en\/wp-json\/wp\/v2\/pages\/712","targetHints":{"allow":["GET"]}}],"collection":[{"href":"https:\/\/www.laurent-cuniot.com\/en\/wp-json\/wp\/v2\/pages"}],"about":[{"href":"https:\/\/www.laurent-cuniot.com\/en\/wp-json\/wp\/v2\/types\/page"}],"author":[{"embeddable":true,"href":"https:\/\/www.laurent-cuniot.com\/en\/wp-json\/wp\/v2\/users\/1"}],"replies":[{"embeddable":true,"href":"https:\/\/www.laurent-cuniot.com\/en\/wp-json\/wp\/v2\/comments?post=712"}],"version-history":[{"count":32,"href":"https:\/\/www.laurent-cuniot.com\/en\/wp-json\/wp\/v2\/pages\/712\/revisions"}],"predecessor-version":[{"id":944,"href":"https:\/\/www.laurent-cuniot.com\/en\/wp-json\/wp\/v2\/pages\/712\/revisions\/944"}],"wp:attachment":[{"href":"https:\/\/www.laurent-cuniot.com\/en\/wp-json\/wp\/v2\/media?parent=712"}],"curies":[{"name":"wp","href":"https:\/\/api.w.org\/{rel}","templated":true}]}}