{"id":700,"date":"2022-10-26T15:39:53","date_gmt":"2022-10-26T13:39:53","guid":{"rendered":"https:\/\/www.laurent-cuniot.com\/?page_id=700"},"modified":"2023-01-12T12:00:34","modified_gmt":"2023-01-12T11:00:34","slug":"biographical-landmarks","status":"publish","type":"page","link":"https:\/\/www.laurent-cuniot.com\/en\/biographical-landmarks\/","title":{"rendered":"Biographical landmarks"},"content":{"rendered":"<p>[et_pb_section fb_built=&#8221;1&#8243; _builder_version=&#8221;4.18.0&#8243; _module_preset=&#8221;default&#8221; custom_padding=&#8221;20px||||false|false&#8221; animation_style=&#8221;fade&#8221; global_colors_info=&#8221;{}&#8221;][et_pb_row _builder_version=&#8221;4.18.0&#8243; _module_preset=&#8221;default&#8221; global_colors_info=&#8221;{}&#8221;][et_pb_column type=&#8221;4_4&#8243; _builder_version=&#8221;4.18.0&#8243; _module_preset=&#8221;default&#8221; global_colors_info=&#8221;{}&#8221;][et_pb_text _builder_version=&#8221;4.18.0&#8243; _module_preset=&#8221;default&#8221; global_colors_info=&#8221;{}&#8221;]<\/p>\n<h1>Biographical landmarks<\/h1>\n<p>[\/et_pb_text][\/et_pb_column][\/et_pb_row][et_pb_row column_structure=&#8221;3_5,2_5&#8243; _builder_version=&#8221;4.18.0&#8243; _module_preset=&#8221;default&#8221; custom_padding=&#8221;0px||||false|false&#8221; global_colors_info=&#8221;{}&#8221;][et_pb_column type=&#8221;3_5&#8243; _builder_version=&#8221;4.18.0&#8243; _module_preset=&#8221;default&#8221; global_colors_info=&#8221;{}&#8221;][et_pb_text _builder_version=&#8221;4.18.0&#8243; _module_preset=&#8221;default&#8221; hover_enabled=&#8221;0&#8243; global_colors_info=&#8221;{}&#8221; sticky_enabled=&#8221;0&#8243;]<\/p>\n<p style=\"text-align: justify;\">1957 Born in Reims.<\/p>\n<p style=\"text-align: justify;\">1963 He started his musical and violin studies at the Regional Music Conservatory in Reims<\/p>\n<p style=\"text-align: justify;\">1974 Enrolled in the Conservatoire National Superieur de Musique et de Danse (CNSMD) in Paris as a violin, chamber music, analysis, harmony and electroacoustic composition major<\/p>\n<p style=\"text-align: justify;\">1977 Joined the GRM+ Trio founded by Fran\u00e7ois Bayle, composer and director of the Groupe de Recherche Musicale<\/p>\n<p style=\"text-align: justify;\">1978 Became Assistant Professor in Guy Reibel and Pierre Schaeffer\u2019s class at the CNSMD in Paris<\/p>\n<p style=\"text-align: justify;\">1986 Became the conductor and Artistic Director of the TM+ Ensemble<\/p>\n<p style=\"text-align: justify;\">1987-1992 Concert-lectures Producer at Radio-France<\/p>\n<p style=\"text-align: justify;\">1991 Took over the Tenured Professor post in the Composition and New Technologies class at the Parisian CNSMD<\/p>\n<p style=\"text-align: justify;\">1994 Conducted his first concert with the Orchestre Philahrmonique de Radio-France<\/p>\n<p style=\"text-align: justify;\">1996 The TM+ Ensemble started its residence at the Maison de la Musique in Nanterre<\/p>\n<p style=\"text-align: justify;\">1999-2009 Was a member of the symphonic music artistic committee of SACEM (Music Authors, Composers and Editors Society)<\/p>\n<p style=\"text-align: justify;\">2001 Left his teaching post at the CNSMDP to devote himself to composing, conducting and to the development of the TM+ Ensemble<\/p>\n<p style=\"text-align: justify;\">From 2001 to our days Laurent Cuniot has been leading a deep and constant work of approach to musical creation and diffusion of it throughout Nanterre and Ile de France<\/p>\n<p style=\"text-align: justify;\">2013 Takes up the post as a Composition Tenured Professor at the Regional Music Conservatory in Rueil-Malmaison<\/p>\n<p style=\"text-align: justify;\">2013-17 Music Composition Professor at the Regional Music Conservatory in Rueil-Malmaison<\/p>\n<p style=\"text-align: justify;\">2018 With his piece Conditions de lumi\u00e8res, he inaugurated an intimate Tetralogy composed by L\u2019Ange Double for oboe and orchestra, Une for vibraphone, percussions solos and ensemble, and La nuit D\u00e9pli\u00e9e for full orchestra<\/p>\n<p style=\"text-align: justify;\">2021 Efji, a monographic CD, was released by the Merci pour les sons label<\/p>\n<p>[\/et_pb_text][\/et_pb_column][et_pb_column type=&#8221;2_5&#8243; _builder_version=&#8221;4.18.0&#8243; _module_preset=&#8221;default&#8221; global_colors_info=&#8221;{}&#8221;][et_pb_image src=&#8221;https:\/\/www.laurent-cuniot.com\/wp-content\/uploads\/2022\/12\/banc-diapo-LC.jpg&#8221; title_text=&#8221;banc-diapo-LC&#8221; _builder_version=&#8221;4.18.0&#8243; _module_preset=&#8221;default&#8221; global_colors_info=&#8221;{}&#8221;][\/et_pb_image][et_pb_image src=&#8221;https:\/\/www.laurent-cuniot.com\/wp-content\/uploads\/2022\/10\/Diapo1.jpg&#8221; title_text=&#8221;Diapo1&#8243; _builder_version=&#8221;4.18.0&#8243; _module_preset=&#8221;default&#8221; global_colors_info=&#8221;{}&#8221;][\/et_pb_image][et_pb_image src=&#8221;https:\/\/www.laurent-cuniot.com\/wp-content\/uploads\/2022\/10\/Diapo2.jpg&#8221; title_text=&#8221;Diapo2&#8243; _builder_version=&#8221;4.18.0&#8243; _module_preset=&#8221;default&#8221; global_colors_info=&#8221;{}&#8221;][\/et_pb_image][\/et_pb_column][\/et_pb_row][\/et_pb_section]<\/p>\n","protected":false},"excerpt":{"rendered":"<p>Biographical landmarks1957 Born in Reims. 1963 He started his musical and violin studies at the Regional Music Conservatory in Reims 1974 Enrolled in the Conservatoire National Superieur de Musique et de Danse (CNSMD) in Paris as a violin, chamber music, analysis, harmony and electroacoustic composition major 1977 Joined the GRM+ Trio founded by Fran\u00e7ois Bayle, [&hellip;]<\/p>\n","protected":false},"author":1,"featured_media":0,"parent":0,"menu_order":0,"comment_status":"closed","ping_status":"closed","template":"","meta":{"_et_pb_use_builder":"on","_et_pb_old_content":"<p>[et_pb_section fb_built=\"1\" _builder_version=\"4.18.0\" _module_preset=\"default\" custom_padding=\"20px||||false|false\" animation_style=\"fade\" global_colors_info=\"{}\"][et_pb_row _builder_version=\"4.18.0\" _module_preset=\"default\" global_colors_info=\"{}\"][et_pb_column type=\"4_4\" _builder_version=\"4.18.0\" _module_preset=\"default\" global_colors_info=\"{}\"][et_pb_text _builder_version=\"4.18.0\" _module_preset=\"default\" global_colors_info=\"{}\"]<\/p><h1>En quelques dates<\/h1><p>[\/et_pb_text][\/et_pb_column][\/et_pb_row][et_pb_row column_structure=\"3_5,2_5\" _builder_version=\"4.18.0\" _module_preset=\"default\" custom_padding=\"0px||||false|false\" global_colors_info=\"{}\"][et_pb_column type=\"3_5\" _builder_version=\"4.18.0\" _module_preset=\"default\" global_colors_info=\"{}\"][et_pb_text _builder_version=\"4.18.0\" _module_preset=\"default\" global_colors_info=\"{}\"]<\/p><p>18 mai 1957 Naissance \u00e0 Reims<\/p><p>1963 Premi\u00e8res \u00e9tudes musicales au conservatoire de Reims: violon, musique de chambre, histoire de la musique<\/p><p>1974 Entr\u00e9e au Conservatoire National Sup\u00e9rieur de Musique et de Danse de Paris (CNSMDP) : violon, musique de chambre, analyse, harmonie, composition \u00e9lectroacoustique<\/p><p>1977 Int\u00e8gre le trio GRM+ fond\u00e9 par Fran\u00e7ois Bayle<\/p><p>1978 Professeur-assistant de la classe de Guy Reibel et Pierre Schaeffer au CNSMDP<\/p><p>1986 Prend la direction musicale de l\u2019ensemble TM+<\/p><p>1987-1992 Producteur \u00e0 Radio-France des concerts-lecture<\/p><p>1991 Nomm\u00e9 professeur de la classe de composition et nouvelles technologies du CNSMDP<\/p><p>1994 Dirige son premier concert symphonique avec l\u2019Orchestre Philharmonique de Radio-France<\/p><p>1996 Installe TM+ en r\u00e9sidence \u00e0 Nanterre (Maison de la musique)<\/p><p>1999-2009 Membre de la commission de la musique symphonique de la SACEM<\/p><p>2001 Quitte le CNSMDP pour se consacrer pleinement \u00e0 ses activit\u00e9s de compositeur, de chef d\u2019orchestre et au d\u00e9veloppement de TM+.<\/p><p>2001 \u00e0 aujourd\u2019hui, conduit \u00e0 Nanterre et en Ile-de-France aupr\u00e8s des publics un travail en profondeur de diffusion et de sensibilisation \u00e0 la cr\u00e9ation musicale<\/p><p>2013-2017 Professeur de composition au Conservatoire \u00e0 Rayonnement R\u00e9gional de Rueil-Malmaison<\/p><p>2018 Inaugure avec Conditions de lumi\u00e8re une T\u00e9tralogie intime compos\u00e9e de l\u2019Ange double double pour hautbois et orchestre, Une pour vibraphone, percussions solos et ensemble et La nuit d\u00e9pli\u00e9e pour grand orchestre<\/p><p>2021 Parution du CD monographique Efji sous le label Merci pour les sons<\/p><p>[\/et_pb_text][\/et_pb_column][et_pb_column type=\"2_5\" _builder_version=\"4.18.0\" _module_preset=\"default\" global_colors_info=\"{}\"][et_pb_image src=\"https:\/\/www.laurent-cuniot.com\/wp-content\/uploads\/2022\/12\/banc-diapo-LC.jpg\" title_text=\"banc-diapo-LC\" _builder_version=\"4.18.0\" _module_preset=\"default\" hover_enabled=\"0\" global_colors_info=\"{}\" sticky_enabled=\"0\"][\/et_pb_image][et_pb_image src=\"https:\/\/www.laurent-cuniot.com\/wp-content\/uploads\/2022\/10\/Diapo1.jpg\" title_text=\"Diapo1\" _builder_version=\"4.18.0\" _module_preset=\"default\" global_colors_info=\"{}\"][\/et_pb_image][et_pb_image src=\"https:\/\/www.laurent-cuniot.com\/wp-content\/uploads\/2022\/10\/Diapo2.jpg\" title_text=\"Diapo2\" _builder_version=\"4.18.0\" _module_preset=\"default\" global_colors_info=\"{}\"][\/et_pb_image][\/et_pb_column][\/et_pb_row][\/et_pb_section]<\/p>","_et_gb_content_width":"","footnotes":""},"class_list":["post-700","page","type-page","status-publish","hentry"],"yoast_head":"<!-- This site is optimized with the Yoast SEO plugin v27.4 - https:\/\/yoast.com\/product\/yoast-seo-wordpress\/ -->\n<title>Biographical landmarks - Laurent Cuniot - Compositeur Chef d&#039;orchestre<\/title>\n<meta name=\"robots\" content=\"index, follow, max-snippet:-1, max-image-preview:large, max-video-preview:-1\" \/>\n<link rel=\"canonical\" href=\"https:\/\/www.laurent-cuniot.com\/en\/biographical-landmarks\/\" \/>\n<meta property=\"og:locale\" content=\"en_US\" \/>\n<meta property=\"og:type\" content=\"article\" \/>\n<meta property=\"og:title\" content=\"Biographical landmarks - Laurent Cuniot - Compositeur Chef d&#039;orchestre\" \/>\n<meta property=\"og:description\" content=\"Biographical landmarks1957 Born in Reims. 1963 He started his musical and violin studies at the Regional Music Conservatory in Reims 1974 Enrolled in the Conservatoire National Superieur de Musique et de Danse (CNSMD) in Paris as a violin, chamber music, analysis, harmony and electroacoustic composition major 1977 Joined the GRM+ Trio founded by Fran\u00e7ois Bayle, [&hellip;]\" \/>\n<meta property=\"og:url\" content=\"https:\/\/www.laurent-cuniot.com\/en\/biographical-landmarks\/\" \/>\n<meta property=\"og:site_name\" content=\"Laurent Cuniot - Compositeur Chef d&#039;orchestre\" \/>\n<meta property=\"article:modified_time\" content=\"2023-01-12T11:00:34+00:00\" \/>\n<meta name=\"twitter:card\" content=\"summary_large_image\" \/>\n<meta name=\"twitter:label1\" content=\"Est. reading time\" \/>\n\t<meta name=\"twitter:data1\" content=\"2 minutes\" \/>\n<script type=\"application\/ld+json\" class=\"yoast-schema-graph\">{\"@context\":\"https:\\\/\\\/schema.org\",\"@graph\":[{\"@type\":\"WebPage\",\"@id\":\"https:\\\/\\\/www.laurent-cuniot.com\\\/en\\\/biographical-landmarks\\\/\",\"url\":\"https:\\\/\\\/www.laurent-cuniot.com\\\/en\\\/biographical-landmarks\\\/\",\"name\":\"Biographical landmarks - Laurent Cuniot - Compositeur Chef d&#039;orchestre\",\"isPartOf\":{\"@id\":\"https:\\\/\\\/www.laurent-cuniot.com\\\/en\\\/#website\"},\"datePublished\":\"2022-10-26T13:39:53+00:00\",\"dateModified\":\"2023-01-12T11:00:34+00:00\",\"breadcrumb\":{\"@id\":\"https:\\\/\\\/www.laurent-cuniot.com\\\/en\\\/biographical-landmarks\\\/#breadcrumb\"},\"inLanguage\":\"en-US\",\"potentialAction\":[{\"@type\":\"ReadAction\",\"target\":[\"https:\\\/\\\/www.laurent-cuniot.com\\\/en\\\/biographical-landmarks\\\/\"]}]},{\"@type\":\"BreadcrumbList\",\"@id\":\"https:\\\/\\\/www.laurent-cuniot.com\\\/en\\\/biographical-landmarks\\\/#breadcrumb\",\"itemListElement\":[{\"@type\":\"ListItem\",\"position\":1,\"name\":\"Accueil\",\"item\":\"https:\\\/\\\/www.laurent-cuniot.com\\\/en\\\/\"},{\"@type\":\"ListItem\",\"position\":2,\"name\":\"Biographical landmarks\"}]},{\"@type\":\"WebSite\",\"@id\":\"https:\\\/\\\/www.laurent-cuniot.com\\\/en\\\/#website\",\"url\":\"https:\\\/\\\/www.laurent-cuniot.com\\\/en\\\/\",\"name\":\"Laurent Cuniot - Compositeur Chef d&#039;orchestre\",\"description\":\"\",\"publisher\":{\"@id\":\"https:\\\/\\\/www.laurent-cuniot.com\\\/en\\\/#organization\"},\"potentialAction\":[{\"@type\":\"SearchAction\",\"target\":{\"@type\":\"EntryPoint\",\"urlTemplate\":\"https:\\\/\\\/www.laurent-cuniot.com\\\/en\\\/?s={search_term_string}\"},\"query-input\":{\"@type\":\"PropertyValueSpecification\",\"valueRequired\":true,\"valueName\":\"search_term_string\"}}],\"inLanguage\":\"en-US\"},{\"@type\":\"Organization\",\"@id\":\"https:\\\/\\\/www.laurent-cuniot.com\\\/en\\\/#organization\",\"name\":\"Laurent Cuniot - Compositeur Chef d&#039;orchestre\",\"url\":\"https:\\\/\\\/www.laurent-cuniot.com\\\/en\\\/\",\"logo\":{\"@type\":\"ImageObject\",\"inLanguage\":\"en-US\",\"@id\":\"https:\\\/\\\/www.laurent-cuniot.com\\\/en\\\/#\\\/schema\\\/logo\\\/image\\\/\",\"url\":\"https:\\\/\\\/www.laurent-cuniot.com\\\/wp-content\\\/uploads\\\/2022\\\/12\\\/Home2022-partition.jpg\",\"contentUrl\":\"https:\\\/\\\/www.laurent-cuniot.com\\\/wp-content\\\/uploads\\\/2022\\\/12\\\/Home2022-partition.jpg\",\"width\":1600,\"height\":900,\"caption\":\"Laurent Cuniot - Compositeur Chef d&#039;orchestre\"},\"image\":{\"@id\":\"https:\\\/\\\/www.laurent-cuniot.com\\\/en\\\/#\\\/schema\\\/logo\\\/image\\\/\"},\"sameAs\":[\"https:\\\/\\\/soundcloud.com\\\/laurent-cuniot\"]}]}<\/script>\n<!-- \/ Yoast SEO plugin. -->","yoast_head_json":{"title":"Biographical landmarks - Laurent Cuniot - Compositeur Chef d&#039;orchestre","robots":{"index":"index","follow":"follow","max-snippet":"max-snippet:-1","max-image-preview":"max-image-preview:large","max-video-preview":"max-video-preview:-1"},"canonical":"https:\/\/www.laurent-cuniot.com\/en\/biographical-landmarks\/","og_locale":"en_US","og_type":"article","og_title":"Biographical landmarks - Laurent Cuniot - Compositeur Chef d&#039;orchestre","og_description":"Biographical landmarks1957 Born in Reims. 1963 He started his musical and violin studies at the Regional Music Conservatory in Reims 1974 Enrolled in the Conservatoire National Superieur de Musique et de Danse (CNSMD) in Paris as a violin, chamber music, analysis, harmony and electroacoustic composition major 1977 Joined the GRM+ Trio founded by Fran\u00e7ois Bayle, [&hellip;]","og_url":"https:\/\/www.laurent-cuniot.com\/en\/biographical-landmarks\/","og_site_name":"Laurent Cuniot - Compositeur Chef d&#039;orchestre","article_modified_time":"2023-01-12T11:00:34+00:00","twitter_card":"summary_large_image","twitter_misc":{"Est. reading time":"2 minutes"},"schema":{"@context":"https:\/\/schema.org","@graph":[{"@type":"WebPage","@id":"https:\/\/www.laurent-cuniot.com\/en\/biographical-landmarks\/","url":"https:\/\/www.laurent-cuniot.com\/en\/biographical-landmarks\/","name":"Biographical landmarks - Laurent Cuniot - Compositeur Chef d&#039;orchestre","isPartOf":{"@id":"https:\/\/www.laurent-cuniot.com\/en\/#website"},"datePublished":"2022-10-26T13:39:53+00:00","dateModified":"2023-01-12T11:00:34+00:00","breadcrumb":{"@id":"https:\/\/www.laurent-cuniot.com\/en\/biographical-landmarks\/#breadcrumb"},"inLanguage":"en-US","potentialAction":[{"@type":"ReadAction","target":["https:\/\/www.laurent-cuniot.com\/en\/biographical-landmarks\/"]}]},{"@type":"BreadcrumbList","@id":"https:\/\/www.laurent-cuniot.com\/en\/biographical-landmarks\/#breadcrumb","itemListElement":[{"@type":"ListItem","position":1,"name":"Accueil","item":"https:\/\/www.laurent-cuniot.com\/en\/"},{"@type":"ListItem","position":2,"name":"Biographical landmarks"}]},{"@type":"WebSite","@id":"https:\/\/www.laurent-cuniot.com\/en\/#website","url":"https:\/\/www.laurent-cuniot.com\/en\/","name":"Laurent Cuniot - Compositeur Chef d&#039;orchestre","description":"","publisher":{"@id":"https:\/\/www.laurent-cuniot.com\/en\/#organization"},"potentialAction":[{"@type":"SearchAction","target":{"@type":"EntryPoint","urlTemplate":"https:\/\/www.laurent-cuniot.com\/en\/?s={search_term_string}"},"query-input":{"@type":"PropertyValueSpecification","valueRequired":true,"valueName":"search_term_string"}}],"inLanguage":"en-US"},{"@type":"Organization","@id":"https:\/\/www.laurent-cuniot.com\/en\/#organization","name":"Laurent Cuniot - Compositeur Chef d&#039;orchestre","url":"https:\/\/www.laurent-cuniot.com\/en\/","logo":{"@type":"ImageObject","inLanguage":"en-US","@id":"https:\/\/www.laurent-cuniot.com\/en\/#\/schema\/logo\/image\/","url":"https:\/\/www.laurent-cuniot.com\/wp-content\/uploads\/2022\/12\/Home2022-partition.jpg","contentUrl":"https:\/\/www.laurent-cuniot.com\/wp-content\/uploads\/2022\/12\/Home2022-partition.jpg","width":1600,"height":900,"caption":"Laurent Cuniot - Compositeur Chef d&#039;orchestre"},"image":{"@id":"https:\/\/www.laurent-cuniot.com\/en\/#\/schema\/logo\/image\/"},"sameAs":["https:\/\/soundcloud.com\/laurent-cuniot"]}]}},"_links":{"self":[{"href":"https:\/\/www.laurent-cuniot.com\/en\/wp-json\/wp\/v2\/pages\/700","targetHints":{"allow":["GET"]}}],"collection":[{"href":"https:\/\/www.laurent-cuniot.com\/en\/wp-json\/wp\/v2\/pages"}],"about":[{"href":"https:\/\/www.laurent-cuniot.com\/en\/wp-json\/wp\/v2\/types\/page"}],"author":[{"embeddable":true,"href":"https:\/\/www.laurent-cuniot.com\/en\/wp-json\/wp\/v2\/users\/1"}],"replies":[{"embeddable":true,"href":"https:\/\/www.laurent-cuniot.com\/en\/wp-json\/wp\/v2\/comments?post=700"}],"version-history":[{"count":4,"href":"https:\/\/www.laurent-cuniot.com\/en\/wp-json\/wp\/v2\/pages\/700\/revisions"}],"predecessor-version":[{"id":1101,"href":"https:\/\/www.laurent-cuniot.com\/en\/wp-json\/wp\/v2\/pages\/700\/revisions\/1101"}],"wp:attachment":[{"href":"https:\/\/www.laurent-cuniot.com\/en\/wp-json\/wp\/v2\/media?parent=700"}],"curies":[{"name":"wp","href":"https:\/\/api.w.org\/{rel}","templated":true}]}}